{"id":7227,"date":"2026-01-25T21:37:55","date_gmt":"2026-01-25T20:37:55","guid":{"rendered":"https:\/\/parapharmacieenligne.ma\/?post_type=product&#038;p=7227"},"modified":"2026-01-25T21:38:34","modified_gmt":"2026-01-25T20:38:34","slug":"filorga-oxygen-glow-creme-50ml","status":"publish","type":"product","link":"https:\/\/parapharmacieenligne.ma\/en\/product\/filorga-oxygen-glow-creme-50ml\/","title":{"rendered":"FILORGA Oxygen Glow Creme 50ml"},"content":{"rendered":"<div aria-labelledby=\"tab-title-description\" class=\"woocommerce-Tabs-panel woocommerce-Tabs-panel--description panel entry-content wc-tab\" id=\"tab-description\" role=\"tabpanel\" style=\"\">\n<h2>Description<\/h2>\n<p>OXYGEN-GLOW, une cr\u00e8me de jour perfectrice qui corrige la peau en temps r\u00e9el et booste l\u2019\u00e9clat instantan\u00e9ment et durablement pour une belle peau au naturel.<\/p>\n<div class=\"more\">\n<div class=\"\">\/ Objectif peau z\u00e9ro d\u00e9fautD\u00e9velopp\u00e9 par FILORGA, le complexe Skin Boosting Factors r\u00e9unit un booster d\u2019oxyg\u00e9nation \u00e9nergisant, de l\u2019acide hyaluronique repulpant et lissant et de la L-enzyme d\u00e9toxifiante* pour r\u00e9v\u00e9ler une peau z\u00e9ro d\u00e9faut jour apr\u00e8s jour.Le + : Une action unifiante renforc\u00e9e gr\u00e2ce \u00e0 un peptide color-control**.\/ \u00c9clat imm\u00e9diat visible \u00e0 l\u2019oeil nuUne texture hydrailluminatrice int\u00e9grant la technologie Photoperfector HD pour un effet peau sublim\u00e9e instantan\u00e9.<br \/>\n Texture cr\u00e8me non com\u00e9dog\u00e8ne<\/div>\n<\/p><\/div>\n<\/p><\/div>","protected":false},"excerpt":{"rendered":"<p>Highlights:OXYGEN-GLOW, une cr\u00e8me de jour perfectrice qui corrige la peau en temps r\u00e9el et booste l\u2019\u00e9clat instantan\u00e9ment et durablement pour une belle peau au naturel.<\/p>","protected":false},"featured_media":7259,"comment_status":"open","ping_status":"closed","template":"","meta":[],"product_cat":[83],"product_tag":[],"yith_product_brand":[116],"class_list":{"0":"post-7227","1":"product","2":"type-product","3":"status-publish","4":"has-post-thumbnail","6":"product_cat-soins-visage","7":"yith_product_brand-filorga","9":"first","10":"instock","11":"sale","12":"shipping-taxable","13":"purchasable","14":"product-type-simple"},"_links":{"self":[{"href":"https:\/\/parapharmacieenligne.ma\/en\/wp-json\/wp\/v2\/product\/7227","targetHints":{"allow":["GET"]}}],"collection":[{"href":"https:\/\/parapharmacieenligne.ma\/en\/wp-json\/wp\/v2\/product"}],"about":[{"href":"https:\/\/parapharmacieenligne.ma\/en\/wp-json\/wp\/v2\/types\/product"}],"replies":[{"embeddable":true,"href":"https:\/\/parapharmacieenligne.ma\/en\/wp-json\/wp\/v2\/comments?post=7227"}],"version-history":[{"count":1,"href":"https:\/\/parapharmacieenligne.ma\/en\/wp-json\/wp\/v2\/product\/7227\/revisions"}],"predecessor-version":[{"id":7260,"href":"https:\/\/parapharmacieenligne.ma\/en\/wp-json\/wp\/v2\/product\/7227\/revisions\/7260"}],"wp:featuredmedia":[{"embeddable":true,"href":"https:\/\/parapharmacieenligne.ma\/en\/wp-json\/wp\/v2\/media\/7259"}],"wp:attachment":[{"href":"https:\/\/parapharmacieenligne.ma\/en\/wp-json\/wp\/v2\/media?parent=7227"}],"wp:term":[{"taxonomy":"product_cat","embeddable":true,"href":"https:\/\/parapharmacieenligne.ma\/en\/wp-json\/wp\/v2\/product_cat?post=7227"},{"taxonomy":"product_tag","embeddable":true,"href":"https:\/\/parapharmacieenligne.ma\/en\/wp-json\/wp\/v2\/product_tag?post=7227"},{"taxonomy":"yith_product_brand","embeddable":true,"href":"https:\/\/parapharmacieenligne.ma\/en\/wp-json\/wp\/v2\/yith_product_brand?post=7227"}],"curies":[{"name":"wp","href":"https:\/\/api.w.org\/{rel}","templated":true}]}}