{"id":7230,"date":"2026-01-25T21:37:56","date_gmt":"2026-01-25T20:37:56","guid":{"rendered":"https:\/\/parapharmacieenligne.ma\/?post_type=product&#038;p=7230"},"modified":"2026-01-25T21:38:45","modified_gmt":"2026-01-25T20:38:45","slug":"filorga-lift-designer-seum-anti-age-ultra-liftant-raffermissant-50ml","status":"publish","type":"product","link":"https:\/\/parapharmacieenligne.ma\/en\/product\/filorga-lift-designer-seum-anti-age-ultra-liftant-raffermissant-50ml\/","title":{"rendered":"FILORGA LIFT-DESIGNER \u2013 S\u00e9um anti-\u00e2ge ultra-liftant raffermissant 50ml"},"content":{"rendered":"<div aria-labelledby=\"tab-title-description\" class=\"woocommerce-Tabs-panel woocommerce-Tabs-panel--description panel entry-content wc-tab\" id=\"tab-description\" role=\"tabpanel\" style=\"\">\n<h2>Description<\/h2>\n<p>\u2022 LIFT-DESIGNER est un s\u00e9rum anti-\u00e2ge liftant con\u00e7u pour lisser les traits, retendre la peau et red\u00e9finir les volumes du visage.<\/p>\n<p>\u2022 Formul\u00e9 \u00e0 base d\u2019actifs issus des proc\u00e9dures esth\u00e9tiques, il s\u2019appuie sur un complexe au collag\u00e8ne et \u00e0 l\u2019acide hyaluronique pour retendre visiblement les traits, repulper la peau et remodeler les volumes. Simultan\u00e9ment, un duo d\u2019actifs v\u00e9g\u00e9taux [arabinoxylane + microalgue encapsul\u00e9e] exerce un double effet tenseur, imm\u00e9diat et sur le long terme, pour une peau plus lisse et visiblement retendue.<\/p>\n<p>\u2022 R\u00e9sultats visibles d\u00e8s 7 jours : la peau est plus ferme pour 76% des femmes, les traits liss\u00e9s pour 82% d\u2019entre elles et la peau plus lisse pour 85%*.<\/p>\n<p>\u2022 Id\u00e9al pour tous les types de peaux, ce s\u00e9rum tenseur liftant imm\u00e9diat poss\u00e8de une texture fluide \u00e0 effet stretch.<\/p>\n<p>\u2022 Le s\u00e9rum liftant FILORGA LIFT-DESIGNER s\u2019applique sur l\u2019ensemble du visage, matin et soir.<\/p>\n<p>\u2022 Test\u00e9 sous contr\u00f4le dermatologique.<\/p>\n<p>* Auto-\u00e9valuation \u2013 33 sujets \u2013 apr\u00e8s 7 jours d\u2019application du s\u00e9rum LIFT-DESIGNER.<\/p>\n<\/p><\/div>\n","protected":false},"excerpt":{"rendered":"<p>Highlights:Le s\u00e9rum anti-\u00e2ge ultra-liftant pour une peau plus tonique, plus ferme et un visage redessin\u00e9.<\/p>","protected":false},"featured_media":7265,"comment_status":"open","ping_status":"closed","template":"","meta":[],"product_cat":[83],"product_tag":[],"yith_product_brand":[116],"class_list":{"0":"post-7230","1":"product","2":"type-product","3":"status-publish","4":"has-post-thumbnail","6":"product_cat-soins-visage","7":"yith_product_brand-filorga","9":"first","10":"instock","11":"sale","12":"shipping-taxable","13":"purchasable","14":"product-type-simple"},"_links":{"self":[{"href":"https:\/\/parapharmacieenligne.ma\/en\/wp-json\/wp\/v2\/product\/7230","targetHints":{"allow":["GET"]}}],"collection":[{"href":"https:\/\/parapharmacieenligne.ma\/en\/wp-json\/wp\/v2\/product"}],"about":[{"href":"https:\/\/parapharmacieenligne.ma\/en\/wp-json\/wp\/v2\/types\/product"}],"replies":[{"embeddable":true,"href":"https:\/\/parapharmacieenligne.ma\/en\/wp-json\/wp\/v2\/comments?post=7230"}],"version-history":[{"count":1,"href":"https:\/\/parapharmacieenligne.ma\/en\/wp-json\/wp\/v2\/product\/7230\/revisions"}],"predecessor-version":[{"id":7266,"href":"https:\/\/parapharmacieenligne.ma\/en\/wp-json\/wp\/v2\/product\/7230\/revisions\/7266"}],"wp:featuredmedia":[{"embeddable":true,"href":"https:\/\/parapharmacieenligne.ma\/en\/wp-json\/wp\/v2\/media\/7265"}],"wp:attachment":[{"href":"https:\/\/parapharmacieenligne.ma\/en\/wp-json\/wp\/v2\/media?parent=7230"}],"wp:term":[{"taxonomy":"product_cat","embeddable":true,"href":"https:\/\/parapharmacieenligne.ma\/en\/wp-json\/wp\/v2\/product_cat?post=7230"},{"taxonomy":"product_tag","embeddable":true,"href":"https:\/\/parapharmacieenligne.ma\/en\/wp-json\/wp\/v2\/product_tag?post=7230"},{"taxonomy":"yith_product_brand","embeddable":true,"href":"https:\/\/parapharmacieenligne.ma\/en\/wp-json\/wp\/v2\/yith_product_brand?post=7230"}],"curies":[{"name":"wp","href":"https:\/\/api.w.org\/{rel}","templated":true}]}}