{"id":7231,"date":"2026-01-25T21:37:56","date_gmt":"2026-01-25T20:37:56","guid":{"rendered":"https:\/\/parapharmacieenligne.ma\/?post_type=product&#038;p=7231"},"modified":"2026-01-25T21:38:51","modified_gmt":"2026-01-25T20:38:51","slug":"filorga-optim-eyes-soin-contour-des-yeux-defatigant-cernes-poches-ridules-15ml","status":"publish","type":"product","link":"https:\/\/parapharmacieenligne.ma\/en\/product\/filorga-optim-eyes-soin-contour-des-yeux-defatigant-cernes-poches-ridules-15ml\/","title":{"rendered":"FILORGA OPTIM-EYES \u2013 Soin contour des yeux d\u00e9fatigant cernes, poches, ridules 15ml"},"content":{"rendered":"<div aria-labelledby=\"tab-title-description\" class=\"woocommerce-Tabs-panel woocommerce-Tabs-panel--description panel entry-content wc-tab\" id=\"tab-description\" role=\"tabpanel\" style=\"\">\n<h2>Description<\/h2>\n<p>\u2022 OPTIM-EYES est une cr\u00e8me contour des yeux 3-en-1 d\u00e9fatigante visant \u00e0 r\u00e9duire l\u2019apparence des cernes, des poches et des ridules.<\/p>\n<p>\u2022 Sa formule cibl\u00e9e sur la zone du regard allie une action correctrice intensive sur les cernes color\u00e9s, le volume des poches et les rides, et une action d\u00e9fatigante renforc\u00e9e pour combattre les effets du manque de sommeil et aider \u00e0 retrouver un regard frais.<\/p>\n<p>\u2022 Les r\u00e9sultats sont visibles d\u00e8s 3 jours: les cernes sont moins marqu\u00e9s pour 83% des femmes, les poches r\u00e9duites et les ridules liss\u00e9es pour 76% d\u2019entre elles. 100% des femmes estiment avoir gagn\u00e9 au moins 1 h de sommeil sur leur regard !*.<\/p>\n<p>\u2022 Id\u00e9al pour tous types de peaux, le soin contour des yeux FILORGA OPTIM-EYES poss\u00e8de une texture hydratante fra\u00eeche et fondante \u2013 il peut \u00eatre plac\u00e9 au r\u00e9frig\u00e9rateur pour optimiser son efficacit\u00e9.<\/p>\n<p>\u2022 Appliquer OPTIM-EYES matin et soir en tapotant l\u00e9g\u00e8rement le contour de l\u2019\u0153il.<\/p>\n<p>\u2022 Formul\u00e9 avec 96% d\u2019ingr\u00e9dients d\u2019origine naturelle. Test\u00e9 sous contr\u00f4le dermatologique.<\/p>\n<p>* Auto-\u00e9valuation \u2013 30 sujets \u2013 apr\u00e8s 3 jours d\u2019application biquotidienne d\u2019OPTIM-EYES.<\/p>\n<\/p><\/div>","protected":false},"excerpt":{"rendered":"<p>Highlights:Le soin contour des yeux hydratant triple action pour r\u00e9duire en un seul geste cernes, poches et rides.<\/p>","protected":false},"featured_media":7267,"comment_status":"open","ping_status":"closed","template":"","meta":[],"product_cat":[83],"product_tag":[],"yith_product_brand":[116],"class_list":{"0":"post-7231","1":"product","2":"type-product","3":"status-publish","4":"has-post-thumbnail","6":"product_cat-soins-visage","7":"yith_product_brand-filorga","9":"first","10":"instock","11":"sale","12":"shipping-taxable","13":"purchasable","14":"product-type-simple"},"_links":{"self":[{"href":"https:\/\/parapharmacieenligne.ma\/en\/wp-json\/wp\/v2\/product\/7231","targetHints":{"allow":["GET"]}}],"collection":[{"href":"https:\/\/parapharmacieenligne.ma\/en\/wp-json\/wp\/v2\/product"}],"about":[{"href":"https:\/\/parapharmacieenligne.ma\/en\/wp-json\/wp\/v2\/types\/product"}],"replies":[{"embeddable":true,"href":"https:\/\/parapharmacieenligne.ma\/en\/wp-json\/wp\/v2\/comments?post=7231"}],"version-history":[{"count":1,"href":"https:\/\/parapharmacieenligne.ma\/en\/wp-json\/wp\/v2\/product\/7231\/revisions"}],"predecessor-version":[{"id":7268,"href":"https:\/\/parapharmacieenligne.ma\/en\/wp-json\/wp\/v2\/product\/7231\/revisions\/7268"}],"wp:featuredmedia":[{"embeddable":true,"href":"https:\/\/parapharmacieenligne.ma\/en\/wp-json\/wp\/v2\/media\/7267"}],"wp:attachment":[{"href":"https:\/\/parapharmacieenligne.ma\/en\/wp-json\/wp\/v2\/media?parent=7231"}],"wp:term":[{"taxonomy":"product_cat","embeddable":true,"href":"https:\/\/parapharmacieenligne.ma\/en\/wp-json\/wp\/v2\/product_cat?post=7231"},{"taxonomy":"product_tag","embeddable":true,"href":"https:\/\/parapharmacieenligne.ma\/en\/wp-json\/wp\/v2\/product_tag?post=7231"},{"taxonomy":"yith_product_brand","embeddable":true,"href":"https:\/\/parapharmacieenligne.ma\/en\/wp-json\/wp\/v2\/yith_product_brand?post=7231"}],"curies":[{"name":"wp","href":"https:\/\/api.w.org\/{rel}","templated":true}]}}