{"id":7236,"date":"2026-01-25T21:37:58","date_gmt":"2026-01-25T20:37:58","guid":{"rendered":"https:\/\/parapharmacieenligne.ma\/?post_type=product&#038;p=7236"},"modified":"2026-01-25T21:39:04","modified_gmt":"2026-01-25T20:39:04","slug":"filorga-mousse-demaquillante-demaquillant-mousse-a-lacide-hyaluronique-150ml","status":"publish","type":"product","link":"https:\/\/parapharmacieenligne.ma\/en\/product\/filorga-mousse-demaquillante-demaquillant-mousse-a-lacide-hyaluronique-150ml\/","title":{"rendered":"FILORGA MOUSSE DEMAQUILLANTE \u2013 D\u00e9maquillant mousse \u00e0 l\u2019acide hyaluronique 150ml"},"content":{"rendered":"<div aria-labelledby=\"tab-title-description\" class=\"woocommerce-Tabs-panel woocommerce-Tabs-panel--description panel entry-content wc-tab\" id=\"tab-description\" role=\"tabpanel\" style=\"\">\n<h2>Description<\/h2>\n<p>\u2022 La MOUSSE DEMAQUILLANTE FILORGA est une mousse a\u00e9rienne qui nettoie, d\u00e9maquille et hydrate tous les types de peaux.<\/p>\n<p>\u2022 Riche en acide hyaluronique pour une peau plus lisse et bien hydrat\u00e9e, elle laisse le visage parfaitement propre, pr\u00eat \u00e0 recevoir les soins quotidiens.<\/p>\n<p>\u2022 Id\u00e9al pour tous les types de peaux, ce d\u00e9maquillant mousse poss\u00e8de une texture ultra-l\u00e9g\u00e8re enveloppante.<\/p>\n<p>\u2022 Le nettoyant visage \u00e0 l\u2019acide hyaluronique FILORGA s\u2019utilise matin et soir et s\u2019associe avec chaque soin. Appliquer dans le creux de la main et masser doucement sur peau humide. Rincer imm\u00e9diatement et abondamment \u00e0 l\u2019eau claire.<\/p>\n<p>\u2022 Test\u00e9 sous contr\u00f4le dermatologique.<\/p>\n<\/p><\/div>","protected":false},"excerpt":{"rendered":"<p>Highlights:La mousse d\u00e9maquillante visage qui nettoie, d\u00e9maquille et hydrate.<\/p>","protected":false},"featured_media":7277,"comment_status":"open","ping_status":"closed","template":"","meta":[],"product_cat":[83],"product_tag":[],"yith_product_brand":[116],"class_list":{"0":"post-7236","1":"product","2":"type-product","3":"status-publish","4":"has-post-thumbnail","6":"product_cat-soins-visage","7":"yith_product_brand-filorga","9":"first","10":"instock","11":"sale","12":"shipping-taxable","13":"purchasable","14":"product-type-simple"},"_links":{"self":[{"href":"https:\/\/parapharmacieenligne.ma\/en\/wp-json\/wp\/v2\/product\/7236","targetHints":{"allow":["GET"]}}],"collection":[{"href":"https:\/\/parapharmacieenligne.ma\/en\/wp-json\/wp\/v2\/product"}],"about":[{"href":"https:\/\/parapharmacieenligne.ma\/en\/wp-json\/wp\/v2\/types\/product"}],"replies":[{"embeddable":true,"href":"https:\/\/parapharmacieenligne.ma\/en\/wp-json\/wp\/v2\/comments?post=7236"}],"version-history":[{"count":1,"href":"https:\/\/parapharmacieenligne.ma\/en\/wp-json\/wp\/v2\/product\/7236\/revisions"}],"predecessor-version":[{"id":7278,"href":"https:\/\/parapharmacieenligne.ma\/en\/wp-json\/wp\/v2\/product\/7236\/revisions\/7278"}],"wp:featuredmedia":[{"embeddable":true,"href":"https:\/\/parapharmacieenligne.ma\/en\/wp-json\/wp\/v2\/media\/7277"}],"wp:attachment":[{"href":"https:\/\/parapharmacieenligne.ma\/en\/wp-json\/wp\/v2\/media?parent=7236"}],"wp:term":[{"taxonomy":"product_cat","embeddable":true,"href":"https:\/\/parapharmacieenligne.ma\/en\/wp-json\/wp\/v2\/product_cat?post=7236"},{"taxonomy":"product_tag","embeddable":true,"href":"https:\/\/parapharmacieenligne.ma\/en\/wp-json\/wp\/v2\/product_tag?post=7236"},{"taxonomy":"yith_product_brand","embeddable":true,"href":"https:\/\/parapharmacieenligne.ma\/en\/wp-json\/wp\/v2\/yith_product_brand?post=7236"}],"curies":[{"name":"wp","href":"https:\/\/api.w.org\/{rel}","templated":true}]}}