{"id":7237,"date":"2026-01-25T21:37:58","date_gmt":"2026-01-25T20:37:58","guid":{"rendered":"https:\/\/parapharmacieenligne.ma\/?post_type=product&#038;p=7237"},"modified":"2026-01-25T21:39:08","modified_gmt":"2026-01-25T20:39:08","slug":"filorga-ncef-shot-concentre-polyrevitalisant-supreme-15ml","status":"publish","type":"product","link":"https:\/\/parapharmacieenligne.ma\/en\/product\/filorga-ncef-shot-concentre-polyrevitalisant-supreme-15ml\/","title":{"rendered":"Filorga NCEF-ShoT Concentr\u00e9 Polyrevitalisant Supr\u00eame 15ml"},"content":{"rendered":"<div aria-labelledby=\"tab-title-description\" class=\"woocommerce-Tabs-panel woocommerce-Tabs-panel--description panel entry-content wc-tab\" id=\"tab-description\" role=\"tabpanel\" style=\"\">\n<h2>Description<\/h2>\n<p>Le secret de ce soin visage anti-rides ? Une formule ultraconcentr\u00e9e en NCEF, un complexe polyrevitalisant unique mis au point par les Laboratoires FILORGA dont 50 ingr\u00e9dients sont int\u00e9gr\u00e9s pour la premi\u00e8re fois \u00e0 une dose \u00e9quivalente \u00e0 celle d\u2019une m\u00e9so-injection par jour(1).<\/p>\n<p>\/ Activation cellulaire [correction rides + fermet\u00e9 + \u00e9clat]<\/p>\n<p>Un puissant complexe issu des biotechnologies active de nouvelles cellules pour une correction boost\u00e9e des signes du vieillissement. Id\u00e9al lors des changements de saisons, des p\u00e9riodes de stress ou de fatigue.<\/p>\n<p><strong>Conseils d\u2019utilisation :<\/strong><\/p>\n<p>Appliquer matin et soir pendant 10 jours sur l\u2019ensemble du visage, du cou et du d\u00e9collet\u00e9, sous le s\u00e9rum ou sous le soin. A l\u2019aide de la pipette, pr\u00e9lever le produit jusqu\u2019au trait. Chauffer le produit dans le creux des mains puis appliquer en lissage. Bien agiter avant utilisation.<\/p>\n<p>NCEF-SHOT peut \u00eatre utilis\u00e9 toute l\u2019ann\u00e9e, \u00e9t\u00e9 inclus. Sa formule ne pr\u00e9sente aucune substance connue pour \u00eatre photosensibilisante. Nous vous recommandons d\u2019utiliser une protection UV (UV-DEFENCE, UV-BRONZE) pour compl\u00e9ter votre routine soin, notamment pendant cette p\u00e9riode estivale.<\/p>\n<\/p><\/div>\n","protected":false},"excerpt":{"rendered":"<p>Highlights:D\u00e9couvrez NCEF-SHOT, le produit soin visage concentr\u00e9 anti-\u00e2ge et anti-rides r\u00e9duit visiblement les rides pour une peau ferme et \u00e9clatante. Une dose quotidienne d\u2019actifs \u00e9quivalente \u00e0 1 m\u00e9so-injection (1) concentr\u00e9e dans une cure r\u00e9g\u00e9n\u00e9rante intensive pour am\u00e9liorer la qualit\u00e9 de peau et booster la correction des signes du vieillissement en 10 jours.<\/p>","protected":false},"featured_media":7279,"comment_status":"open","ping_status":"closed","template":"","meta":[],"product_cat":[83],"product_tag":[],"yith_product_brand":[116],"class_list":{"0":"post-7237","1":"product","2":"type-product","3":"status-publish","4":"has-post-thumbnail","6":"product_cat-soins-visage","7":"yith_product_brand-filorga","9":"first","10":"instock","11":"sale","12":"shipping-taxable","13":"purchasable","14":"product-type-simple"},"_links":{"self":[{"href":"https:\/\/parapharmacieenligne.ma\/en\/wp-json\/wp\/v2\/product\/7237","targetHints":{"allow":["GET"]}}],"collection":[{"href":"https:\/\/parapharmacieenligne.ma\/en\/wp-json\/wp\/v2\/product"}],"about":[{"href":"https:\/\/parapharmacieenligne.ma\/en\/wp-json\/wp\/v2\/types\/product"}],"replies":[{"embeddable":true,"href":"https:\/\/parapharmacieenligne.ma\/en\/wp-json\/wp\/v2\/comments?post=7237"}],"version-history":[{"count":1,"href":"https:\/\/parapharmacieenligne.ma\/en\/wp-json\/wp\/v2\/product\/7237\/revisions"}],"predecessor-version":[{"id":7280,"href":"https:\/\/parapharmacieenligne.ma\/en\/wp-json\/wp\/v2\/product\/7237\/revisions\/7280"}],"wp:featuredmedia":[{"embeddable":true,"href":"https:\/\/parapharmacieenligne.ma\/en\/wp-json\/wp\/v2\/media\/7279"}],"wp:attachment":[{"href":"https:\/\/parapharmacieenligne.ma\/en\/wp-json\/wp\/v2\/media?parent=7237"}],"wp:term":[{"taxonomy":"product_cat","embeddable":true,"href":"https:\/\/parapharmacieenligne.ma\/en\/wp-json\/wp\/v2\/product_cat?post=7237"},{"taxonomy":"product_tag","embeddable":true,"href":"https:\/\/parapharmacieenligne.ma\/en\/wp-json\/wp\/v2\/product_tag?post=7237"},{"taxonomy":"yith_product_brand","embeddable":true,"href":"https:\/\/parapharmacieenligne.ma\/en\/wp-json\/wp\/v2\/yith_product_brand?post=7237"}],"curies":[{"name":"wp","href":"https:\/\/api.w.org\/{rel}","templated":true}]}}