{"id":7241,"date":"2026-01-25T21:37:59","date_gmt":"2026-01-25T20:37:59","guid":{"rendered":"https:\/\/parapharmacieenligne.ma\/?post_type=product&#038;p=7241"},"modified":"2026-01-25T21:39:29","modified_gmt":"2026-01-25T20:39:29","slug":"filorga-time-filler-eyes-5xp-15ml","status":"publish","type":"product","link":"https:\/\/parapharmacieenligne.ma\/en\/product\/filorga-time-filler-eyes-5xp-15ml\/","title":{"rendered":"Filorga Time Filler Eyes 5xp 15ml"},"content":{"rendered":"<div aria-labelledby=\"tab-title-description\" class=\"woocommerce-Tabs-panel woocommerce-Tabs-panel--description panel entry-content wc-tab\" id=\"tab-description\" role=\"tabpanel\" style=\"\">\n<h2>Description<\/h2>\n<p><b>TIME-FILLER EYES 5XP, un soin contour des yeux anti-\u00e2ge multi-correction qui cible simultan\u00e9ment 5 zones du regard : rides de la patte d\u2019oie, rides du dessous de l\u2019\u0153il, rides du lion, plis des paupi\u00e8res et cernes. <\/b><\/p>\n<div class=\"more\">\n<div class=\"\">\n<p>Inspir\u00e9 des techniques de m\u00e9decine esth\u00e9tique, le soin contour des yeux TIME-FILLER EYES 5XP corrige tous les types de rides de la zone regard, ainsi que les cernes. Dans le m\u00eame temps, TIME-FILLER EYES 5XP d\u00e9ploie une action raffermissante sur la paupi\u00e8re sup\u00e9rieure, et une action anti cernes.<\/p>\n<\/p>\n<p>\/ <strong>Rides<\/strong><\/p>\n<p>Gr\u00e2ce \u00e0 son cocktail d\u2019actifs haute pr\u00e9cision [peptides relaxants + cellules souches v\u00e9g\u00e9tales + NCEF], il s\u2019emploie \u00e0 d\u00e9crisper les traits pour r\u00e9duire les rides du lion sans figer les expressions , exercer une action lissante sur les rides de la patte d\u2019oie sans irriter la peau, capter l\u2019eau et repulper la peau intens\u00e9ment pour lisser les rides du dessous de l\u2019\u0153il.<\/p>\n<\/p>\n<p>\/ <strong>Paupi\u00e8res <\/strong><\/p>\n<p>TIME-FILLER EYES 5XP d\u00e9ploie une action raffermissante sur la paupi\u00e8re sup\u00e9rieure gr\u00e2ce \u00e0 des cellules souches d\u2019orchid\u00e9es inspir\u00e9es des injections de facteurs de croissance. L\u2019objectif est de stimuler la production de collag\u00e8ne et d\u2019\u00e9lastine afin de raffermir la paupi\u00e8re sup\u00e9rieure et lisser le pli caus\u00e9 par son affaissement.<\/p>\n<\/p>\n<p>\/ <strong>Cernes<\/strong><\/p>\n<p>Traitement avec un extrait d\u2019arbre \u00e0 soie inspir\u00e9 de la carboxyth\u00e9rapie, une technique visant \u00e0 am\u00e9liorer la microcircuation, pour r\u00e9duire les cernes du contour de l\u2019\u0153il.<\/p>\n<\/p>\n<p>Pour une efficacit\u00e9 anti-rides visage et yeux d\u00e8s 7 jours, appliquez quotidiennement notre duo expert lissant TIME-FILLER EYES 5XP + TIME-FILLER 5XP CREME*<\/p>\n<\/p>\n<p>Formul\u00e9 avec 94,7% d\u2019ingr\u00e9dients d\u2019origine naturelle. Test\u00e9 sous contr\u00f4le dermatologique. Efficacit\u00e9 cliniquement prouv\u00e9e.<\/p>\n<\/p><\/div>\n<\/p><\/div>\n<\/p><\/div>\n","protected":false},"excerpt":{"rendered":"<p>Highlights:Cr\u00e8me contour des yeux anti rides anti cernes<\/p>","protected":false},"featured_media":7287,"comment_status":"open","ping_status":"closed","template":"","meta":[],"product_cat":[83],"product_tag":[],"yith_product_brand":[116],"class_list":{"0":"post-7241","1":"product","2":"type-product","3":"status-publish","4":"has-post-thumbnail","6":"product_cat-soins-visage","7":"yith_product_brand-filorga","9":"first","10":"instock","11":"sale","12":"shipping-taxable","13":"purchasable","14":"product-type-simple"},"_links":{"self":[{"href":"https:\/\/parapharmacieenligne.ma\/en\/wp-json\/wp\/v2\/product\/7241","targetHints":{"allow":["GET"]}}],"collection":[{"href":"https:\/\/parapharmacieenligne.ma\/en\/wp-json\/wp\/v2\/product"}],"about":[{"href":"https:\/\/parapharmacieenligne.ma\/en\/wp-json\/wp\/v2\/types\/product"}],"replies":[{"embeddable":true,"href":"https:\/\/parapharmacieenligne.ma\/en\/wp-json\/wp\/v2\/comments?post=7241"}],"version-history":[{"count":1,"href":"https:\/\/parapharmacieenligne.ma\/en\/wp-json\/wp\/v2\/product\/7241\/revisions"}],"predecessor-version":[{"id":7288,"href":"https:\/\/parapharmacieenligne.ma\/en\/wp-json\/wp\/v2\/product\/7241\/revisions\/7288"}],"wp:featuredmedia":[{"embeddable":true,"href":"https:\/\/parapharmacieenligne.ma\/en\/wp-json\/wp\/v2\/media\/7287"}],"wp:attachment":[{"href":"https:\/\/parapharmacieenligne.ma\/en\/wp-json\/wp\/v2\/media?parent=7241"}],"wp:term":[{"taxonomy":"product_cat","embeddable":true,"href":"https:\/\/parapharmacieenligne.ma\/en\/wp-json\/wp\/v2\/product_cat?post=7241"},{"taxonomy":"product_tag","embeddable":true,"href":"https:\/\/parapharmacieenligne.ma\/en\/wp-json\/wp\/v2\/product_tag?post=7241"},{"taxonomy":"yith_product_brand","embeddable":true,"href":"https:\/\/parapharmacieenligne.ma\/en\/wp-json\/wp\/v2\/yith_product_brand?post=7241"}],"curies":[{"name":"wp","href":"https:\/\/api.w.org\/{rel}","templated":true}]}}