{"id":7242,"date":"2026-01-25T21:37:59","date_gmt":"2026-01-25T20:37:59","guid":{"rendered":"https:\/\/parapharmacieenligne.ma\/?post_type=product&#038;p=7242"},"modified":"2026-01-25T21:39:32","modified_gmt":"2026-01-25T20:39:32","slug":"filorga-oxygen-glow-cc-cream-spf30-40ml","status":"publish","type":"product","link":"https:\/\/parapharmacieenligne.ma\/en\/product\/filorga-oxygen-glow-cc-cream-spf30-40ml\/","title":{"rendered":"Filorga Oxygen-glow CC cream spf30 40ml"},"content":{"rendered":"<div aria-labelledby=\"tab-title-description\" class=\"woocommerce-Tabs-panel woocommerce-Tabs-panel--description panel entry-content wc-tab\" id=\"tab-description\" role=\"tabpanel\" style=\"\">\n<h2>Description<\/h2>\n<p>[OXYGEN-GLOW CC Cream] c\u2019est une formule unique, inspir\u00e9e de la carboxyth\u00e9rapie utilis\u00e9e en m\u00e9decine esth\u00e9tique, qui dope le glow naturel de la peau. A chaque application, les actifs de pointe des laboratoires Filorga boostent l\u2019oxyg\u00e9nation et l\u2019\u00e9clat de la peau. Des pigments micro-encapsul\u00e9s unifient le teint quelle que soit la carnation. Une dose de radiance quotidienne en tube !<\/p>\n<\/p>\n<p><strong>\/ Objectif peau z\u00e9ro d\u00e9faut<\/strong><\/p>\n<p>Au c\u0153ur d\u2019[OXYGEN-GLOW CC Cream], le complexe [super-skin boosting factors] d\u00e9velopp\u00e9 par la recherche Filorga. Il combine un extrait de capucine oxgy\u00e9nant, de l\u2019acide hyaluronique lissant, et la Life-enzyme d\u00e9toxifiante.<\/p>\n<\/p>\n<p><strong>\/ Action bonne mine naturelle imm\u00e9diate <\/strong><\/p>\n<p>[OXYGEN-GLOW CC Cream] contient des [Micro-pigments Encapsul\u00e9s]. Gr\u00e2ce \u00e0 cette technologie innovante, sa teinte universelle matche avec toutes les carnations.<\/p>\n<\/p>\n<p><strong>\/ Action triple bouclier quotidien<\/strong><\/p>\n<p>La formule d\u2019[OXYGEN-GLOW CC Cream] assure une protection [UV + Lumi\u00e8re bleue + pollution] pour pr\u00e9server la peau des effets n\u00e9fastes du soleil et des pollutions environnementales et num\u00e9riques. SPF 30-PA++<\/p>\n<\/p><\/div>\n","protected":false},"excerpt":{"rendered":"<p>Highlights:OXYGEN-GLOW, La premi\u00e8re CC cr\u00e8me hybride qui booste l\u2019oxyg\u00e9nation de la peau, sublime le teint et offre une protection urbaine quotidienne.<\/p>","protected":false},"featured_media":7289,"comment_status":"open","ping_status":"closed","template":"","meta":[],"product_cat":[83],"product_tag":[],"yith_product_brand":[116],"class_list":{"0":"post-7242","1":"product","2":"type-product","3":"status-publish","4":"has-post-thumbnail","6":"product_cat-soins-visage","7":"yith_product_brand-filorga","9":"first","10":"instock","11":"sale","12":"shipping-taxable","13":"purchasable","14":"product-type-simple"},"_links":{"self":[{"href":"https:\/\/parapharmacieenligne.ma\/en\/wp-json\/wp\/v2\/product\/7242","targetHints":{"allow":["GET"]}}],"collection":[{"href":"https:\/\/parapharmacieenligne.ma\/en\/wp-json\/wp\/v2\/product"}],"about":[{"href":"https:\/\/parapharmacieenligne.ma\/en\/wp-json\/wp\/v2\/types\/product"}],"replies":[{"embeddable":true,"href":"https:\/\/parapharmacieenligne.ma\/en\/wp-json\/wp\/v2\/comments?post=7242"}],"version-history":[{"count":1,"href":"https:\/\/parapharmacieenligne.ma\/en\/wp-json\/wp\/v2\/product\/7242\/revisions"}],"predecessor-version":[{"id":7290,"href":"https:\/\/parapharmacieenligne.ma\/en\/wp-json\/wp\/v2\/product\/7242\/revisions\/7290"}],"wp:featuredmedia":[{"embeddable":true,"href":"https:\/\/parapharmacieenligne.ma\/en\/wp-json\/wp\/v2\/media\/7289"}],"wp:attachment":[{"href":"https:\/\/parapharmacieenligne.ma\/en\/wp-json\/wp\/v2\/media?parent=7242"}],"wp:term":[{"taxonomy":"product_cat","embeddable":true,"href":"https:\/\/parapharmacieenligne.ma\/en\/wp-json\/wp\/v2\/product_cat?post=7242"},{"taxonomy":"product_tag","embeddable":true,"href":"https:\/\/parapharmacieenligne.ma\/en\/wp-json\/wp\/v2\/product_tag?post=7242"},{"taxonomy":"yith_product_brand","embeddable":true,"href":"https:\/\/parapharmacieenligne.ma\/en\/wp-json\/wp\/v2\/yith_product_brand?post=7242"}],"curies":[{"name":"wp","href":"https:\/\/api.w.org\/{rel}","templated":true}]}}