{"id":7299,"date":"2026-01-25T21:41:46","date_gmt":"2026-01-25T20:41:46","guid":{"rendered":"https:\/\/parapharmacieenligne.ma\/?post_type=product&#038;p=7299"},"modified":"2026-04-07T17:26:38","modified_gmt":"2026-04-07T15:26:38","slug":"acm-depiwhite-activegel-gel-unifiant-anti-taches-40ml","status":"publish","type":"product","link":"https:\/\/parapharmacieenligne.ma\/en\/product\/acm-depiwhite-activegel-gel-unifiant-anti-taches-40ml\/","title":{"rendered":"ACM Depiwhite Activegel Gel Unifiant Anti-taches 40ml"},"content":{"rendered":"<div aria-labelledby=\"tab-title-description\" class=\"woocommerce-Tabs-panel woocommerce-Tabs-panel--description panel entry-content wc-tab\" id=\"tab-description\" role=\"tabpanel\" style=\"\">\n<h2>Description<\/h2>\n<div class=\"product-description\" id=\"product-description-short-156\">\n<p>Ce gel d\u00e9pigmentant a sp\u00e9cialement \u00e9t\u00e9 con\u00e7u pour att\u00e9nuer ou \u00e9liminer les taches pigmentaires des peaux mixtes \u00e0 grasses.<\/p>\n<p>Ce gel d\u00e9pigmentant a sp\u00e9cialement \u00e9t\u00e9 con\u00e7u pour att\u00e9nuer ou \u00e9liminer les taches pigmentaires des peaux mixtes \u00e0 grasses.<\/p>\n<p>Gr\u00e2ce \u00e0 son complexe Lumi-OX, association d\u2019actifs d\u00e9pigmentant et anti-oxydants qui limite la production de m\u00e9lanine et acc\u00e9l\u00e8re le processus naturel de d\u00e9gradation de la m\u00e9lanine, D\u00e9piwhite ActiveGel favorise la disparition des taches et pr\u00e9vient l\u2019apparition de nouvelles taches tout en prot\u00e9geant la peau des radicaux libres. Le teint est unifi\u00e9 et plus lumineux. Avec sa texture l\u00e9g\u00e8re et fondante, il p\u00e9n\u00e8tre rapidement et laisse la peau douce, plus \u00e9clatante et sans brillance pour r\u00e9pondre au besoin des peaux mixtes \u00e0 grasses.<\/p>\n<p><strong>Composants :<\/strong><\/p>\n<p>Complexe Lumi-OX pour une action d\u00e9pigmentante \u00e9pidermique et en profondeur<\/p>\n<p>Aqua (Water), Alcohol Denat., Propanediol, Polymethyl Methacrylate, Niacinamide, Caprylic\/Capric Glycerides, Polyacrylate Crosspolymer-6, Hexylresorcinol, Hydroxyethyl Acrylate\/Sodium Acryloyldimethyl Taurate Copolymer, Ascorbyl Methylsilanol Pectinate, Ascorbyl Glucoside, Glycerin, Lactic Acid, Magnesium Sulfate, Manganese Sulfate, 1,2-Hexanediol, Pentylene Glycol, Ethyl Linoleate, Methylpropanediol, Disodium EDTA, Polysorbate 60, Sorbitan Isostearate, Hexamidine Diisethionate, T-Butyl Alcohol, CI 19140 (Yellow 5)<\/p>\n<p><strong>Conseils d\u2019utilisation :<\/strong><\/p>\n<p>1 fois par jour sur les zones concern\u00e9es<br \/>\n Favorise la disparition des taches pigmentaires et unifie le teint<\/p>\n<\/p><\/div>\n<div class=\"product-description-baseline\"><\/div>\n<\/p><\/div>","protected":false},"excerpt":{"rendered":"<p>Highlights:Gel unifiant anti-tachesId\u00e9al pour :Peaux mixtes \u00e0 grasses sujettes aux taches pigmentaires<\/p>","protected":false},"featured_media":7332,"comment_status":"open","ping_status":"closed","template":"","meta":[],"product_cat":[208,83],"product_tag":[],"yith_product_brand":[117],"class_list":{"0":"post-7299","1":"product","2":"type-product","3":"status-publish","4":"has-post-thumbnail","6":"product_cat-anti-taches","7":"product_cat-soins-visage","8":"yith_product_brand-acm","10":"first","11":"instock","12":"sale","13":"shipping-taxable","14":"purchasable","15":"product-type-simple"},"_links":{"self":[{"href":"https:\/\/parapharmacieenligne.ma\/en\/wp-json\/wp\/v2\/product\/7299","targetHints":{"allow":["GET"]}}],"collection":[{"href":"https:\/\/parapharmacieenligne.ma\/en\/wp-json\/wp\/v2\/product"}],"about":[{"href":"https:\/\/parapharmacieenligne.ma\/en\/wp-json\/wp\/v2\/types\/product"}],"replies":[{"embeddable":true,"href":"https:\/\/parapharmacieenligne.ma\/en\/wp-json\/wp\/v2\/comments?post=7299"}],"version-history":[{"count":1,"href":"https:\/\/parapharmacieenligne.ma\/en\/wp-json\/wp\/v2\/product\/7299\/revisions"}],"predecessor-version":[{"id":7333,"href":"https:\/\/parapharmacieenligne.ma\/en\/wp-json\/wp\/v2\/product\/7299\/revisions\/7333"}],"wp:featuredmedia":[{"embeddable":true,"href":"https:\/\/parapharmacieenligne.ma\/en\/wp-json\/wp\/v2\/media\/7332"}],"wp:attachment":[{"href":"https:\/\/parapharmacieenligne.ma\/en\/wp-json\/wp\/v2\/media?parent=7299"}],"wp:term":[{"taxonomy":"product_cat","embeddable":true,"href":"https:\/\/parapharmacieenligne.ma\/en\/wp-json\/wp\/v2\/product_cat?post=7299"},{"taxonomy":"product_tag","embeddable":true,"href":"https:\/\/parapharmacieenligne.ma\/en\/wp-json\/wp\/v2\/product_tag?post=7299"},{"taxonomy":"yith_product_brand","embeddable":true,"href":"https:\/\/parapharmacieenligne.ma\/en\/wp-json\/wp\/v2\/yith_product_brand?post=7299"}],"curies":[{"name":"wp","href":"https:\/\/api.w.org\/{rel}","templated":true}]}}