{"id":7300,"date":"2026-01-25T21:41:46","date_gmt":"2026-01-25T20:41:46","guid":{"rendered":"https:\/\/parapharmacieenligne.ma\/?post_type=product&#038;p=7300"},"modified":"2026-01-25T21:42:07","modified_gmt":"2026-01-25T20:42:07","slug":"acm-duolys-hyal-serum-anti-age","status":"publish","type":"product","link":"https:\/\/parapharmacieenligne.ma\/en\/product\/acm-duolys-hyal-serum-anti-age\/","title":{"rendered":"ACM Duolys Hyal Serum Anti-Age"},"content":{"rendered":"<div aria-labelledby=\"tab-title-description\" class=\"woocommerce-Tabs-panel woocommerce-Tabs-panel--description panel entry-content wc-tab\" id=\"tab-description\" role=\"tabpanel\" style=\"\">\n<h2>Description<\/h2>\n<p>Gr\u00e2ce \u00e0 une association tr\u00e8s compl\u00e8te d\u2019actifs puissants, ce s\u00e9rum lutte contre diff\u00e9rents signes du vieillissement et prot\u00e8ge des radicaux libres. Pour les 40 ans et plus.<\/p>\n<p>Sa formule double et compartiment\u00e9e, permet \u00e0 Duolys HYAL de lutter simultan\u00e9ment contre tous les signes du vieillissement en insistant sur la fermet\u00e9 et l\u2019hydratation. La vitamine C pure dos\u00e9e \u00e0 5 % associ\u00e9e \u00e0 la vitamine E et \u00e0 l\u2019acide hyaluronique permet de bloquer les radicaux libres, de renforcer la production de collag\u00e8ne, d\u2019hydrater et de r\u00e9veiller l\u2019\u00e9clat du teint. Pour conserver sa stabilit\u00e9, la vitamine C est isol\u00e9e dans un compartiment qui la prot\u00e8ge. Chaque actif d\u00e9livre toute la puissance de son action anti-\u00e2ge sur le visage, le cou et le d\u00e9collet\u00e9, tout en respectant les peaux les plus fragiles.<\/p>\n<\/p><\/div>","protected":false},"excerpt":{"rendered":"<p>Highlights:Gr\u00e2ce \u00e0 une association tr\u00e8s compl\u00e8te d\u2019actifs puissants, ce s\u00e9rum lutte contre diff\u00e9rents signes du vieillissement et prot\u00e8ge des radicaux libres. Pour les 40 ans et plus.<\/p>","protected":false},"featured_media":7334,"comment_status":"open","ping_status":"closed","template":"","meta":[],"product_cat":[83],"product_tag":[],"yith_product_brand":[117],"class_list":{"0":"post-7300","1":"product","2":"type-product","3":"status-publish","4":"has-post-thumbnail","6":"product_cat-soins-visage","7":"yith_product_brand-acm","9":"first","10":"instock","11":"sale","12":"shipping-taxable","13":"purchasable","14":"product-type-simple"},"_links":{"self":[{"href":"https:\/\/parapharmacieenligne.ma\/en\/wp-json\/wp\/v2\/product\/7300","targetHints":{"allow":["GET"]}}],"collection":[{"href":"https:\/\/parapharmacieenligne.ma\/en\/wp-json\/wp\/v2\/product"}],"about":[{"href":"https:\/\/parapharmacieenligne.ma\/en\/wp-json\/wp\/v2\/types\/product"}],"replies":[{"embeddable":true,"href":"https:\/\/parapharmacieenligne.ma\/en\/wp-json\/wp\/v2\/comments?post=7300"}],"version-history":[{"count":1,"href":"https:\/\/parapharmacieenligne.ma\/en\/wp-json\/wp\/v2\/product\/7300\/revisions"}],"predecessor-version":[{"id":7335,"href":"https:\/\/parapharmacieenligne.ma\/en\/wp-json\/wp\/v2\/product\/7300\/revisions\/7335"}],"wp:featuredmedia":[{"embeddable":true,"href":"https:\/\/parapharmacieenligne.ma\/en\/wp-json\/wp\/v2\/media\/7334"}],"wp:attachment":[{"href":"https:\/\/parapharmacieenligne.ma\/en\/wp-json\/wp\/v2\/media?parent=7300"}],"wp:term":[{"taxonomy":"product_cat","embeddable":true,"href":"https:\/\/parapharmacieenligne.ma\/en\/wp-json\/wp\/v2\/product_cat?post=7300"},{"taxonomy":"product_tag","embeddable":true,"href":"https:\/\/parapharmacieenligne.ma\/en\/wp-json\/wp\/v2\/product_tag?post=7300"},{"taxonomy":"yith_product_brand","embeddable":true,"href":"https:\/\/parapharmacieenligne.ma\/en\/wp-json\/wp\/v2\/yith_product_brand?post=7300"}],"curies":[{"name":"wp","href":"https:\/\/api.w.org\/{rel}","templated":true}]}}