{"id":7302,"date":"2026-01-25T21:41:46","date_gmt":"2026-01-25T20:41:46","guid":{"rendered":"https:\/\/parapharmacieenligne.ma\/?post_type=product&#038;p=7302"},"modified":"2026-04-07T16:57:36","modified_gmt":"2026-04-07T14:57:36","slug":"acm-azeane-creme-acide-azelaique-15-30ml","status":"publish","type":"product","link":"https:\/\/parapharmacieenligne.ma\/en\/product\/acm-azeane-creme-acide-azelaique-15-30ml\/","title":{"rendered":"ACM AZ\u00c9ANE CR\u00c8ME Acide Az\u00e9laique 15% 30ml"},"content":{"rendered":"<div aria-labelledby=\"tab-title-description\" class=\"woocommerce-Tabs-panel woocommerce-Tabs-panel--description panel entry-content wc-tab\" id=\"tab-description\" role=\"tabpanel\" style=\"\">\n<h2>Description<\/h2>\n<blockquote>\n<div class=\"product-description\" id=\"product-description-short-199\"><\/div>\n<\/blockquote>\n<div class=\"product-description-customfield\">\n<div class=\"\">La cr\u00e8me \u00e0 l\u2019acide az\u00e9la\u00efque Az\u00e9ane ravive l\u2019\u00e9clat du teint et estompe les taches, les imperfections cutan\u00e9es et les rougeurs pour une am\u00e9lioration g\u00e9n\u00e9rale de la peau per\u00e7ue d\u00e8s 7 jours(1,2).Formule multi-actions 4-en-1 : hyperpigmentations, teint terne, imperfections, rougeursId\u00e9al pour : \u00ab Tous les types de peau. Hyperpigmentations, teint terne, imperfections et d\u00e9fauts cutan\u00e9s, rougeurs \u00bb<br \/>\n Texture : Cr\u00e8me<br \/>\n Quand ? : Matin et\/ou Soir<br \/>\n Estompe les taches brunes, unifie le teint, att\u00e9nue les imperfections, diminue les rougeurs<\/div>\n<\/p><\/div>\n<div><\/div>\n<div><strong>Conseils d\u2019utilisation :<\/strong><\/div>\n<div>Appliquez Az\u00e9ane matin et\/ou soir sur l\u2019ensemble du visage parfaitement nettoy\u00e9, ainsi que sur les zones du d\u00e9collet\u00e9 et des mains concern\u00e9es par les marques r\u00e9siduelles d\u2019imperfections et les taches. Utilisez la cr\u00e8me \u00e0 l\u2019acide az\u00e9la\u00efque pendant minimum 4 \u00e0 8 semaines afin d\u2019obtenir des r\u00e9sultats optimaux sur la qualit\u00e9 de la peau.<\/div>\n<div class=\"product-description-customfield\">\n<div class=\"\"><\/div>\n<\/p><\/div>\n<blockquote>\n<div class=\"product-description-customfield\">\n<div class=\"\">\n<\/p><\/div>\n<\/p><\/div>\n<\/blockquote><\/div>","protected":false},"excerpt":{"rendered":"<p>Highlights:Tous les types de peau. Hyperpigmentations, teint terne, imperfections et d\u00e9fauts cutan\u00e9s, rougeurs<\/p>","protected":false},"featured_media":7338,"comment_status":"open","ping_status":"closed","template":"","meta":[],"product_cat":[208,83],"product_tag":[],"yith_product_brand":[117],"class_list":{"0":"post-7302","1":"product","2":"type-product","3":"status-publish","4":"has-post-thumbnail","6":"product_cat-anti-taches","7":"product_cat-soins-visage","8":"yith_product_brand-acm","10":"first","11":"instock","12":"sale","13":"shipping-taxable","14":"purchasable","15":"product-type-simple"},"_links":{"self":[{"href":"https:\/\/parapharmacieenligne.ma\/en\/wp-json\/wp\/v2\/product\/7302","targetHints":{"allow":["GET"]}}],"collection":[{"href":"https:\/\/parapharmacieenligne.ma\/en\/wp-json\/wp\/v2\/product"}],"about":[{"href":"https:\/\/parapharmacieenligne.ma\/en\/wp-json\/wp\/v2\/types\/product"}],"replies":[{"embeddable":true,"href":"https:\/\/parapharmacieenligne.ma\/en\/wp-json\/wp\/v2\/comments?post=7302"}],"version-history":[{"count":1,"href":"https:\/\/parapharmacieenligne.ma\/en\/wp-json\/wp\/v2\/product\/7302\/revisions"}],"predecessor-version":[{"id":7339,"href":"https:\/\/parapharmacieenligne.ma\/en\/wp-json\/wp\/v2\/product\/7302\/revisions\/7339"}],"wp:featuredmedia":[{"embeddable":true,"href":"https:\/\/parapharmacieenligne.ma\/en\/wp-json\/wp\/v2\/media\/7338"}],"wp:attachment":[{"href":"https:\/\/parapharmacieenligne.ma\/en\/wp-json\/wp\/v2\/media?parent=7302"}],"wp:term":[{"taxonomy":"product_cat","embeddable":true,"href":"https:\/\/parapharmacieenligne.ma\/en\/wp-json\/wp\/v2\/product_cat?post=7302"},{"taxonomy":"product_tag","embeddable":true,"href":"https:\/\/parapharmacieenligne.ma\/en\/wp-json\/wp\/v2\/product_tag?post=7302"},{"taxonomy":"yith_product_brand","embeddable":true,"href":"https:\/\/parapharmacieenligne.ma\/en\/wp-json\/wp\/v2\/yith_product_brand?post=7302"}],"curies":[{"name":"wp","href":"https:\/\/api.w.org\/{rel}","templated":true}]}}