{"id":7314,"date":"2026-01-25T21:41:50","date_gmt":"2026-01-25T20:41:50","guid":{"rendered":"https:\/\/parapharmacieenligne.ma\/?post_type=product&#038;p=7314"},"modified":"2026-01-25T21:42:59","modified_gmt":"2026-01-25T20:42:59","slug":"acm-novophane-anti-chute-180-gelules","status":"publish","type":"product","link":"https:\/\/parapharmacieenligne.ma\/en\/product\/acm-novophane-anti-chute-180-gelules\/","title":{"rendered":"ACM Novophane Anti-Chute 180 Gelules"},"content":{"rendered":"<div aria-labelledby=\"tab-title-description\" class=\"woocommerce-Tabs-panel woocommerce-Tabs-panel--description panel entry-content wc-tab\" id=\"tab-description\" role=\"tabpanel\" style=\"\">\n<h2>Description<\/h2>\n<p>Agissant \u00e0 la fois sur la beaut\u00e9 des ongles et des cheveux, ce compl\u00e9ment alimentaire leur redonne force et vigueur.<\/p>\n<p>Chute de cheveux passag\u00e8re ou saisonni\u00e8re, alt\u00e9ration de la qualit\u00e9 des cheveux, ongles fragiles, mous, d\u00e9doubl\u00e9s, cassants, Novophane g\u00e9lules formule renforc\u00e9e contient une formule tr\u00e8s compl\u00e8te avec des acides amin\u00e9s, vitamines, min\u00e9raux et silicium v\u00e9g\u00e9tal pour maintenir les cheveux et les ongles en bonne sant\u00e9 et les rendre plus r\u00e9sistants.<\/p>\n<p>La Biotine et le Zinc contribuent au maintien d\u2019une belle chevelure. Le Zinc contribue au maintien de beaux ongles. La vitamine B6 contribue \u00e0 la synth\u00e8se normale de la cyst\u00e9ine. Le Cuivre contribue \u00e0 la pigmentation normale des cheveux.<\/p>\n<div class=\"product-description-baseline\">\n<p>Pour des cheveux et ongles forts, denses ainsi que pleins de vitalit\u00e9<\/p>\n<\/p><\/div>\n<div class=\"product-description-customfield\">\n<div class=\"\">\n<p class=\"me-1\"><strong>Id\u00e9al pour :<\/strong><span style=\"font-size: 1rem;\">Cheveux et ongles<\/span><\/p>\n<\/p><\/div>\n<div class=\"\">\n<p class=\"me-1\"><strong>Texture :<\/strong><span style=\"font-size: 1rem;\">G\u00e9lules<\/span><\/p>\n<\/p><\/div>\n<div class=\"\">\n<p class=\"me-1\"><strong>Quand ? :<\/strong>2 g\u00e9lules\/jour au cours d\u2019un repas pendant 3 mois<\/p>\n<\/p><\/div>\n<div class=\"\">\n<p><strong>Redonne force et vigueur aux cheveux et aux ongles<\/strong><\/p>\n<\/p><\/div>\n<\/p><\/div>\n<\/p><\/div>","protected":false},"excerpt":{"rendered":"<p>Highlights:Le compl\u00e9ment alimentaire cheveux Novophane permet de fortifier la fibre capillaire tout en solidifiant les ongles. Riche en Biotine (\u00e9galement appel\u00e9e vitamine B8) et en Zinc qui contribuent au maintien d\u2019une belle chevelure. Le Zinc contribue aussi au maintien de beaux ongles.<\/p>","protected":false},"featured_media":7379,"comment_status":"open","ping_status":"closed","template":"","meta":[],"product_cat":[92],"product_tag":[],"yith_product_brand":[117],"class_list":{"0":"post-7314","1":"product","2":"type-product","3":"status-publish","4":"has-post-thumbnail","6":"product_cat-complements-alimentaires","7":"yith_product_brand-acm","9":"first","10":"instock","11":"sale","12":"shipping-taxable","13":"purchasable","14":"product-type-simple"},"_links":{"self":[{"href":"https:\/\/parapharmacieenligne.ma\/en\/wp-json\/wp\/v2\/product\/7314","targetHints":{"allow":["GET"]}}],"collection":[{"href":"https:\/\/parapharmacieenligne.ma\/en\/wp-json\/wp\/v2\/product"}],"about":[{"href":"https:\/\/parapharmacieenligne.ma\/en\/wp-json\/wp\/v2\/types\/product"}],"replies":[{"embeddable":true,"href":"https:\/\/parapharmacieenligne.ma\/en\/wp-json\/wp\/v2\/comments?post=7314"}],"version-history":[{"count":1,"href":"https:\/\/parapharmacieenligne.ma\/en\/wp-json\/wp\/v2\/product\/7314\/revisions"}],"predecessor-version":[{"id":7380,"href":"https:\/\/parapharmacieenligne.ma\/en\/wp-json\/wp\/v2\/product\/7314\/revisions\/7380"}],"wp:featuredmedia":[{"embeddable":true,"href":"https:\/\/parapharmacieenligne.ma\/en\/wp-json\/wp\/v2\/media\/7379"}],"wp:attachment":[{"href":"https:\/\/parapharmacieenligne.ma\/en\/wp-json\/wp\/v2\/media?parent=7314"}],"wp:term":[{"taxonomy":"product_cat","embeddable":true,"href":"https:\/\/parapharmacieenligne.ma\/en\/wp-json\/wp\/v2\/product_cat?post=7314"},{"taxonomy":"product_tag","embeddable":true,"href":"https:\/\/parapharmacieenligne.ma\/en\/wp-json\/wp\/v2\/product_tag?post=7314"},{"taxonomy":"yith_product_brand","embeddable":true,"href":"https:\/\/parapharmacieenligne.ma\/en\/wp-json\/wp\/v2\/yith_product_brand?post=7314"}],"curies":[{"name":"wp","href":"https:\/\/api.w.org\/{rel}","templated":true}]}}