{"id":7325,"date":"2026-01-25T21:41:56","date_gmt":"2026-01-25T20:41:56","guid":{"rendered":"https:\/\/parapharmacieenligne.ma\/?post_type=product&#038;p=7325"},"modified":"2026-01-25T21:43:41","modified_gmt":"2026-01-25T20:43:41","slug":"acm-duolys-ce-serum-serum-intensif-anti-oxydant","status":"publish","type":"product","link":"https:\/\/parapharmacieenligne.ma\/en\/product\/acm-duolys-ce-serum-serum-intensif-anti-oxydant\/","title":{"rendered":"ACM DUOLYS CE S\u00e9rum S\u00c9RUM INTENSIF ANTI-OXYDANT"},"content":{"rendered":"<div aria-labelledby=\"tab-title-description\" class=\"woocommerce-Tabs-panel woocommerce-Tabs-panel--description panel entry-content wc-tab\" id=\"tab-description\" role=\"tabpanel\" style=\"\">\n<h2>Description<\/h2>\n<p>Sa formule double et compartiment\u00e9e, permet \u00e0 Duolys CE de lutter simultan\u00e9ment contre tous les signes du vieillissement : rides et ridules, perte de fermet\u00e9, taches brunes et manque d\u2019\u00e9clat. La vitamine C pure dos\u00e9e \u00e0 15 % permet de bloquer les radicaux libres, de renforcer la production de collag\u00e8ne et de r\u00e9veiller l\u2019\u00e9clat du teint. Pour conserver sa stabilit\u00e9, la vitamine C est isol\u00e9e dans un compartiment qui la prot\u00e8ge. Chaque actif d\u00e9livre ainsi toute la puissance de son action anti-\u00e2ge sur le visage, le cou et le d\u00e9collet\u00e9, tout en respectant les peaux les plus fragiles.<\/p>\n<p>Le teint est unifi\u00e9, lumineux, les rides s\u2019estompent, le visage est sublim\u00e9.<\/p>\n<\/p><\/div>","protected":false},"excerpt":{"rendered":"<p>Highlights:Hydrate la peau en continu et aide \u00e0 pr\u00e9server la barri\u00e8re protectrice de la peau.\u2022 Besoin :Hydrater | Apaiser | Peau normale \u00e0 s\u00e8che | Peau sensible.\u2022 Ingr\u00e9dients Cl\u00e9s :C\u00e9ramides (1, 3 et 6-II) pour prot\u00e9ger et nourrir | Acide Hyaluronique pour maintenir la peau hydrat\u00e9e | Niacinamide pour apaiser la peau.\u2022S\u00e9curit\u00e9 :Sans Parfum | Hypoallerg\u00e9nique | Non-Com\u00e9dog\u00e8ne.\u2022 Utilisation :Appliquer g\u00e9n\u00e9reusement matin et soir. Visage et cou.<\/p>","protected":false},"featured_media":7407,"comment_status":"open","ping_status":"closed","template":"","meta":[],"product_cat":[83],"product_tag":[],"yith_product_brand":[117],"class_list":{"0":"post-7325","1":"product","2":"type-product","3":"status-publish","4":"has-post-thumbnail","6":"product_cat-soins-visage","7":"yith_product_brand-acm","9":"first","10":"instock","11":"sale","12":"shipping-taxable","13":"purchasable","14":"product-type-simple"},"_links":{"self":[{"href":"https:\/\/parapharmacieenligne.ma\/en\/wp-json\/wp\/v2\/product\/7325","targetHints":{"allow":["GET"]}}],"collection":[{"href":"https:\/\/parapharmacieenligne.ma\/en\/wp-json\/wp\/v2\/product"}],"about":[{"href":"https:\/\/parapharmacieenligne.ma\/en\/wp-json\/wp\/v2\/types\/product"}],"replies":[{"embeddable":true,"href":"https:\/\/parapharmacieenligne.ma\/en\/wp-json\/wp\/v2\/comments?post=7325"}],"version-history":[{"count":1,"href":"https:\/\/parapharmacieenligne.ma\/en\/wp-json\/wp\/v2\/product\/7325\/revisions"}],"predecessor-version":[{"id":7408,"href":"https:\/\/parapharmacieenligne.ma\/en\/wp-json\/wp\/v2\/product\/7325\/revisions\/7408"}],"wp:featuredmedia":[{"embeddable":true,"href":"https:\/\/parapharmacieenligne.ma\/en\/wp-json\/wp\/v2\/media\/7407"}],"wp:attachment":[{"href":"https:\/\/parapharmacieenligne.ma\/en\/wp-json\/wp\/v2\/media?parent=7325"}],"wp:term":[{"taxonomy":"product_cat","embeddable":true,"href":"https:\/\/parapharmacieenligne.ma\/en\/wp-json\/wp\/v2\/product_cat?post=7325"},{"taxonomy":"product_tag","embeddable":true,"href":"https:\/\/parapharmacieenligne.ma\/en\/wp-json\/wp\/v2\/product_tag?post=7325"},{"taxonomy":"yith_product_brand","embeddable":true,"href":"https:\/\/parapharmacieenligne.ma\/en\/wp-json\/wp\/v2\/yith_product_brand?post=7325"}],"curies":[{"name":"wp","href":"https:\/\/api.w.org\/{rel}","templated":true}]}}