{"id":7345,"date":"2026-01-25T21:42:21","date_gmt":"2026-01-25T20:42:21","guid":{"rendered":"https:\/\/parapharmacieenligne.ma\/?post_type=product&#038;p=7345"},"modified":"2026-01-25T21:43:51","modified_gmt":"2026-01-25T20:43:51","slug":"acm-novophane-shampooing-sebo-regulateur-200-ml","status":"publish","type":"product","link":"https:\/\/parapharmacieenligne.ma\/en\/product\/acm-novophane-shampooing-sebo-regulateur-200-ml\/","title":{"rendered":"Acm Novophane Shampooing s\u00e9bo-r\u00e9gulateur \u2013 200 ml"},"content":{"rendered":"<div aria-labelledby=\"tab-title-description\" class=\"woocommerce-Tabs-panel woocommerce-Tabs-panel--description panel entry-content wc-tab\" id=\"tab-description\" role=\"tabpanel\" style=\"\">\n<h2>Description<\/h2>\n<p>Enfin une solution douce et efficace qui permet aux personnes concern\u00e9es de retrouver une chevelure saine en r\u00e9duisant sans agression la production de s\u00e9bum. Il nettoie en douceur, redonnant volume souplesse et l\u00e9g\u00e8ret\u00e9 aux cheveux gras gr\u00e2ce \u00e0 un puissant complexe s\u00e9bo-r\u00e9gulateur.<\/p>\n<p>Contrairement \u00e0 d\u2019autres shampooings traitants pour cheveux gras, il peut s\u2019utiliser tous les jours sans risque pour le cuir chevelu.<\/p>\n<\/p><\/div>","protected":false},"excerpt":{"rendered":"<p>Highlights:C\u2019EST L\u2019ALLI\u00c9 DES CHEVEUX \u00c0 TENDANCE GRASSE, TERNES, LOURDS. IL RETARDE LE REGRAISSAGE EN R\u00c9GULANT LA PRODUCTION DE S\u00c9BUM, SANS AGRESSER.<\/p>","protected":false},"featured_media":7418,"comment_status":"open","ping_status":"closed","template":"","meta":[],"product_cat":[84],"product_tag":[],"yith_product_brand":[117],"class_list":{"0":"post-7345","1":"product","2":"type-product","3":"status-publish","4":"has-post-thumbnail","6":"product_cat-soins-cheveux","7":"yith_product_brand-acm","9":"first","10":"instock","11":"sale","12":"shipping-taxable","13":"purchasable","14":"product-type-simple"},"_links":{"self":[{"href":"https:\/\/parapharmacieenligne.ma\/en\/wp-json\/wp\/v2\/product\/7345","targetHints":{"allow":["GET"]}}],"collection":[{"href":"https:\/\/parapharmacieenligne.ma\/en\/wp-json\/wp\/v2\/product"}],"about":[{"href":"https:\/\/parapharmacieenligne.ma\/en\/wp-json\/wp\/v2\/types\/product"}],"replies":[{"embeddable":true,"href":"https:\/\/parapharmacieenligne.ma\/en\/wp-json\/wp\/v2\/comments?post=7345"}],"version-history":[{"count":1,"href":"https:\/\/parapharmacieenligne.ma\/en\/wp-json\/wp\/v2\/product\/7345\/revisions"}],"predecessor-version":[{"id":7419,"href":"https:\/\/parapharmacieenligne.ma\/en\/wp-json\/wp\/v2\/product\/7345\/revisions\/7419"}],"wp:featuredmedia":[{"embeddable":true,"href":"https:\/\/parapharmacieenligne.ma\/en\/wp-json\/wp\/v2\/media\/7418"}],"wp:attachment":[{"href":"https:\/\/parapharmacieenligne.ma\/en\/wp-json\/wp\/v2\/media?parent=7345"}],"wp:term":[{"taxonomy":"product_cat","embeddable":true,"href":"https:\/\/parapharmacieenligne.ma\/en\/wp-json\/wp\/v2\/product_cat?post=7345"},{"taxonomy":"product_tag","embeddable":true,"href":"https:\/\/parapharmacieenligne.ma\/en\/wp-json\/wp\/v2\/product_tag?post=7345"},{"taxonomy":"yith_product_brand","embeddable":true,"href":"https:\/\/parapharmacieenligne.ma\/en\/wp-json\/wp\/v2\/yith_product_brand?post=7345"}],"curies":[{"name":"wp","href":"https:\/\/api.w.org\/{rel}","templated":true}]}}