{"id":7348,"date":"2026-01-25T21:42:22","date_gmt":"2026-01-25T20:42:22","guid":{"rendered":"https:\/\/parapharmacieenligne.ma\/?post_type=product&#038;p=7348"},"modified":"2026-01-25T21:44:01","modified_gmt":"2026-01-25T20:44:01","slug":"acm-duolys-a-serum-intensif-anti-rides-30ml","status":"publish","type":"product","link":"https:\/\/parapharmacieenligne.ma\/en\/product\/acm-duolys-a-serum-intensif-anti-rides-30ml\/","title":{"rendered":"Acm Duolys .A Serum intensif Anti-Rides 30ml"},"content":{"rendered":"<div aria-labelledby=\"tab-title-description\" class=\"woocommerce-Tabs-panel woocommerce-Tabs-panel--description panel entry-content wc-tab\" id=\"tab-description\" role=\"tabpanel\" style=\"\">\n<h2>Description<\/h2>\n<p style=\"font-weight: 400\">epoussez les marques du temps gr\u00e2ce au s\u00e9rum anti-\u00e2ge multi-actions Duolys A.<br \/>\n Avec seulement 10 ingr\u00e9dients et son association unique et synergique de R\u00e9tinol et Tocopheryl retinoate, Duolys.A am\u00e9liore les principaux signes de vieillissement cutan\u00e9 : rides, d\u00e9fauts cutan\u00e9s, texture de la peau, sans jamais l\u2019irriter tout en la prot\u00e9geant des m\u00e9faits du stress oxydatif.<\/p>\n<p style=\"font-weight: 400\">Sa gal\u00e9nique exceptionnelle entre huile et s\u00e9rum p\u00e9n\u00e8tre instantan\u00e9ment dans la peau sans laisser de sensation collante. Ultra l\u00e9g\u00e8re, sa texture sensorielle rend la peau soyeuse douce, comme velout\u00e9e. La routine anti-\u00e2ge devient un moment de plaisir.<\/p>\n<p style=\"font-weight: 400\">Jour apr\u00e8s jour, la peau para\u00eet plus ferme et le teint plus \u00e9clatant. Le grain de peau est affin\u00e9. Les rides sont moins visibles et les d\u00e9fauts cutan\u00e9s sont att\u00e9nu\u00e9s.<\/p>\n<p style=\"font-weight: 400\">98% d\u2019ingr\u00e9dients d\u2019origine naturelle.<\/p>\n<\/p><\/div>","protected":false},"excerpt":{"rendered":"<p>Highlights:MULTI-ACTIONS, CE S\u00c9RUM AUX 10 INGREDIENTS SEULEMENT ET \u00c0 LA TEXTURE SOYEUSE AGIT SUR TOUS LES SIGNES DE L\u2019AGE SANS JAMAIS IRRITER LA PEAU. POUR LES 30 ET PLUS.<\/p>","protected":false},"featured_media":7424,"comment_status":"open","ping_status":"closed","template":"","meta":[],"product_cat":[83],"product_tag":[],"yith_product_brand":[117],"class_list":{"0":"post-7348","1":"product","2":"type-product","3":"status-publish","4":"has-post-thumbnail","6":"product_cat-soins-visage","7":"yith_product_brand-acm","9":"first","10":"instock","11":"sale","12":"shipping-taxable","13":"purchasable","14":"product-type-simple"},"_links":{"self":[{"href":"https:\/\/parapharmacieenligne.ma\/en\/wp-json\/wp\/v2\/product\/7348","targetHints":{"allow":["GET"]}}],"collection":[{"href":"https:\/\/parapharmacieenligne.ma\/en\/wp-json\/wp\/v2\/product"}],"about":[{"href":"https:\/\/parapharmacieenligne.ma\/en\/wp-json\/wp\/v2\/types\/product"}],"replies":[{"embeddable":true,"href":"https:\/\/parapharmacieenligne.ma\/en\/wp-json\/wp\/v2\/comments?post=7348"}],"version-history":[{"count":1,"href":"https:\/\/parapharmacieenligne.ma\/en\/wp-json\/wp\/v2\/product\/7348\/revisions"}],"predecessor-version":[{"id":7425,"href":"https:\/\/parapharmacieenligne.ma\/en\/wp-json\/wp\/v2\/product\/7348\/revisions\/7425"}],"wp:featuredmedia":[{"embeddable":true,"href":"https:\/\/parapharmacieenligne.ma\/en\/wp-json\/wp\/v2\/media\/7424"}],"wp:attachment":[{"href":"https:\/\/parapharmacieenligne.ma\/en\/wp-json\/wp\/v2\/media?parent=7348"}],"wp:term":[{"taxonomy":"product_cat","embeddable":true,"href":"https:\/\/parapharmacieenligne.ma\/en\/wp-json\/wp\/v2\/product_cat?post=7348"},{"taxonomy":"product_tag","embeddable":true,"href":"https:\/\/parapharmacieenligne.ma\/en\/wp-json\/wp\/v2\/product_tag?post=7348"},{"taxonomy":"yith_product_brand","embeddable":true,"href":"https:\/\/parapharmacieenligne.ma\/en\/wp-json\/wp\/v2\/yith_product_brand?post=7348"}],"curies":[{"name":"wp","href":"https:\/\/api.w.org\/{rel}","templated":true}]}}