{"id":7350,"date":"2026-01-25T21:42:22","date_gmt":"2026-01-25T20:42:22","guid":{"rendered":"https:\/\/parapharmacieenligne.ma\/?post_type=product&#038;p=7350"},"modified":"2026-01-25T21:44:07","modified_gmt":"2026-01-25T20:44:07","slug":"acm-noviderm-boreade-sl-soin-lissant-40-ml","status":"publish","type":"product","link":"https:\/\/parapharmacieenligne.ma\/en\/product\/acm-noviderm-boreade-sl-soin-lissant-40-ml\/","title":{"rendered":"Acm Noviderm Bor\u00e9ade SL Soin lissant \u2013 40 ml"},"content":{"rendered":"<div aria-labelledby=\"tab-title-description\" class=\"woocommerce-Tabs-panel woocommerce-Tabs-panel--description panel entry-content wc-tab\" id=\"tab-description\" role=\"tabpanel\" style=\"\">\n<h2>Description<\/h2>\n<p>Ce soin lissant, \u00e0 la texture l\u00e9g\u00e8re et soyeuse, poss\u00e8de une double action anti-acn\u00e9ique et anti-\u00e2ge. Son complexe triple action S.M.A. resserre les pores dilat\u00e9s, diminue les points noirs et pr\u00e9vient l\u2019apparition des imperfections qui perdurent apr\u00e8s l\u2019adolescence.<\/p>\n<p>Le grain de peau est affin\u00e9 gr\u00e2ce aux AHA \u00e0 lib\u00e9ration prolong\u00e9e reconnus pour leur action exfoliante. Ce soin contient \u00e9galement une association d\u2019hydrolysat de maca, de vitamine E et de vitamine C qui lisse les rides, r\u00e9duit leur nombre, leur largeur et leur profondeur.<\/p>\n<\/p><\/div>","protected":false},"excerpt":{"rendered":"<p>Highlights:Corrige les imperfections persistantes et r\u00e9duit les premi\u00e8res rides. Affine le grain de peau<\/p>","protected":false},"featured_media":7428,"comment_status":"open","ping_status":"closed","template":"","meta":[],"product_cat":[83],"product_tag":[],"yith_product_brand":[117],"class_list":{"0":"post-7350","1":"product","2":"type-product","3":"status-publish","4":"has-post-thumbnail","6":"product_cat-soins-visage","7":"yith_product_brand-acm","9":"first","10":"instock","11":"sale","12":"shipping-taxable","13":"purchasable","14":"product-type-simple"},"_links":{"self":[{"href":"https:\/\/parapharmacieenligne.ma\/en\/wp-json\/wp\/v2\/product\/7350","targetHints":{"allow":["GET"]}}],"collection":[{"href":"https:\/\/parapharmacieenligne.ma\/en\/wp-json\/wp\/v2\/product"}],"about":[{"href":"https:\/\/parapharmacieenligne.ma\/en\/wp-json\/wp\/v2\/types\/product"}],"replies":[{"embeddable":true,"href":"https:\/\/parapharmacieenligne.ma\/en\/wp-json\/wp\/v2\/comments?post=7350"}],"version-history":[{"count":1,"href":"https:\/\/parapharmacieenligne.ma\/en\/wp-json\/wp\/v2\/product\/7350\/revisions"}],"predecessor-version":[{"id":7429,"href":"https:\/\/parapharmacieenligne.ma\/en\/wp-json\/wp\/v2\/product\/7350\/revisions\/7429"}],"wp:featuredmedia":[{"embeddable":true,"href":"https:\/\/parapharmacieenligne.ma\/en\/wp-json\/wp\/v2\/media\/7428"}],"wp:attachment":[{"href":"https:\/\/parapharmacieenligne.ma\/en\/wp-json\/wp\/v2\/media?parent=7350"}],"wp:term":[{"taxonomy":"product_cat","embeddable":true,"href":"https:\/\/parapharmacieenligne.ma\/en\/wp-json\/wp\/v2\/product_cat?post=7350"},{"taxonomy":"product_tag","embeddable":true,"href":"https:\/\/parapharmacieenligne.ma\/en\/wp-json\/wp\/v2\/product_tag?post=7350"},{"taxonomy":"yith_product_brand","embeddable":true,"href":"https:\/\/parapharmacieenligne.ma\/en\/wp-json\/wp\/v2\/yith_product_brand?post=7350"}],"curies":[{"name":"wp","href":"https:\/\/api.w.org\/{rel}","templated":true}]}}