{"id":7369,"date":"2026-01-25T21:42:49","date_gmt":"2026-01-25T20:42:49","guid":{"rendered":"https:\/\/parapharmacieenligne.ma\/?post_type=product&#038;p=7369"},"modified":"2026-01-25T21:44:17","modified_gmt":"2026-01-25T20:44:17","slug":"acm-rosakalm-eau-micellaire-nettoyante-250-ml","status":"publish","type":"product","link":"https:\/\/parapharmacieenligne.ma\/en\/product\/acm-rosakalm-eau-micellaire-nettoyante-250-ml\/","title":{"rendered":"Acm ROSAKALM Eau micellaire nettoyante \u2013 250 ml"},"content":{"rendered":"<div aria-labelledby=\"tab-title-description\" class=\"woocommerce-Tabs-panel woocommerce-Tabs-panel--description panel entry-content wc-tab\" id=\"tab-description\" role=\"tabpanel\" style=\"\">\n<h2>Description<\/h2>\n<p>Cette eau micellaire nettoie, d\u00e9maquille et apaise en un seul geste les peaux les plus sensibles sujettes aux rougeurs. Visage et yeux. Sans rin\u00e7age.<\/p>\n<p>L\u2019Eau Micellaire Nettoyante Rosakalm nettoie et d\u00e9maquille tout en douceur le visage et les yeux, y compris le maquillage r\u00e9sistant \u00e0 l\u2019eau, sans avoir besoin de rincer. Elle hydrate, apaise les sensations d\u2019inconfort et procure une agr\u00e9able sensation de fra\u00eecheur.<\/p>\n<p>La peau est douce, nette, apais\u00e9e et confortable<\/p>\n<\/p><\/div>","protected":false},"excerpt":{"rendered":"<p>Highlights:Cette eau micellaire nettoie, d\u00e9maquille et apaise en un seul geste les peaux les plus sensibles sujettes aux rougeurs. Visage et yeux. Sans rin\u00e7age.<\/p>","protected":false},"featured_media":7441,"comment_status":"open","ping_status":"closed","template":"","meta":[],"product_cat":[83],"product_tag":[],"yith_product_brand":[117],"class_list":{"0":"post-7369","1":"product","2":"type-product","3":"status-publish","4":"has-post-thumbnail","6":"product_cat-soins-visage","7":"yith_product_brand-acm","9":"first","10":"instock","11":"sale","12":"shipping-taxable","13":"purchasable","14":"product-type-simple"},"_links":{"self":[{"href":"https:\/\/parapharmacieenligne.ma\/en\/wp-json\/wp\/v2\/product\/7369","targetHints":{"allow":["GET"]}}],"collection":[{"href":"https:\/\/parapharmacieenligne.ma\/en\/wp-json\/wp\/v2\/product"}],"about":[{"href":"https:\/\/parapharmacieenligne.ma\/en\/wp-json\/wp\/v2\/types\/product"}],"replies":[{"embeddable":true,"href":"https:\/\/parapharmacieenligne.ma\/en\/wp-json\/wp\/v2\/comments?post=7369"}],"version-history":[{"count":1,"href":"https:\/\/parapharmacieenligne.ma\/en\/wp-json\/wp\/v2\/product\/7369\/revisions"}],"predecessor-version":[{"id":7442,"href":"https:\/\/parapharmacieenligne.ma\/en\/wp-json\/wp\/v2\/product\/7369\/revisions\/7442"}],"wp:featuredmedia":[{"embeddable":true,"href":"https:\/\/parapharmacieenligne.ma\/en\/wp-json\/wp\/v2\/media\/7441"}],"wp:attachment":[{"href":"https:\/\/parapharmacieenligne.ma\/en\/wp-json\/wp\/v2\/media?parent=7369"}],"wp:term":[{"taxonomy":"product_cat","embeddable":true,"href":"https:\/\/parapharmacieenligne.ma\/en\/wp-json\/wp\/v2\/product_cat?post=7369"},{"taxonomy":"product_tag","embeddable":true,"href":"https:\/\/parapharmacieenligne.ma\/en\/wp-json\/wp\/v2\/product_tag?post=7369"},{"taxonomy":"yith_product_brand","embeddable":true,"href":"https:\/\/parapharmacieenligne.ma\/en\/wp-json\/wp\/v2\/yith_product_brand?post=7369"}],"curies":[{"name":"wp","href":"https:\/\/api.w.org\/{rel}","templated":true}]}}