{"id":7389,"date":"2026-01-25T21:43:19","date_gmt":"2026-01-25T20:43:19","guid":{"rendered":"https:\/\/parapharmacieenligne.ma\/?post_type=product&#038;p=7389"},"modified":"2026-01-25T21:44:33","modified_gmt":"2026-01-25T20:44:33","slug":"acm-novophane-shampooing-energisant-200-ml","status":"publish","type":"product","link":"https:\/\/parapharmacieenligne.ma\/en\/product\/acm-novophane-shampooing-energisant-200-ml\/","title":{"rendered":"Acm Novophane Shampooing \u00e9nergisant \u2013 200 ml"},"content":{"rendered":"<div aria-labelledby=\"tab-title-description\" class=\"woocommerce-Tabs-panel woocommerce-Tabs-panel--description panel entry-content wc-tab\" id=\"tab-description\" role=\"tabpanel\" style=\"\">\n<h2>Description<\/h2>\n<p>Acm Novophane Shampooing \u00e9nergisant \u2013 200 ml Gr\u00e2ce \u00e0 son association de 6 vitamines aux propri\u00e9t\u00e9s stimulantes et fortifiantes pour les cheveux et le cuir chevelu, le shampooing \u00e9nergisant NOVOPHANE nettoie en douceur et apporte une action stimulante aux cheveux et cuirs chevelus fragilis\u00e9s. Il redonne volume, force et vigueur aux cheveux et peut s\u2019utiliser aussi souvent que n\u00e9cessaire.<\/p>\n<p>Doux et vitamin\u00e9, il est tr\u00e8s efficace en accompagnement d\u2019un traitement antichute ou en alternance de shampooings traitants, tels que l\u2019un de nos shampooings antipelliculaires.<\/p>\n<p>Il se rince facilement et favorise le d\u00e9m\u00ealage comme le coiffage.<\/p>\n<\/p><\/div>","protected":false},"excerpt":{"rendered":"<p>Highlights:COMPL\u00c9MENT ID\u00c9AL DES SOINS ANTI-CHUTE.UN BAIN D\u2019\u00c9NERGIE, V\u00c9RITABLE SOURCE DE BEAUT\u00c9 ET DE VIGUEUR, DESTIN\u00c9 AUX CHEVEUX FINS, FRAGILES ET SANS VOLUME.<\/p>","protected":false},"featured_media":7457,"comment_status":"open","ping_status":"closed","template":"","meta":[],"product_cat":[84],"product_tag":[],"yith_product_brand":[117],"class_list":{"0":"post-7389","1":"product","2":"type-product","3":"status-publish","4":"has-post-thumbnail","6":"product_cat-soins-cheveux","7":"yith_product_brand-acm","9":"first","10":"instock","11":"sale","12":"shipping-taxable","13":"purchasable","14":"product-type-simple"},"_links":{"self":[{"href":"https:\/\/parapharmacieenligne.ma\/en\/wp-json\/wp\/v2\/product\/7389","targetHints":{"allow":["GET"]}}],"collection":[{"href":"https:\/\/parapharmacieenligne.ma\/en\/wp-json\/wp\/v2\/product"}],"about":[{"href":"https:\/\/parapharmacieenligne.ma\/en\/wp-json\/wp\/v2\/types\/product"}],"replies":[{"embeddable":true,"href":"https:\/\/parapharmacieenligne.ma\/en\/wp-json\/wp\/v2\/comments?post=7389"}],"version-history":[{"count":1,"href":"https:\/\/parapharmacieenligne.ma\/en\/wp-json\/wp\/v2\/product\/7389\/revisions"}],"predecessor-version":[{"id":7458,"href":"https:\/\/parapharmacieenligne.ma\/en\/wp-json\/wp\/v2\/product\/7389\/revisions\/7458"}],"wp:featuredmedia":[{"embeddable":true,"href":"https:\/\/parapharmacieenligne.ma\/en\/wp-json\/wp\/v2\/media\/7457"}],"wp:attachment":[{"href":"https:\/\/parapharmacieenligne.ma\/en\/wp-json\/wp\/v2\/media?parent=7389"}],"wp:term":[{"taxonomy":"product_cat","embeddable":true,"href":"https:\/\/parapharmacieenligne.ma\/en\/wp-json\/wp\/v2\/product_cat?post=7389"},{"taxonomy":"product_tag","embeddable":true,"href":"https:\/\/parapharmacieenligne.ma\/en\/wp-json\/wp\/v2\/product_tag?post=7389"},{"taxonomy":"yith_product_brand","embeddable":true,"href":"https:\/\/parapharmacieenligne.ma\/en\/wp-json\/wp\/v2\/yith_product_brand?post=7389"}],"curies":[{"name":"wp","href":"https:\/\/api.w.org\/{rel}","templated":true}]}}