{"id":7393,"date":"2026-01-25T21:43:20","date_gmt":"2026-01-25T20:43:20","guid":{"rendered":"https:\/\/parapharmacieenligne.ma\/?post_type=product&#038;p=7393"},"modified":"2026-04-07T17:22:24","modified_gmt":"2026-04-07T15:22:24","slug":"acm-depiwhite-day-spf-20-40-ml","status":"publish","type":"product","link":"https:\/\/parapharmacieenligne.ma\/en\/product\/acm-depiwhite-day-spf-20-40-ml\/","title":{"rendered":"Acm D\u00e9piwhite Day Spf 20 \u2013 40 ml"},"content":{"rendered":"<div aria-labelledby=\"tab-title-description\" class=\"woocommerce-Tabs-panel woocommerce-Tabs-panel--description panel entry-content wc-tab\" id=\"tab-description\" role=\"tabpanel\" style=\"\">\n<h2>Description<\/h2>\n<p>C\u2019est un soin qui associe une action d\u00e9pigmentante \u00e0 une protection solaire.<\/p>\n<p>Cette cr\u00e8me de jour \u00e9claircissante est id\u00e9ale pour les peaux pr\u00e9sentant des taches brunes localis\u00e9es ou \u00e9tendues, de type masque de grossesse ou taches de vieillesse.<\/p>\n<\/p><\/div>","protected":false},"excerpt":{"rendered":"<p>Highlights:Cr\u00e8me de jour anti-taches<\/p>","protected":false},"featured_media":7469,"comment_status":"open","ping_status":"closed","template":"","meta":[],"product_cat":[208,83],"product_tag":[],"yith_product_brand":[117],"class_list":{"0":"post-7393","1":"product","2":"type-product","3":"status-publish","4":"has-post-thumbnail","6":"product_cat-anti-taches","7":"product_cat-soins-visage","8":"yith_product_brand-acm","10":"first","11":"instock","12":"sale","13":"shipping-taxable","14":"purchasable","15":"product-type-simple"},"_links":{"self":[{"href":"https:\/\/parapharmacieenligne.ma\/en\/wp-json\/wp\/v2\/product\/7393","targetHints":{"allow":["GET"]}}],"collection":[{"href":"https:\/\/parapharmacieenligne.ma\/en\/wp-json\/wp\/v2\/product"}],"about":[{"href":"https:\/\/parapharmacieenligne.ma\/en\/wp-json\/wp\/v2\/types\/product"}],"replies":[{"embeddable":true,"href":"https:\/\/parapharmacieenligne.ma\/en\/wp-json\/wp\/v2\/comments?post=7393"}],"version-history":[{"count":1,"href":"https:\/\/parapharmacieenligne.ma\/en\/wp-json\/wp\/v2\/product\/7393\/revisions"}],"predecessor-version":[{"id":7470,"href":"https:\/\/parapharmacieenligne.ma\/en\/wp-json\/wp\/v2\/product\/7393\/revisions\/7470"}],"wp:featuredmedia":[{"embeddable":true,"href":"https:\/\/parapharmacieenligne.ma\/en\/wp-json\/wp\/v2\/media\/7469"}],"wp:attachment":[{"href":"https:\/\/parapharmacieenligne.ma\/en\/wp-json\/wp\/v2\/media?parent=7393"}],"wp:term":[{"taxonomy":"product_cat","embeddable":true,"href":"https:\/\/parapharmacieenligne.ma\/en\/wp-json\/wp\/v2\/product_cat?post=7393"},{"taxonomy":"product_tag","embeddable":true,"href":"https:\/\/parapharmacieenligne.ma\/en\/wp-json\/wp\/v2\/product_tag?post=7393"},{"taxonomy":"yith_product_brand","embeddable":true,"href":"https:\/\/parapharmacieenligne.ma\/en\/wp-json\/wp\/v2\/yith_product_brand?post=7393"}],"curies":[{"name":"wp","href":"https:\/\/api.w.org\/{rel}","templated":true}]}}