{"id":7411,"date":"2026-01-25T21:43:46","date_gmt":"2026-01-25T20:43:46","guid":{"rendered":"https:\/\/parapharmacieenligne.ma\/?post_type=product&#038;p=7411"},"modified":"2026-01-25T21:44:54","modified_gmt":"2026-01-25T20:44:54","slug":"acm-medisun-creme-spf-50-creme-solaire-teinte","status":"publish","type":"product","link":"https:\/\/parapharmacieenligne.ma\/en\/product\/acm-medisun-creme-spf-50-creme-solaire-teinte\/","title":{"rendered":"ACM MEDISUN CREME \u2013 SPF 50+ Cr\u00e8me solaire Teint\u00e9"},"content":{"rendered":"<div aria-labelledby=\"tab-title-description\" class=\"woocommerce-Tabs-panel woocommerce-Tabs-panel--description panel entry-content wc-tab\" id=\"tab-description\" role=\"tabpanel\" style=\"\">\n<h2>Description<\/h2>\n<p>tGr\u00e2ce \u00e0 son complexe de filtres performant, la cr\u00e8me SPF50+ Medisun apporte une tr\u00e8s haute protection solaire \u00e0 large spectre (UVA + UVB + Lumi\u00e8re visible + IR) et am\u00e9liore l\u2019hydratation cutan\u00e9e. Sa texture l\u00e9g\u00e8re, non grasse ne laisse pas de traces blanches et garantit un v\u00e9ritable plaisir \u00e0 l\u2019utilisation.<\/p>\n<p><strong><strong>Conseils d\u2019Utilisation : <\/strong> <\/strong><\/p>\n<p>Appliquer g\u00e9n\u00e9reusement le produit 30 minutes avant toute exposition solaire. Renouveler l\u2019application r\u00e9guli\u00e8rement surtout apr\u00e8s avoir transpir\u00e9, nag\u00e9 ou vous \u00eatre essuy\u00e9. N\u2019exposez pas les b\u00e9b\u00e9s et les jeunes enfants directement au soleil. Ne restez pas trop longtemps au soleil m\u00eame si vous utilisez un produit de protection solaire car il ne vous prot\u00e8ge pas totalement. La surexposition au soleil est dangereuse pour la sant\u00e9. Convient aux adultes et aux enfants de plus de 3 ans.<\/p>\n<\/p><\/div>","protected":false},"excerpt":{"rendered":"<p>Highlights:CREME SOLAIRE TEINTEE \u2013 TEINTE CLAIRE<\/p>","protected":false},"featured_media":7477,"comment_status":"open","ping_status":"closed","template":"","meta":[],"product_cat":[86],"product_tag":[],"yith_product_brand":[117],"class_list":{"0":"post-7411","1":"product","2":"type-product","3":"status-publish","4":"has-post-thumbnail","6":"product_cat-protection-solaire","7":"yith_product_brand-acm","9":"first","10":"instock","11":"sale","12":"shipping-taxable","13":"purchasable","14":"product-type-simple"},"_links":{"self":[{"href":"https:\/\/parapharmacieenligne.ma\/en\/wp-json\/wp\/v2\/product\/7411","targetHints":{"allow":["GET"]}}],"collection":[{"href":"https:\/\/parapharmacieenligne.ma\/en\/wp-json\/wp\/v2\/product"}],"about":[{"href":"https:\/\/parapharmacieenligne.ma\/en\/wp-json\/wp\/v2\/types\/product"}],"replies":[{"embeddable":true,"href":"https:\/\/parapharmacieenligne.ma\/en\/wp-json\/wp\/v2\/comments?post=7411"}],"version-history":[{"count":1,"href":"https:\/\/parapharmacieenligne.ma\/en\/wp-json\/wp\/v2\/product\/7411\/revisions"}],"predecessor-version":[{"id":7478,"href":"https:\/\/parapharmacieenligne.ma\/en\/wp-json\/wp\/v2\/product\/7411\/revisions\/7478"}],"wp:featuredmedia":[{"embeddable":true,"href":"https:\/\/parapharmacieenligne.ma\/en\/wp-json\/wp\/v2\/media\/7477"}],"wp:attachment":[{"href":"https:\/\/parapharmacieenligne.ma\/en\/wp-json\/wp\/v2\/media?parent=7411"}],"wp:term":[{"taxonomy":"product_cat","embeddable":true,"href":"https:\/\/parapharmacieenligne.ma\/en\/wp-json\/wp\/v2\/product_cat?post=7411"},{"taxonomy":"product_tag","embeddable":true,"href":"https:\/\/parapharmacieenligne.ma\/en\/wp-json\/wp\/v2\/product_tag?post=7411"},{"taxonomy":"yith_product_brand","embeddable":true,"href":"https:\/\/parapharmacieenligne.ma\/en\/wp-json\/wp\/v2\/yith_product_brand?post=7411"}],"curies":[{"name":"wp","href":"https:\/\/api.w.org\/{rel}","templated":true}]}}