{"id":7413,"date":"2026-01-25T21:43:46","date_gmt":"2026-01-25T20:43:46","guid":{"rendered":"https:\/\/parapharmacieenligne.ma\/?post_type=product&#038;p=7413"},"modified":"2026-01-25T21:45:06","modified_gmt":"2026-01-25T20:45:06","slug":"acm-medisun-creme-minerale-teintee-spf-50-40ml","status":"publish","type":"product","link":"https:\/\/parapharmacieenligne.ma\/en\/product\/acm-medisun-creme-minerale-teintee-spf-50-40ml\/","title":{"rendered":"ACM MEDISUN CR\u00c8ME MIN\u00c9RALE TEINT\u00c9E \u2013 SPF 50+ 40ml"},"content":{"rendered":"<div aria-labelledby=\"tab-title-description\" class=\"woocommerce-Tabs-panel woocommerce-Tabs-panel--description panel entry-content wc-tab\" id=\"tab-description\" role=\"tabpanel\" style=\"\">\n<h2>Description<\/h2>\n<p>Ce soin offre une tr\u00e8s haute protection teint\u00e9e aux peaux intol\u00e9rantes aux filtres chimiques, peaux sensibles au soleil ou expos\u00e9es \u00e0 un ensoleillement intense.<\/p>\n<p>Gr\u00e2ce \u00e0 un complexe de filtres 100% min\u00e9ral, Medisun Cr\u00e8me min\u00e9rale teint\u00e9e SPF50+ apporte une tr\u00e8s haute protection \u00e0 large spectre (UVA, UVB, Lumi\u00e8re Visible, Infrarouge). Sa texture l\u00e9g\u00e8re, r\u00e9sistante \u00e0 l\u2019eau et \u00e0 la transpiration garantit un v\u00e9ritable plaisir \u00e0 l\u2019utilisation. Sa teinte claire unifie naturellement le teint pour une couvrance optimale.<\/p>\n<p><strong>Conseils d\u2019utilisation :<\/strong><\/p>\n<p>Appliquer g\u00e9n\u00e9reusement le produit 30 minutes avant toute exposition solaire. Renouveler l\u2019application r\u00e9guli\u00e8rement surtout apr\u00e8s avoir transpir\u00e9, nag\u00e9 ou vous \u00eatre essuy\u00e9. N\u2019exposez pas les b\u00e9b\u00e9s et les jeunes enfants directement au soleil. Ne restez pas trop longtemps au soleil m\u00eame si vous utilisez un produit de protection solaire car il ne vous prot\u00e8ge pas totalement. La surexposition au soleil est dangereuse pour la sant\u00e9.<\/p>\n<\/p><\/div>","protected":false},"excerpt":{"rendered":"<p>Highlights:Ce soin offre une tr\u00e8s haute protection teint\u00e9e aux peaux intol\u00e9rantes aux filtres chimiques, peaux sensibles au soleil ou expos\u00e9es \u00e0 un ensoleillement intense.100% min\u00e9rale \u2013 Teinte claireId\u00e9al pour : Sensibles, Intol\u00e9rantes aux filtres chimiquesTexture : Cr\u00e8me teint\u00e9e \u2013 teinte claireQuand ? : Au moins toutes les 2h en cas d\u2019exposition solaireTr\u00e8s haute protection UVA + UVB + Lumi\u00e8re visible + IR \u2013 Unifie le teint \u2013 SPF 50+<\/p>","protected":false},"featured_media":7481,"comment_status":"open","ping_status":"closed","template":"","meta":[],"product_cat":[86],"product_tag":[],"yith_product_brand":[117],"class_list":{"0":"post-7413","1":"product","2":"type-product","3":"status-publish","4":"has-post-thumbnail","6":"product_cat-protection-solaire","7":"yith_product_brand-acm","9":"first","10":"instock","11":"sale","12":"shipping-taxable","13":"purchasable","14":"product-type-simple"},"_links":{"self":[{"href":"https:\/\/parapharmacieenligne.ma\/en\/wp-json\/wp\/v2\/product\/7413","targetHints":{"allow":["GET"]}}],"collection":[{"href":"https:\/\/parapharmacieenligne.ma\/en\/wp-json\/wp\/v2\/product"}],"about":[{"href":"https:\/\/parapharmacieenligne.ma\/en\/wp-json\/wp\/v2\/types\/product"}],"replies":[{"embeddable":true,"href":"https:\/\/parapharmacieenligne.ma\/en\/wp-json\/wp\/v2\/comments?post=7413"}],"version-history":[{"count":1,"href":"https:\/\/parapharmacieenligne.ma\/en\/wp-json\/wp\/v2\/product\/7413\/revisions"}],"predecessor-version":[{"id":7482,"href":"https:\/\/parapharmacieenligne.ma\/en\/wp-json\/wp\/v2\/product\/7413\/revisions\/7482"}],"wp:featuredmedia":[{"embeddable":true,"href":"https:\/\/parapharmacieenligne.ma\/en\/wp-json\/wp\/v2\/media\/7481"}],"wp:attachment":[{"href":"https:\/\/parapharmacieenligne.ma\/en\/wp-json\/wp\/v2\/media?parent=7413"}],"wp:term":[{"taxonomy":"product_cat","embeddable":true,"href":"https:\/\/parapharmacieenligne.ma\/en\/wp-json\/wp\/v2\/product_cat?post=7413"},{"taxonomy":"product_tag","embeddable":true,"href":"https:\/\/parapharmacieenligne.ma\/en\/wp-json\/wp\/v2\/product_tag?post=7413"},{"taxonomy":"yith_product_brand","embeddable":true,"href":"https:\/\/parapharmacieenligne.ma\/en\/wp-json\/wp\/v2\/yith_product_brand?post=7413"}],"curies":[{"name":"wp","href":"https:\/\/api.w.org\/{rel}","templated":true}]}}