{"id":7510,"date":"2026-01-25T21:47:10","date_gmt":"2026-01-25T20:47:10","guid":{"rendered":"https:\/\/parapharmacieenligne.ma\/?post_type=product&#038;p=7510"},"modified":"2026-01-25T21:47:21","modified_gmt":"2026-01-25T20:47:21","slug":"algologie-coffret-fraicheur-des-vagues","status":"publish","type":"product","link":"https:\/\/parapharmacieenligne.ma\/en\/product\/algologie-coffret-fraicheur-des-vagues\/","title":{"rendered":"Algologie Coffret Fra\u00eecheur Des Vagues"},"content":{"rendered":"<div aria-labelledby=\"tab-title-description\" class=\"woocommerce-Tabs-panel woocommerce-Tabs-panel--description panel entry-content wc-tab\" id=\"tab-description\" role=\"tabpanel\" style=\"\">\n<h2>Description<\/h2>\n<p>Pour un bain d\u2019hydratation dont notre peau a bien besoin en hiver, optez pour le Programme Hydratant Vagues ! Deux indispensables pour faire plaisir ou vous faire plaisir : Cr\u00e8me des Vagues &amp; Gommage des Vagues !<\/p>\n<p>Une cr\u00e8me l\u00e9g\u00e8re et velout\u00e9e, au parfum frais et d\u00e9licat, qui fond instantan\u00e9ment sur la peau et la d\u00e9salt\u00e8re imm\u00e9diatement.<\/p>\n<\/p>\n<p><em><strong>Cr\u00e8me des Vagues <\/strong>\u2013 Pot 50 ml<\/em><\/p>\n<p><em><strong>Gommage des Vagues<\/strong> \u2013 Tube 50 ml<\/em><\/p>\n<\/p>\n<p><strong>0% PEG, PARAB\u00c8NES, HUILE MIN\u00c9RALE, PHTALATE, PH\u00c9NOXY\u00c9THANOL ET SILICONE<\/strong><\/p>\n<\/p><\/div>","protected":false},"excerpt":{"rendered":"<p>Highlights:Nettoie et hydrate tout en respectant la barri\u00e8re protectrice des peaux normales \u00e0 s\u00e8ches.\u2022 Besoin :Nettoyer | Hydrater | Peau normale \u00e0 s\u00e8che.\u2022 Ingr\u00e9dients Cl\u00e9s :C\u00e9ramides (1, 3 et 6-II) pour prot\u00e9ger et nourrir | Acides Amin\u00e9s pour retenir l\u2019eau sur la peau | Acide Hyaluronique pour maintenir la peau hydrat\u00e9e.\u2022S\u00e9curit\u00e9 :Sans Parfum | Hypoallerg\u00e9nique | Non-Com\u00e9dog\u00e8ne.\u2022 Utilisation :Appliquer matin et soir sur peau humide. Visage.<\/p>","protected":false},"featured_media":7540,"comment_status":"open","ping_status":"closed","template":"","meta":[],"product_cat":[83],"product_tag":[],"yith_product_brand":[118],"class_list":{"0":"post-7510","1":"product","2":"type-product","3":"status-publish","4":"has-post-thumbnail","6":"product_cat-soins-visage","7":"yith_product_brand-algologie","9":"first","10":"instock","11":"sale","12":"shipping-taxable","13":"purchasable","14":"product-type-simple"},"_links":{"self":[{"href":"https:\/\/parapharmacieenligne.ma\/en\/wp-json\/wp\/v2\/product\/7510","targetHints":{"allow":["GET"]}}],"collection":[{"href":"https:\/\/parapharmacieenligne.ma\/en\/wp-json\/wp\/v2\/product"}],"about":[{"href":"https:\/\/parapharmacieenligne.ma\/en\/wp-json\/wp\/v2\/types\/product"}],"replies":[{"embeddable":true,"href":"https:\/\/parapharmacieenligne.ma\/en\/wp-json\/wp\/v2\/comments?post=7510"}],"version-history":[{"count":1,"href":"https:\/\/parapharmacieenligne.ma\/en\/wp-json\/wp\/v2\/product\/7510\/revisions"}],"predecessor-version":[{"id":7541,"href":"https:\/\/parapharmacieenligne.ma\/en\/wp-json\/wp\/v2\/product\/7510\/revisions\/7541"}],"wp:featuredmedia":[{"embeddable":true,"href":"https:\/\/parapharmacieenligne.ma\/en\/wp-json\/wp\/v2\/media\/7540"}],"wp:attachment":[{"href":"https:\/\/parapharmacieenligne.ma\/en\/wp-json\/wp\/v2\/media?parent=7510"}],"wp:term":[{"taxonomy":"product_cat","embeddable":true,"href":"https:\/\/parapharmacieenligne.ma\/en\/wp-json\/wp\/v2\/product_cat?post=7510"},{"taxonomy":"product_tag","embeddable":true,"href":"https:\/\/parapharmacieenligne.ma\/en\/wp-json\/wp\/v2\/product_tag?post=7510"},{"taxonomy":"yith_product_brand","embeddable":true,"href":"https:\/\/parapharmacieenligne.ma\/en\/wp-json\/wp\/v2\/yith_product_brand?post=7510"}],"curies":[{"name":"wp","href":"https:\/\/api.w.org\/{rel}","templated":true}]}}