{"id":7511,"date":"2026-01-25T21:47:11","date_gmt":"2026-01-25T20:47:11","guid":{"rendered":"https:\/\/parapharmacieenligne.ma\/?post_type=product&#038;p=7511"},"modified":"2026-01-25T21:47:24","modified_gmt":"2026-01-25T20:47:24","slug":"algologie-pochon-correction-du-rivage","status":"publish","type":"product","link":"https:\/\/parapharmacieenligne.ma\/en\/product\/algologie-pochon-correction-du-rivage\/","title":{"rendered":"Algologie Pochon Correction Du Rivage"},"content":{"rendered":"","protected":false},"excerpt":{"rendered":"<p>Highlights:\u2022 EXFOLIE, contient des microbilles de cellulose et de cire de jojoba.\u2022 PURIFIEgr\u00e2ce \u00e0 son effet peeling.\u2022 APAISEgr\u00e2ce aux propri\u00e9t\u00e9s de l\u2019Eau thermale d\u2019Av\u00e8ne.<\/p>","protected":false},"featured_media":7542,"comment_status":"open","ping_status":"closed","template":"","meta":[],"product_cat":[83],"product_tag":[],"yith_product_brand":[118],"class_list":{"0":"post-7511","1":"product","2":"type-product","3":"status-publish","4":"has-post-thumbnail","6":"product_cat-soins-visage","7":"yith_product_brand-algologie","9":"first","10":"instock","11":"sale","12":"shipping-taxable","13":"purchasable","14":"product-type-simple"},"_links":{"self":[{"href":"https:\/\/parapharmacieenligne.ma\/en\/wp-json\/wp\/v2\/product\/7511","targetHints":{"allow":["GET"]}}],"collection":[{"href":"https:\/\/parapharmacieenligne.ma\/en\/wp-json\/wp\/v2\/product"}],"about":[{"href":"https:\/\/parapharmacieenligne.ma\/en\/wp-json\/wp\/v2\/types\/product"}],"replies":[{"embeddable":true,"href":"https:\/\/parapharmacieenligne.ma\/en\/wp-json\/wp\/v2\/comments?post=7511"}],"version-history":[{"count":1,"href":"https:\/\/parapharmacieenligne.ma\/en\/wp-json\/wp\/v2\/product\/7511\/revisions"}],"predecessor-version":[{"id":7543,"href":"https:\/\/parapharmacieenligne.ma\/en\/wp-json\/wp\/v2\/product\/7511\/revisions\/7543"}],"wp:featuredmedia":[{"embeddable":true,"href":"https:\/\/parapharmacieenligne.ma\/en\/wp-json\/wp\/v2\/media\/7542"}],"wp:attachment":[{"href":"https:\/\/parapharmacieenligne.ma\/en\/wp-json\/wp\/v2\/media?parent=7511"}],"wp:term":[{"taxonomy":"product_cat","embeddable":true,"href":"https:\/\/parapharmacieenligne.ma\/en\/wp-json\/wp\/v2\/product_cat?post=7511"},{"taxonomy":"product_tag","embeddable":true,"href":"https:\/\/parapharmacieenligne.ma\/en\/wp-json\/wp\/v2\/product_tag?post=7511"},{"taxonomy":"yith_product_brand","embeddable":true,"href":"https:\/\/parapharmacieenligne.ma\/en\/wp-json\/wp\/v2\/yith_product_brand?post=7511"}],"curies":[{"name":"wp","href":"https:\/\/api.w.org\/{rel}","templated":true}]}}