{"id":7512,"date":"2026-01-25T21:47:11","date_gmt":"2026-01-25T20:47:11","guid":{"rendered":"https:\/\/parapharmacieenligne.ma\/?post_type=product&#038;p=7512"},"modified":"2026-01-25T21:47:29","modified_gmt":"2026-01-25T20:47:29","slug":"algologie-pochon-eclat-du-jardin-marin","status":"publish","type":"product","link":"https:\/\/parapharmacieenligne.ma\/en\/product\/algologie-pochon-eclat-du-jardin-marin\/","title":{"rendered":"Algologie Pochon \u00c9clat Du Jardin Marin"},"content":{"rendered":"<div aria-labelledby=\"tab-title-description\" class=\"woocommerce-Tabs-panel woocommerce-Tabs-panel--description panel entry-content wc-tab\" id=\"tab-description\" role=\"tabpanel\" style=\"\">\n<h2>Description<\/h2>\n<p><strong><em>Cr\u00e8me du Jardin Marin 50 ml<br \/>\n <\/em><\/strong><\/p>\n<p>Une cr\u00e8me riche et fondante, particuli\u00e8rement hydratante, nourrissante et protectrice, qui associe la puissance d\u2019ALGO 4\u00ae \u00e0 des actifs connus pour leurs propri\u00e9t\u00e9s anti-oxydantes, raffermissantes et r\u00e9g\u00e9n\u00e9rantes.<\/p>\n<\/p>\n<ul>\n<li><strong>90% Peau comme r\u00e9g\u00e9n\u00e9r\u00e9e*<\/strong><\/li>\n<li><strong>86% Peau durablement prot\u00e9g\u00e9e*<\/strong><\/li>\n<\/ul>\n<p>*Tests d\u2019usage r\u00e9alis\u00e9 sur 39 personnes pendant 4 semaines avec application quotidienne. \u2013 % de satisfaction<\/p>\n<\/p>\n<p><strong><em>Eau D\u00e9maquillante Oligo-Micellaire 200 ml<\/em><\/strong><\/p>\n<p>Sa formule \u00e0 base de complexe ALGO 4\u00ae et d\u2019oligo-\u00e9l\u00e9ments permet de remin\u00e9raliser la peau d\u00e8s l\u2019\u00e9tape du d\u00e9maquillage.<\/p>\n<\/p>\n<p><strong>0% PEG, PARAB\u00c8NES, HUILE MIN\u00c9RALE, PHTALATE, PH\u00c9NOXY\u00c9THANOL ET SILICONE<\/strong><\/p>\n<\/p><\/div>","protected":false},"excerpt":{"rendered":"<p>Highlights:Pour un moment de bien-\u00eatre, optez pour le duo \u00e9clat et r\u00e9g\u00e9n\u00e9ration !<\/p>","protected":false},"featured_media":7544,"comment_status":"open","ping_status":"closed","template":"","meta":[],"product_cat":[83],"product_tag":[],"yith_product_brand":[118],"class_list":{"0":"post-7512","1":"product","2":"type-product","3":"status-publish","4":"has-post-thumbnail","6":"product_cat-soins-visage","7":"yith_product_brand-algologie","9":"first","10":"instock","11":"sale","12":"shipping-taxable","13":"purchasable","14":"product-type-simple"},"_links":{"self":[{"href":"https:\/\/parapharmacieenligne.ma\/en\/wp-json\/wp\/v2\/product\/7512","targetHints":{"allow":["GET"]}}],"collection":[{"href":"https:\/\/parapharmacieenligne.ma\/en\/wp-json\/wp\/v2\/product"}],"about":[{"href":"https:\/\/parapharmacieenligne.ma\/en\/wp-json\/wp\/v2\/types\/product"}],"replies":[{"embeddable":true,"href":"https:\/\/parapharmacieenligne.ma\/en\/wp-json\/wp\/v2\/comments?post=7512"}],"version-history":[{"count":1,"href":"https:\/\/parapharmacieenligne.ma\/en\/wp-json\/wp\/v2\/product\/7512\/revisions"}],"predecessor-version":[{"id":7545,"href":"https:\/\/parapharmacieenligne.ma\/en\/wp-json\/wp\/v2\/product\/7512\/revisions\/7545"}],"wp:featuredmedia":[{"embeddable":true,"href":"https:\/\/parapharmacieenligne.ma\/en\/wp-json\/wp\/v2\/media\/7544"}],"wp:attachment":[{"href":"https:\/\/parapharmacieenligne.ma\/en\/wp-json\/wp\/v2\/media?parent=7512"}],"wp:term":[{"taxonomy":"product_cat","embeddable":true,"href":"https:\/\/parapharmacieenligne.ma\/en\/wp-json\/wp\/v2\/product_cat?post=7512"},{"taxonomy":"product_tag","embeddable":true,"href":"https:\/\/parapharmacieenligne.ma\/en\/wp-json\/wp\/v2\/product_tag?post=7512"},{"taxonomy":"yith_product_brand","embeddable":true,"href":"https:\/\/parapharmacieenligne.ma\/en\/wp-json\/wp\/v2\/yith_product_brand?post=7512"}],"curies":[{"name":"wp","href":"https:\/\/api.w.org\/{rel}","templated":true}]}}