{"id":7517,"date":"2026-01-25T21:47:13","date_gmt":"2026-01-25T20:47:13","guid":{"rendered":"https:\/\/parapharmacieenligne.ma\/?post_type=product&#038;p=7517"},"modified":"2026-01-25T21:47:47","modified_gmt":"2026-01-25T20:47:47","slug":"algologie-huile-de-pen-lan-huile-universelle-100ml","status":"publish","type":"product","link":"https:\/\/parapharmacieenligne.ma\/en\/product\/algologie-huile-de-pen-lan-huile-universelle-100ml\/","title":{"rendered":"Algologie Huile De Pen Lan Huile Universelle 100ml"},"content":{"rendered":"<div aria-labelledby=\"tab-title-description\" class=\"woocommerce-Tabs-panel woocommerce-Tabs-panel--description panel entry-content wc-tab\" id=\"tab-description\" role=\"tabpanel\" style=\"\">\n<h2>Description<\/h2>\n<p>Une huile d\u00e9licieusement parfum\u00e9e qui sublime instantan\u00e9ment la peau d\u2019un l\u00e9ger voile satin\u00e9<\/p>\n<p>100% d\u2019origine naturelle.<\/p>\n<\/p>\n<ul>\n<li><strong>96% Corps et cheveux nourris en un seul geste*<\/strong><\/li>\n<li><strong>100% Peau imm\u00e9diatement hydrat\u00e9e*<\/strong><\/li>\n<\/ul>\n<p>*Test consommateur r\u00e9alis\u00e9 sur 33 volontaires pendant 1 semaine avec application quotidienne. \u2013 % de satisfaction<\/p>\n<\/p>\n<p><strong>0% PEG, PARAB\u00c8NES, HUILE MIN\u00c9RALE, PHTALATE, PH\u00c9NOXY\u00c9THANOL ET SILICONE<\/strong><\/p>\n<\/p><\/div>","protected":false},"excerpt":{"rendered":"<p>Highlights:Sublime le corps et les cheveux.Nourrit et hydrate en profondeur.<\/p>","protected":false},"featured_media":7559,"comment_status":"open","ping_status":"closed","template":"","meta":[],"product_cat":[85],"product_tag":[],"yith_product_brand":[118],"class_list":{"0":"post-7517","1":"product","2":"type-product","3":"status-publish","4":"has-post-thumbnail","6":"product_cat-soins-corps","7":"yith_product_brand-algologie","9":"first","10":"instock","11":"sale","12":"shipping-taxable","13":"purchasable","14":"product-type-simple"},"_links":{"self":[{"href":"https:\/\/parapharmacieenligne.ma\/en\/wp-json\/wp\/v2\/product\/7517","targetHints":{"allow":["GET"]}}],"collection":[{"href":"https:\/\/parapharmacieenligne.ma\/en\/wp-json\/wp\/v2\/product"}],"about":[{"href":"https:\/\/parapharmacieenligne.ma\/en\/wp-json\/wp\/v2\/types\/product"}],"replies":[{"embeddable":true,"href":"https:\/\/parapharmacieenligne.ma\/en\/wp-json\/wp\/v2\/comments?post=7517"}],"version-history":[{"count":1,"href":"https:\/\/parapharmacieenligne.ma\/en\/wp-json\/wp\/v2\/product\/7517\/revisions"}],"predecessor-version":[{"id":7560,"href":"https:\/\/parapharmacieenligne.ma\/en\/wp-json\/wp\/v2\/product\/7517\/revisions\/7560"}],"wp:featuredmedia":[{"embeddable":true,"href":"https:\/\/parapharmacieenligne.ma\/en\/wp-json\/wp\/v2\/media\/7559"}],"wp:attachment":[{"href":"https:\/\/parapharmacieenligne.ma\/en\/wp-json\/wp\/v2\/media?parent=7517"}],"wp:term":[{"taxonomy":"product_cat","embeddable":true,"href":"https:\/\/parapharmacieenligne.ma\/en\/wp-json\/wp\/v2\/product_cat?post=7517"},{"taxonomy":"product_tag","embeddable":true,"href":"https:\/\/parapharmacieenligne.ma\/en\/wp-json\/wp\/v2\/product_tag?post=7517"},{"taxonomy":"yith_product_brand","embeddable":true,"href":"https:\/\/parapharmacieenligne.ma\/en\/wp-json\/wp\/v2\/yith_product_brand?post=7517"}],"curies":[{"name":"wp","href":"https:\/\/api.w.org\/{rel}","templated":true}]}}