{"id":7519,"date":"2026-01-25T21:47:14","date_gmt":"2026-01-25T20:47:14","guid":{"rendered":"https:\/\/parapharmacieenligne.ma\/?post_type=product&#038;p=7519"},"modified":"2026-01-25T21:47:51","modified_gmt":"2026-01-25T20:47:51","slug":"algologie-bain-originel-huile-corps-drainant-125ml","status":"publish","type":"product","link":"https:\/\/parapharmacieenligne.ma\/en\/product\/algologie-bain-originel-huile-corps-drainant-125ml\/","title":{"rendered":"Algologie Bain Originel Huile Corps Drainant 125ml"},"content":{"rendered":"<div aria-labelledby=\"tab-title-description\" class=\"woocommerce-Tabs-panel woocommerce-Tabs-panel--description panel entry-content wc-tab\" id=\"tab-description\" role=\"tabpanel\" style=\"\">\n<h2>Description<\/h2>\n<p>Une huile micellaire qui se transforme en un voile lact\u00e9 au contact de l\u2019eau. Elle associe la puissance d\u2019ALGO 4\u00ae \u00e0 un cocktail d\u2019huiles essentielles drainantes et d\u00e9sinfiltrantes (Citron, G\u00e9ranium, C\u00e8dre) et un extrait de Fucus, stimulant et r\u00e9g\u00e9n\u00e9rant.<\/p>\n<\/p>\n<ul>\n<li><strong>100% Peau tonifi\u00e9e*<\/strong><\/li>\n<li><strong>90% Jambes lourdes soulag\u00e9es*<\/strong><\/li>\n<li><strong>100% satisfaction*<\/strong><\/li>\n<\/ul>\n<p>*Test consommateur r\u00e9alis\u00e9 sur 10 volontaires pendant 2 semaines avec application quotidienne. \u2013 % de satisfaction<\/p>\n<\/p>\n<p><strong>0% PEG, PARAB\u00c8NES, HUILE MIN\u00c9RALE, PHTALATE, PH\u00c9NOXY\u00c9THANOL ET SILICONE<\/strong><\/p>\n<\/p><\/div>","protected":false},"excerpt":{"rendered":"<p>Highlights:La peau retrouve souplesse, fermet\u00e9 et confort. Elle s\u2019enveloppe d\u2019un voile satin\u00e9.<\/p>","protected":false},"featured_media":7563,"comment_status":"open","ping_status":"closed","template":"","meta":[],"product_cat":[85],"product_tag":[],"yith_product_brand":[118],"class_list":{"0":"post-7519","1":"product","2":"type-product","3":"status-publish","4":"has-post-thumbnail","6":"product_cat-soins-corps","7":"yith_product_brand-algologie","9":"first","10":"instock","11":"sale","12":"shipping-taxable","13":"purchasable","14":"product-type-simple"},"_links":{"self":[{"href":"https:\/\/parapharmacieenligne.ma\/en\/wp-json\/wp\/v2\/product\/7519","targetHints":{"allow":["GET"]}}],"collection":[{"href":"https:\/\/parapharmacieenligne.ma\/en\/wp-json\/wp\/v2\/product"}],"about":[{"href":"https:\/\/parapharmacieenligne.ma\/en\/wp-json\/wp\/v2\/types\/product"}],"replies":[{"embeddable":true,"href":"https:\/\/parapharmacieenligne.ma\/en\/wp-json\/wp\/v2\/comments?post=7519"}],"version-history":[{"count":1,"href":"https:\/\/parapharmacieenligne.ma\/en\/wp-json\/wp\/v2\/product\/7519\/revisions"}],"predecessor-version":[{"id":7564,"href":"https:\/\/parapharmacieenligne.ma\/en\/wp-json\/wp\/v2\/product\/7519\/revisions\/7564"}],"wp:featuredmedia":[{"embeddable":true,"href":"https:\/\/parapharmacieenligne.ma\/en\/wp-json\/wp\/v2\/media\/7563"}],"wp:attachment":[{"href":"https:\/\/parapharmacieenligne.ma\/en\/wp-json\/wp\/v2\/media?parent=7519"}],"wp:term":[{"taxonomy":"product_cat","embeddable":true,"href":"https:\/\/parapharmacieenligne.ma\/en\/wp-json\/wp\/v2\/product_cat?post=7519"},{"taxonomy":"product_tag","embeddable":true,"href":"https:\/\/parapharmacieenligne.ma\/en\/wp-json\/wp\/v2\/product_tag?post=7519"},{"taxonomy":"yith_product_brand","embeddable":true,"href":"https:\/\/parapharmacieenligne.ma\/en\/wp-json\/wp\/v2\/yith_product_brand?post=7519"}],"curies":[{"name":"wp","href":"https:\/\/api.w.org\/{rel}","templated":true}]}}