{"id":7529,"date":"2026-01-25T21:47:17","date_gmt":"2026-01-25T20:47:17","guid":{"rendered":"https:\/\/parapharmacieenligne.ma\/?post_type=product&#038;p=7529"},"modified":"2026-01-25T21:48:24","modified_gmt":"2026-01-25T20:48:24","slug":"algologie-creme-du-littoral-creme-protectrice-mains-ongles-75ml","status":"publish","type":"product","link":"https:\/\/parapharmacieenligne.ma\/en\/product\/algologie-creme-du-littoral-creme-protectrice-mains-ongles-75ml\/","title":{"rendered":"Algologie cr\u00e8me du littoral cr\u00e8me protectrice mains &#038; ongles 75ml"},"content":{"rendered":"<div aria-labelledby=\"tab-title-description\" class=\"woocommerce-Tabs-panel woocommerce-Tabs-panel--description panel entry-content wc-tab\" id=\"tab-description\" role=\"tabpanel\" style=\"\">\n<h2>Description<\/h2>\n<p>Cette cr\u00e8me \u00e0 la texture cocooning enveloppe les mains d\u2019un film protecteur et les laisse douces et satin\u00e9es, sans laisser de film gras. Enrichie en Provitamine B5, elle aide \u00e0 renforcer les ongles.<\/p>\n<p>Les mains retrouvent leur douceur.<\/p>\n<p>Les ongles sont fortifi\u00e9s.<\/p>\n<p>Une texture g\u00e9n\u00e9reuse et onctueuse qui p\u00e9n\u00e8tre facilement<\/p>\n<p>Ne laisse pas de film gras<\/p>\n<\/p><\/div>","protected":false},"excerpt":{"rendered":"<p>Highlights:Appliquer en l\u00e9gers massages sur les mains, les ongles et le contour des ongles.\u00c0 utiliser tout au long de la journ\u00e9e.<\/p>","protected":false},"featured_media":7590,"comment_status":"open","ping_status":"closed","template":"","meta":[],"product_cat":[85],"product_tag":[],"yith_product_brand":[118],"class_list":{"0":"post-7529","1":"product","2":"type-product","3":"status-publish","4":"has-post-thumbnail","6":"product_cat-soins-corps","7":"yith_product_brand-algologie","9":"first","10":"instock","11":"sale","12":"shipping-taxable","13":"purchasable","14":"product-type-simple"},"_links":{"self":[{"href":"https:\/\/parapharmacieenligne.ma\/en\/wp-json\/wp\/v2\/product\/7529","targetHints":{"allow":["GET"]}}],"collection":[{"href":"https:\/\/parapharmacieenligne.ma\/en\/wp-json\/wp\/v2\/product"}],"about":[{"href":"https:\/\/parapharmacieenligne.ma\/en\/wp-json\/wp\/v2\/types\/product"}],"replies":[{"embeddable":true,"href":"https:\/\/parapharmacieenligne.ma\/en\/wp-json\/wp\/v2\/comments?post=7529"}],"version-history":[{"count":1,"href":"https:\/\/parapharmacieenligne.ma\/en\/wp-json\/wp\/v2\/product\/7529\/revisions"}],"predecessor-version":[{"id":7591,"href":"https:\/\/parapharmacieenligne.ma\/en\/wp-json\/wp\/v2\/product\/7529\/revisions\/7591"}],"wp:featuredmedia":[{"embeddable":true,"href":"https:\/\/parapharmacieenligne.ma\/en\/wp-json\/wp\/v2\/media\/7590"}],"wp:attachment":[{"href":"https:\/\/parapharmacieenligne.ma\/en\/wp-json\/wp\/v2\/media?parent=7529"}],"wp:term":[{"taxonomy":"product_cat","embeddable":true,"href":"https:\/\/parapharmacieenligne.ma\/en\/wp-json\/wp\/v2\/product_cat?post=7529"},{"taxonomy":"product_tag","embeddable":true,"href":"https:\/\/parapharmacieenligne.ma\/en\/wp-json\/wp\/v2\/product_tag?post=7529"},{"taxonomy":"yith_product_brand","embeddable":true,"href":"https:\/\/parapharmacieenligne.ma\/en\/wp-json\/wp\/v2\/yith_product_brand?post=7529"}],"curies":[{"name":"wp","href":"https:\/\/api.w.org\/{rel}","templated":true}]}}