{"id":7530,"date":"2026-01-25T21:47:17","date_gmt":"2026-01-25T20:47:17","guid":{"rendered":"https:\/\/parapharmacieenligne.ma\/?post_type=product&#038;p=7530"},"modified":"2026-01-25T21:48:28","modified_gmt":"2026-01-25T20:48:28","slug":"algologie-regard-du-rivage-contour-des-yeux-combleur-15ml","status":"publish","type":"product","link":"https:\/\/parapharmacieenligne.ma\/en\/product\/algologie-regard-du-rivage-contour-des-yeux-combleur-15ml\/","title":{"rendered":"Algologie Regard du rivage contour des yeux combleur 15ml"},"content":{"rendered":"<div aria-labelledby=\"tab-title-description\" class=\"woocommerce-Tabs-panel woocommerce-Tabs-panel--description panel entry-content wc-tab\" id=\"tab-description\" role=\"tabpanel\" style=\"\">\n<h2>Description<\/h2>\n<p>Appliquer matin et\/ou soir par effleurages sur le contour des yeux et le contour des l\u00e8vres. Eviter l\u2019application sur les l\u00e8vres.<\/p>\n<p>Imm\u00e9diatement, le contour de l\u2019\u0153il est d\u00e9froiss\u00e9. Jour apr\u00e8s jour, le regard est rajeuni.<\/p>\n<ul>\n<li>Effet combleur de rides imm\u00e9diat.<\/li>\n<li>Texture nacr\u00e9e onctueuse qui illumine le regard.<\/li>\n<li>Soin double : anti-\u00e2ge et anti-cernes.<\/li>\n<\/ul><\/div>","protected":false},"excerpt":{"rendered":"<p>Highlights:Appliquer matin et\/ou soir par effleurages sur le contour des yeux.<\/p>","protected":false},"featured_media":7592,"comment_status":"open","ping_status":"closed","template":"","meta":[],"product_cat":[83],"product_tag":[],"yith_product_brand":[118],"class_list":{"0":"post-7530","1":"product","2":"type-product","3":"status-publish","4":"has-post-thumbnail","6":"product_cat-soins-visage","7":"yith_product_brand-algologie","9":"first","10":"instock","11":"sale","12":"shipping-taxable","13":"purchasable","14":"product-type-simple"},"_links":{"self":[{"href":"https:\/\/parapharmacieenligne.ma\/en\/wp-json\/wp\/v2\/product\/7530","targetHints":{"allow":["GET"]}}],"collection":[{"href":"https:\/\/parapharmacieenligne.ma\/en\/wp-json\/wp\/v2\/product"}],"about":[{"href":"https:\/\/parapharmacieenligne.ma\/en\/wp-json\/wp\/v2\/types\/product"}],"replies":[{"embeddable":true,"href":"https:\/\/parapharmacieenligne.ma\/en\/wp-json\/wp\/v2\/comments?post=7530"}],"version-history":[{"count":1,"href":"https:\/\/parapharmacieenligne.ma\/en\/wp-json\/wp\/v2\/product\/7530\/revisions"}],"predecessor-version":[{"id":7593,"href":"https:\/\/parapharmacieenligne.ma\/en\/wp-json\/wp\/v2\/product\/7530\/revisions\/7593"}],"wp:featuredmedia":[{"embeddable":true,"href":"https:\/\/parapharmacieenligne.ma\/en\/wp-json\/wp\/v2\/media\/7592"}],"wp:attachment":[{"href":"https:\/\/parapharmacieenligne.ma\/en\/wp-json\/wp\/v2\/media?parent=7530"}],"wp:term":[{"taxonomy":"product_cat","embeddable":true,"href":"https:\/\/parapharmacieenligne.ma\/en\/wp-json\/wp\/v2\/product_cat?post=7530"},{"taxonomy":"product_tag","embeddable":true,"href":"https:\/\/parapharmacieenligne.ma\/en\/wp-json\/wp\/v2\/product_tag?post=7530"},{"taxonomy":"yith_product_brand","embeddable":true,"href":"https:\/\/parapharmacieenligne.ma\/en\/wp-json\/wp\/v2\/yith_product_brand?post=7530"}],"curies":[{"name":"wp","href":"https:\/\/api.w.org\/{rel}","templated":true}]}}