{"id":7532,"date":"2026-01-25T21:47:17","date_gmt":"2026-01-25T20:47:17","guid":{"rendered":"https:\/\/parapharmacieenligne.ma\/?post_type=product&#038;p=7532"},"modified":"2026-01-25T21:48:33","modified_gmt":"2026-01-25T20:48:33","slug":"algologie-exfoliant-des-dunes-doux-peeling-50ml","status":"publish","type":"product","link":"https:\/\/parapharmacieenligne.ma\/en\/product\/algologie-exfoliant-des-dunes-doux-peeling-50ml\/","title":{"rendered":"Algologie Exfoliant des dunes doux peeling 50ml"},"content":{"rendered":"<div aria-labelledby=\"tab-title-description\" class=\"woocommerce-Tabs-panel woocommerce-Tabs-panel--description panel entry-content wc-tab\" id=\"tab-description\" role=\"tabpanel\" style=\"\">\n<h2>Description<\/h2>\n<p>Ce peeling enzymatique tr\u00e8s doux offre un effet peau neuve \u00e0 toutes les peaux, m\u00eames sensibles. Sa texture gel sans grain fond sur la peau pour la lib\u00e9rer de ses impuret\u00e9s et gommer les cellules mortes.<\/p>\n<ul>\n<li>Le grain de peau est affin\u00e9.<\/li>\n<li>La peau est nette et lisse.<\/li>\n<li>Le teint est unifi\u00e9 et lumineux.<\/li>\n<li>Une texture in\u00e9dite gel nacr\u00e9 qui se transforme en huile puis en lait.<\/li>\n<li>Un parfum doux et d\u00e9licat.<\/li>\n<\/ul><\/div>","protected":false},"excerpt":{"rendered":"<p>Highlights:1 \u00e0 2 fois par semaine, appliquer en couche fine sur l\u2019ensemble du visage parfaitement nettoy\u00e9, en \u00e9vitant le contour des yeux. Laisser poser 5 minutes puis masser du bout des doigts jusqu\u2019\u00e0 ce que le produit se liqu\u00e9fie. Rincer \u00e0 l\u2019eau ti\u00e8de et tonifier.<\/p>","protected":false},"featured_media":7596,"comment_status":"open","ping_status":"closed","template":"","meta":[],"product_cat":[83],"product_tag":[],"yith_product_brand":[118],"class_list":{"0":"post-7532","1":"product","2":"type-product","3":"status-publish","4":"has-post-thumbnail","6":"product_cat-soins-visage","7":"yith_product_brand-algologie","9":"first","10":"instock","11":"sale","12":"shipping-taxable","13":"purchasable","14":"product-type-simple"},"_links":{"self":[{"href":"https:\/\/parapharmacieenligne.ma\/en\/wp-json\/wp\/v2\/product\/7532","targetHints":{"allow":["GET"]}}],"collection":[{"href":"https:\/\/parapharmacieenligne.ma\/en\/wp-json\/wp\/v2\/product"}],"about":[{"href":"https:\/\/parapharmacieenligne.ma\/en\/wp-json\/wp\/v2\/types\/product"}],"replies":[{"embeddable":true,"href":"https:\/\/parapharmacieenligne.ma\/en\/wp-json\/wp\/v2\/comments?post=7532"}],"version-history":[{"count":1,"href":"https:\/\/parapharmacieenligne.ma\/en\/wp-json\/wp\/v2\/product\/7532\/revisions"}],"predecessor-version":[{"id":7597,"href":"https:\/\/parapharmacieenligne.ma\/en\/wp-json\/wp\/v2\/product\/7532\/revisions\/7597"}],"wp:featuredmedia":[{"embeddable":true,"href":"https:\/\/parapharmacieenligne.ma\/en\/wp-json\/wp\/v2\/media\/7596"}],"wp:attachment":[{"href":"https:\/\/parapharmacieenligne.ma\/en\/wp-json\/wp\/v2\/media?parent=7532"}],"wp:term":[{"taxonomy":"product_cat","embeddable":true,"href":"https:\/\/parapharmacieenligne.ma\/en\/wp-json\/wp\/v2\/product_cat?post=7532"},{"taxonomy":"product_tag","embeddable":true,"href":"https:\/\/parapharmacieenligne.ma\/en\/wp-json\/wp\/v2\/product_tag?post=7532"},{"taxonomy":"yith_product_brand","embeddable":true,"href":"https:\/\/parapharmacieenligne.ma\/en\/wp-json\/wp\/v2\/yith_product_brand?post=7532"}],"curies":[{"name":"wp","href":"https:\/\/api.w.org\/{rel}","templated":true}]}}