{"id":7533,"date":"2026-01-25T21:47:18","date_gmt":"2026-01-25T20:47:18","guid":{"rendered":"https:\/\/parapharmacieenligne.ma\/?post_type=product&#038;p=7533"},"modified":"2026-01-25T21:48:38","modified_gmt":"2026-01-25T20:48:38","slug":"algologie-hydra-ecume-poudre-moussante-double-exfoliation-45g","status":"publish","type":"product","link":"https:\/\/parapharmacieenligne.ma\/en\/product\/algologie-hydra-ecume-poudre-moussante-double-exfoliation-45g\/","title":{"rendered":"ALGOLOGIE Hydra Ecume \u2013 Poudre Moussante Double Exfoliation 45g"},"content":{"rendered":"<div aria-labelledby=\"tab-title-description\" class=\"woocommerce-Tabs-panel woocommerce-Tabs-panel--description panel entry-content wc-tab\" id=\"tab-description\" role=\"tabpanel\">\n<h2>Description<\/h2>\n<p>La Poudre Moussante Double Exfoliation, \u00e0 la fine poudre issue d\u2019algue rouge et de riz, est enrichie en AHA pour \u00e9liminer les impuret\u00e9s, lisser la peau et raviver l\u2019\u00e9clat du teint.<\/p>\n<ul>\n<li>100% peau exfoli\u00e9e en douceur<\/li>\n<li>98% Peau est plus belle<\/li>\n<li>100% satisfait &amp; recommand\u00e9<\/li>\n<\/ul>\n<p>93\/100 Excellent sur YUKA<\/p>\n<p>0% PEG, PARAB\u00c8NES, HUILE MIN\u00c9RALE, PHTALATE, PH\u00c9NOXY\u00c9THANOL ET SILICONE<\/p>\n<p><strong>CONSEILS D\u2019UTILISATION :<\/strong><br \/>\n 2 \u00e0 3 fois par semaine, verser une petite quantit\u00e9 de poudre sur mains humides. Masser sur le visage et faire mousser par mouvements circulaires en \u00e9vitant le contour des yeux puis rincer.<\/p>\n<p>Ne pas inhaler la poudre.<\/p>\n<\/p><\/div>","protected":false},"excerpt":{"rendered":"<p>Highlights:Le nouveau geste flash naturel &#038; engag\u00e9 pour raviver l\u2019\u00e9clat du teint !<\/p>","protected":false},"featured_media":7601,"comment_status":"open","ping_status":"closed","template":"","meta":[],"product_cat":[83],"product_tag":[],"yith_product_brand":[118],"class_list":{"0":"post-7533","1":"product","2":"type-product","3":"status-publish","4":"has-post-thumbnail","6":"product_cat-soins-visage","7":"yith_product_brand-algologie","9":"first","10":"instock","11":"sale","12":"shipping-taxable","13":"purchasable","14":"product-type-simple"},"_links":{"self":[{"href":"https:\/\/parapharmacieenligne.ma\/en\/wp-json\/wp\/v2\/product\/7533","targetHints":{"allow":["GET"]}}],"collection":[{"href":"https:\/\/parapharmacieenligne.ma\/en\/wp-json\/wp\/v2\/product"}],"about":[{"href":"https:\/\/parapharmacieenligne.ma\/en\/wp-json\/wp\/v2\/types\/product"}],"replies":[{"embeddable":true,"href":"https:\/\/parapharmacieenligne.ma\/en\/wp-json\/wp\/v2\/comments?post=7533"}],"version-history":[{"count":1,"href":"https:\/\/parapharmacieenligne.ma\/en\/wp-json\/wp\/v2\/product\/7533\/revisions"}],"predecessor-version":[{"id":7602,"href":"https:\/\/parapharmacieenligne.ma\/en\/wp-json\/wp\/v2\/product\/7533\/revisions\/7602"}],"wp:featuredmedia":[{"embeddable":true,"href":"https:\/\/parapharmacieenligne.ma\/en\/wp-json\/wp\/v2\/media\/7601"}],"wp:attachment":[{"href":"https:\/\/parapharmacieenligne.ma\/en\/wp-json\/wp\/v2\/media?parent=7533"}],"wp:term":[{"taxonomy":"product_cat","embeddable":true,"href":"https:\/\/parapharmacieenligne.ma\/en\/wp-json\/wp\/v2\/product_cat?post=7533"},{"taxonomy":"product_tag","embeddable":true,"href":"https:\/\/parapharmacieenligne.ma\/en\/wp-json\/wp\/v2\/product_tag?post=7533"},{"taxonomy":"yith_product_brand","embeddable":true,"href":"https:\/\/parapharmacieenligne.ma\/en\/wp-json\/wp\/v2\/yith_product_brand?post=7533"}],"curies":[{"name":"wp","href":"https:\/\/api.w.org\/{rel}","templated":true}]}}