{"id":7538,"date":"2026-01-25T21:47:19","date_gmt":"2026-01-25T20:47:19","guid":{"rendered":"https:\/\/parapharmacieenligne.ma\/?post_type=product&#038;p=7538"},"modified":"2026-01-25T21:48:49","modified_gmt":"2026-01-25T20:48:49","slug":"algologie-masque-de-larchipel-masque-purifiant-50ml","status":"publish","type":"product","link":"https:\/\/parapharmacieenligne.ma\/en\/product\/algologie-masque-de-larchipel-masque-purifiant-50ml\/","title":{"rendered":"Algologie Masque de l\u2019archipel masque purifiant 50ml"},"content":{"rendered":"<div aria-labelledby=\"tab-title-description\" class=\"woocommerce-Tabs-panel woocommerce-Tabs-panel--description panel entry-content wc-tab\" id=\"tab-description\" role=\"tabpanel\" style=\"\">\n<h2>Description<\/h2>\n<p>Ce masque combine l\u2019action absorbante de limons marins et d\u2019argile verte pour purifier la peau sans la dess\u00e9cher. Id\u00e9al pour une mise en beaut\u00e9 imm\u00e9diate, il d\u00e9sincruste les pores obstru\u00e9s pour r\u00e9v\u00e9ler un teint qui parait visiblement plus clair, lumineux et \u00e9clatant.<\/p>\n<\/p><\/div>","protected":false},"excerpt":{"rendered":"<p>Highlights:1 \u00e0 2 fois par semaine, appliquer en couche \u00e9paisse sur l\u2019ensemble du visage pr\u00e9alablement d\u00e9maquill\u00e9 et s\u00e9ch\u00e9, en \u00e9vitant le contour des yeux. Laisser poser 15 minutes puis rincer \u00e0 l\u2019eau ti\u00e8de et tonifier.<\/p>","protected":false},"featured_media":7611,"comment_status":"open","ping_status":"closed","template":"","meta":[],"product_cat":[83],"product_tag":[],"yith_product_brand":[118],"class_list":{"0":"post-7538","1":"product","2":"type-product","3":"status-publish","4":"has-post-thumbnail","6":"product_cat-soins-visage","7":"yith_product_brand-algologie","9":"first","10":"instock","11":"sale","12":"shipping-taxable","13":"purchasable","14":"product-type-simple"},"_links":{"self":[{"href":"https:\/\/parapharmacieenligne.ma\/en\/wp-json\/wp\/v2\/product\/7538","targetHints":{"allow":["GET"]}}],"collection":[{"href":"https:\/\/parapharmacieenligne.ma\/en\/wp-json\/wp\/v2\/product"}],"about":[{"href":"https:\/\/parapharmacieenligne.ma\/en\/wp-json\/wp\/v2\/types\/product"}],"replies":[{"embeddable":true,"href":"https:\/\/parapharmacieenligne.ma\/en\/wp-json\/wp\/v2\/comments?post=7538"}],"version-history":[{"count":1,"href":"https:\/\/parapharmacieenligne.ma\/en\/wp-json\/wp\/v2\/product\/7538\/revisions"}],"predecessor-version":[{"id":7612,"href":"https:\/\/parapharmacieenligne.ma\/en\/wp-json\/wp\/v2\/product\/7538\/revisions\/7612"}],"wp:featuredmedia":[{"embeddable":true,"href":"https:\/\/parapharmacieenligne.ma\/en\/wp-json\/wp\/v2\/media\/7611"}],"wp:attachment":[{"href":"https:\/\/parapharmacieenligne.ma\/en\/wp-json\/wp\/v2\/media?parent=7538"}],"wp:term":[{"taxonomy":"product_cat","embeddable":true,"href":"https:\/\/parapharmacieenligne.ma\/en\/wp-json\/wp\/v2\/product_cat?post=7538"},{"taxonomy":"product_tag","embeddable":true,"href":"https:\/\/parapharmacieenligne.ma\/en\/wp-json\/wp\/v2\/product_tag?post=7538"},{"taxonomy":"yith_product_brand","embeddable":true,"href":"https:\/\/parapharmacieenligne.ma\/en\/wp-json\/wp\/v2\/yith_product_brand?post=7538"}],"curies":[{"name":"wp","href":"https:\/\/api.w.org\/{rel}","templated":true}]}}