{"id":7539,"date":"2026-01-25T21:47:19","date_gmt":"2026-01-25T20:47:19","guid":{"rendered":"https:\/\/parapharmacieenligne.ma\/?post_type=product&#038;p=7539"},"modified":"2026-01-25T21:48:51","modified_gmt":"2026-01-25T20:48:51","slug":"algologie-gel-creme-de-larchipel-purifiant-hydro-matifiant-50ml","status":"publish","type":"product","link":"https:\/\/parapharmacieenligne.ma\/en\/product\/algologie-gel-creme-de-larchipel-purifiant-hydro-matifiant-50ml\/","title":{"rendered":"Algologie Gel cr\u00e8me de l\u2019archipel purifiant hydro-matifiant 50ml"},"content":{"rendered":"<div aria-labelledby=\"tab-title-description\" class=\"woocommerce-Tabs-panel woocommerce-Tabs-panel--description panel entry-content wc-tab\" id=\"tab-description\" role=\"tabpanel\" style=\"\">\n<h2>Description<\/h2>\n<p>Ce gel-cr\u00e8me fondant am\u00e9liore la texture de la peau et resserre les pores. Il hydrate et matifie la peau tout au long de la journ\u00e9e.<\/p>\n<ul>\n<li>La peau est hydrat\u00e9e et r\u00e9\u00e9quilibr\u00e9e.<\/li>\n<li>Les pores sont resserr\u00e9s.<\/li>\n<li>La peau est nette et matifi\u00e9e tout au long de la journ\u00e9e.<\/li>\n<li>Une texture gel-cr\u00e8me ultra-fra\u00eeche.<\/li>\n<li>Une hydratation optimale.<\/li>\n<li>Un fini poudr\u00e9 pour une peau sans brillance.<\/li>\n<li>Id\u00e9al en base de maquillage.<\/li>\n<li>Un parfum frais et tonique.<\/li>\n<\/ul><\/div>","protected":false},"excerpt":{"rendered":"<p>Highlights:Appliquer matin et\/ou soir sur le visage, le cou et le d\u00e9collet\u00e9. \u00c9viter le contour des yeux.<\/p>","protected":false},"featured_media":7613,"comment_status":"open","ping_status":"closed","template":"","meta":[],"product_cat":[83],"product_tag":[],"yith_product_brand":[118],"class_list":{"0":"post-7539","1":"product","2":"type-product","3":"status-publish","4":"has-post-thumbnail","6":"product_cat-soins-visage","7":"yith_product_brand-algologie","9":"first","10":"instock","11":"sale","12":"shipping-taxable","13":"purchasable","14":"product-type-simple"},"_links":{"self":[{"href":"https:\/\/parapharmacieenligne.ma\/en\/wp-json\/wp\/v2\/product\/7539","targetHints":{"allow":["GET"]}}],"collection":[{"href":"https:\/\/parapharmacieenligne.ma\/en\/wp-json\/wp\/v2\/product"}],"about":[{"href":"https:\/\/parapharmacieenligne.ma\/en\/wp-json\/wp\/v2\/types\/product"}],"replies":[{"embeddable":true,"href":"https:\/\/parapharmacieenligne.ma\/en\/wp-json\/wp\/v2\/comments?post=7539"}],"version-history":[{"count":1,"href":"https:\/\/parapharmacieenligne.ma\/en\/wp-json\/wp\/v2\/product\/7539\/revisions"}],"predecessor-version":[{"id":7614,"href":"https:\/\/parapharmacieenligne.ma\/en\/wp-json\/wp\/v2\/product\/7539\/revisions\/7614"}],"wp:featuredmedia":[{"embeddable":true,"href":"https:\/\/parapharmacieenligne.ma\/en\/wp-json\/wp\/v2\/media\/7613"}],"wp:attachment":[{"href":"https:\/\/parapharmacieenligne.ma\/en\/wp-json\/wp\/v2\/media?parent=7539"}],"wp:term":[{"taxonomy":"product_cat","embeddable":true,"href":"https:\/\/parapharmacieenligne.ma\/en\/wp-json\/wp\/v2\/product_cat?post=7539"},{"taxonomy":"product_tag","embeddable":true,"href":"https:\/\/parapharmacieenligne.ma\/en\/wp-json\/wp\/v2\/product_tag?post=7539"},{"taxonomy":"yith_product_brand","embeddable":true,"href":"https:\/\/parapharmacieenligne.ma\/en\/wp-json\/wp\/v2\/yith_product_brand?post=7539"}],"curies":[{"name":"wp","href":"https:\/\/api.w.org\/{rel}","templated":true}]}}