{"id":7554,"date":"2026-01-25T21:47:43","date_gmt":"2026-01-25T20:47:43","guid":{"rendered":"https:\/\/parapharmacieenligne.ma\/?post_type=product&#038;p=7554"},"modified":"2026-01-25T21:49:02","modified_gmt":"2026-01-25T20:49:02","slug":"algologie-tresors-du-rivage-coffret-creme-du-rivage-baume-du-rivage-ressurfacant","status":"publish","type":"product","link":"https:\/\/parapharmacieenligne.ma\/en\/product\/algologie-tresors-du-rivage-coffret-creme-du-rivage-baume-du-rivage-ressurfacant\/","title":{"rendered":"ALGOLOGIE TRESORS DU RIVAGE Coffret Cr\u00e8me du Rivage &#038; Baume du Rivage Ressurfa\u00e7ant"},"content":{"rendered":"<div aria-labelledby=\"tab-title-description\" class=\"woocommerce-Tabs-panel woocommerce-Tabs-panel--description panel entry-content wc-tab\" id=\"tab-description\" role=\"tabpanel\" style=\"\">\n<h2>Description<\/h2>\n<div class=\"product-actions\">\n<div class=\"product-description-short rte\" id=\"product-description-short-22918\">\n<p>Votre duo anti-\u00e2ge pour r\u00e9duire l\u2019apparence des signes de l\u2019\u00e2ge et un effet peau neuve !<\/p>\n<p>Cr\u00e8me du Rivage 50ml:<br \/>\n Cette cr\u00e8me onctueuse, particuli\u00e8rement hydratante est concentr\u00e9e en actifs marins pour lutter en synergie contre tous les signes de l\u2019\u00e2ge.<\/p>\n<p>Baume du Rivage (Tube 50ml):<br \/>\n Gr\u00e2ce \u00e0 des AHA, ce soin de nuit exfolie et lisse la surface cutan\u00e9e tout en am\u00e9liorant la texture de la peau pour un effet \u00ab resurfa\u00e7ant \u00bb.<\/p>\n<\/p><\/div>\n<\/p><\/div>\n<div class=\"iqitfreedeliverycount iqitfreedeliverycount-product clearfix\">\n<div class=\"fd-table\">\n<div class=\"ifdc-icon fd-table-cell\"><\/div>\n<\/p><\/div>\n<\/p><\/div>\n<\/p><\/div>","protected":false},"excerpt":{"rendered":"<p>Highlights:Cr\u00e8me du Rivage (50ml):Appliquer matin et soir sur le visage, le cou et le d\u00e9collet\u00e9.Baume du Rivage (Tube 50ml):Appliquer le soir sur le visage, le cou et le d\u00e9collet\u00e9.<\/p>","protected":false},"featured_media":7619,"comment_status":"open","ping_status":"closed","template":"","meta":[],"product_cat":[83],"product_tag":[],"yith_product_brand":[118],"class_list":{"0":"post-7554","1":"product","2":"type-product","3":"status-publish","4":"has-post-thumbnail","6":"product_cat-soins-visage","7":"yith_product_brand-algologie","9":"first","10":"instock","11":"sale","12":"shipping-taxable","13":"purchasable","14":"product-type-simple"},"_links":{"self":[{"href":"https:\/\/parapharmacieenligne.ma\/en\/wp-json\/wp\/v2\/product\/7554","targetHints":{"allow":["GET"]}}],"collection":[{"href":"https:\/\/parapharmacieenligne.ma\/en\/wp-json\/wp\/v2\/product"}],"about":[{"href":"https:\/\/parapharmacieenligne.ma\/en\/wp-json\/wp\/v2\/types\/product"}],"replies":[{"embeddable":true,"href":"https:\/\/parapharmacieenligne.ma\/en\/wp-json\/wp\/v2\/comments?post=7554"}],"version-history":[{"count":1,"href":"https:\/\/parapharmacieenligne.ma\/en\/wp-json\/wp\/v2\/product\/7554\/revisions"}],"predecessor-version":[{"id":7620,"href":"https:\/\/parapharmacieenligne.ma\/en\/wp-json\/wp\/v2\/product\/7554\/revisions\/7620"}],"wp:featuredmedia":[{"embeddable":true,"href":"https:\/\/parapharmacieenligne.ma\/en\/wp-json\/wp\/v2\/media\/7619"}],"wp:attachment":[{"href":"https:\/\/parapharmacieenligne.ma\/en\/wp-json\/wp\/v2\/media?parent=7554"}],"wp:term":[{"taxonomy":"product_cat","embeddable":true,"href":"https:\/\/parapharmacieenligne.ma\/en\/wp-json\/wp\/v2\/product_cat?post=7554"},{"taxonomy":"product_tag","embeddable":true,"href":"https:\/\/parapharmacieenligne.ma\/en\/wp-json\/wp\/v2\/product_tag?post=7554"},{"taxonomy":"yith_product_brand","embeddable":true,"href":"https:\/\/parapharmacieenligne.ma\/en\/wp-json\/wp\/v2\/yith_product_brand?post=7554"}],"curies":[{"name":"wp","href":"https:\/\/api.w.org\/{rel}","templated":true}]}}