{"id":7556,"date":"2026-01-25T21:47:44","date_gmt":"2026-01-25T20:47:44","guid":{"rendered":"https:\/\/parapharmacieenligne.ma\/?post_type=product&#038;p=7556"},"modified":"2026-01-25T21:49:08","modified_gmt":"2026-01-25T20:49:08","slug":"algologie-hydra-ecume-mousse-nettoyante-120ml","status":"publish","type":"product","link":"https:\/\/parapharmacieenligne.ma\/en\/product\/algologie-hydra-ecume-mousse-nettoyante-120ml\/","title":{"rendered":"Algologie Hydra Ecume Mousse Nettoyante 120ml"},"content":{"rendered":"<div aria-labelledby=\"tab-title-description\" class=\"woocommerce-Tabs-panel woocommerce-Tabs-panel--description panel entry-content wc-tab\" id=\"tab-description\" role=\"tabpanel\" style=\"\">\n<h2>Description<\/h2>\n<div class=\"woocommerce-Tabs-panel woocommerce-Tabs-panel--description panel entry-content wc-tab\" id=\"tab-description\" style=\"display: none;\">\n<div class=\"wc-tab-inner\">\n<div class=\"\">\n<p>Une mousse l\u00e9g\u00e8re et a\u00e9rienne riche en actifs remin\u00e9ralisants et oxyg\u00e9nants qui nettoie la peau tout en douceur. Elle laisse une sensation de fra\u00eecheur et de nettet\u00e9 sans dess\u00e9cher la peau.<\/p>\n<h3>R\u00c9SULTATS<\/h3>\n<p>Lib\u00e9r\u00e9e de ses impuret\u00e9s, la peau respire. Elle est nette, lisse et plus lumineuse.<\/p>\n<h3>SENSORIALIT\u00c9<\/h3>\n<p>Une mousse l\u00e9g\u00e8re et a\u00e9rienne. Un nettoyage parfait.<\/p>\n<h3>UTILISATION<\/h3>\n<p>Matin et soir, appliquer sur le visage et masser d\u00e9licatement. Rincer \u00e0 l\u2019eau claire. Tonifier avec la Lotion Algamarine.<\/p>\n<\/p><\/div>\n<\/p><\/div>\n<\/p><\/div>\n<\/p><\/div>","protected":false},"excerpt":{"rendered":"<p>Highlights:Une mousse l\u00e9g\u00e8re et a\u00e9rienne riche en actifs remin\u00e9ralisants et oxyg\u00e9nant qui nettoie la peau tout en douceur. Elle laisse une sensation de fra\u00eecheur et de nettet\u00e9 sans dess\u00e9cher la peau.<\/p>","protected":false},"featured_media":7623,"comment_status":"open","ping_status":"closed","template":"","meta":[],"product_cat":[83],"product_tag":[],"yith_product_brand":[118],"class_list":{"0":"post-7556","1":"product","2":"type-product","3":"status-publish","4":"has-post-thumbnail","6":"product_cat-soins-visage","7":"yith_product_brand-algologie","9":"first","10":"instock","11":"sale","12":"shipping-taxable","13":"purchasable","14":"product-type-simple"},"_links":{"self":[{"href":"https:\/\/parapharmacieenligne.ma\/en\/wp-json\/wp\/v2\/product\/7556","targetHints":{"allow":["GET"]}}],"collection":[{"href":"https:\/\/parapharmacieenligne.ma\/en\/wp-json\/wp\/v2\/product"}],"about":[{"href":"https:\/\/parapharmacieenligne.ma\/en\/wp-json\/wp\/v2\/types\/product"}],"replies":[{"embeddable":true,"href":"https:\/\/parapharmacieenligne.ma\/en\/wp-json\/wp\/v2\/comments?post=7556"}],"version-history":[{"count":1,"href":"https:\/\/parapharmacieenligne.ma\/en\/wp-json\/wp\/v2\/product\/7556\/revisions"}],"predecessor-version":[{"id":7624,"href":"https:\/\/parapharmacieenligne.ma\/en\/wp-json\/wp\/v2\/product\/7556\/revisions\/7624"}],"wp:featuredmedia":[{"embeddable":true,"href":"https:\/\/parapharmacieenligne.ma\/en\/wp-json\/wp\/v2\/media\/7623"}],"wp:attachment":[{"href":"https:\/\/parapharmacieenligne.ma\/en\/wp-json\/wp\/v2\/media?parent=7556"}],"wp:term":[{"taxonomy":"product_cat","embeddable":true,"href":"https:\/\/parapharmacieenligne.ma\/en\/wp-json\/wp\/v2\/product_cat?post=7556"},{"taxonomy":"product_tag","embeddable":true,"href":"https:\/\/parapharmacieenligne.ma\/en\/wp-json\/wp\/v2\/product_tag?post=7556"},{"taxonomy":"yith_product_brand","embeddable":true,"href":"https:\/\/parapharmacieenligne.ma\/en\/wp-json\/wp\/v2\/yith_product_brand?post=7556"}],"curies":[{"name":"wp","href":"https:\/\/api.w.org\/{rel}","templated":true}]}}