{"id":7558,"date":"2026-01-25T21:47:44","date_gmt":"2026-01-25T20:47:44","guid":{"rendered":"https:\/\/parapharmacieenligne.ma\/?post_type=product&#038;p=7558"},"modified":"2026-01-25T21:49:14","modified_gmt":"2026-01-25T20:49:14","slug":"algologie-hydra-ecume-lotion-demaquillant-yeux-200ml","status":"publish","type":"product","link":"https:\/\/parapharmacieenligne.ma\/en\/product\/algologie-hydra-ecume-lotion-demaquillant-yeux-200ml\/","title":{"rendered":"Algologie Hydra Ecume Lotion Demaquillant Yeux 200ml"},"content":{"rendered":"<div aria-labelledby=\"tab-title-description\" class=\"woocommerce-Tabs-panel woocommerce-Tabs-panel--description panel entry-content wc-tab\" id=\"tab-description\" role=\"tabpanel\" style=\"\">\n<h2>Description<\/h2>\n<div class=\"woocommerce-Tabs-panel woocommerce-Tabs-panel--description panel entry-content wc-tab\" id=\"tab-description\" style=\"display: none;\">\n<div class=\"wc-tab-inner\">\n<div class=\"\">\n<p>Cette lotion biphas\u00e9e incroyablement douce convient parfaitement aux yeux les plus sensibles. Elle d\u00e9maquille parfaitement cils et paupi\u00e8res, et est efficace m\u00eame sur les maquillages waterproof.<\/p>\n<p><strong>R\u00c9SULTATS<\/strong><\/p>\n<ul>\n<li>Les cils et paupi\u00e8res sont parfaitement d\u00e9maquill\u00e9s.<\/li>\n<li>Le contour de l\u2019oeil est net et doux.<\/li>\n<\/ul>\n<p><strong>SENSORIALIT\u00c9<\/strong><\/p>\n<p>Texture bi-phas\u00e9e fra\u00eeche et non-grasse.<\/p>\n<p><strong>UTILISATION<\/strong><\/p>\n<p>Agiter \u00e9nergiquement avant d\u2019imbiber un coton puis appliquer sur l\u2019ensemble des paupi\u00e8res et des cils.<\/p>\n<\/p><\/div>\n<\/p><\/div>\n<\/p><\/div>\n<\/p><\/div>","protected":false},"excerpt":{"rendered":"<p>Highlights:Cette lotion biphas\u00e9e incroyablement douce convient parfaitement aux yeux les plus sensibles. Elle d\u00e9maquille parfaitement cils et paupi\u00e8res, et est efficace m\u00eame sur les maquillages waterproof.<\/p>","protected":false},"featured_media":7627,"comment_status":"open","ping_status":"closed","template":"","meta":[],"product_cat":[83],"product_tag":[],"yith_product_brand":[118],"class_list":{"0":"post-7558","1":"product","2":"type-product","3":"status-publish","4":"has-post-thumbnail","6":"product_cat-soins-visage","7":"yith_product_brand-algologie","9":"first","10":"instock","11":"sale","12":"shipping-taxable","13":"purchasable","14":"product-type-simple"},"_links":{"self":[{"href":"https:\/\/parapharmacieenligne.ma\/en\/wp-json\/wp\/v2\/product\/7558","targetHints":{"allow":["GET"]}}],"collection":[{"href":"https:\/\/parapharmacieenligne.ma\/en\/wp-json\/wp\/v2\/product"}],"about":[{"href":"https:\/\/parapharmacieenligne.ma\/en\/wp-json\/wp\/v2\/types\/product"}],"replies":[{"embeddable":true,"href":"https:\/\/parapharmacieenligne.ma\/en\/wp-json\/wp\/v2\/comments?post=7558"}],"version-history":[{"count":1,"href":"https:\/\/parapharmacieenligne.ma\/en\/wp-json\/wp\/v2\/product\/7558\/revisions"}],"predecessor-version":[{"id":7628,"href":"https:\/\/parapharmacieenligne.ma\/en\/wp-json\/wp\/v2\/product\/7558\/revisions\/7628"}],"wp:featuredmedia":[{"embeddable":true,"href":"https:\/\/parapharmacieenligne.ma\/en\/wp-json\/wp\/v2\/media\/7627"}],"wp:attachment":[{"href":"https:\/\/parapharmacieenligne.ma\/en\/wp-json\/wp\/v2\/media?parent=7558"}],"wp:term":[{"taxonomy":"product_cat","embeddable":true,"href":"https:\/\/parapharmacieenligne.ma\/en\/wp-json\/wp\/v2\/product_cat?post=7558"},{"taxonomy":"product_tag","embeddable":true,"href":"https:\/\/parapharmacieenligne.ma\/en\/wp-json\/wp\/v2\/product_tag?post=7558"},{"taxonomy":"yith_product_brand","embeddable":true,"href":"https:\/\/parapharmacieenligne.ma\/en\/wp-json\/wp\/v2\/yith_product_brand?post=7558"}],"curies":[{"name":"wp","href":"https:\/\/api.w.org\/{rel}","templated":true}]}}