{"id":7574,"date":"2026-01-25T21:48:09","date_gmt":"2026-01-25T20:48:09","guid":{"rendered":"https:\/\/parapharmacieenligne.ma\/?post_type=product&#038;p=7574"},"modified":"2026-01-25T21:49:20","modified_gmt":"2026-01-25T20:49:20","slug":"algologie-creme-des-vagues-creme-hydra-fondante-50ml","status":"publish","type":"product","link":"https:\/\/parapharmacieenligne.ma\/en\/product\/algologie-creme-des-vagues-creme-hydra-fondante-50ml\/","title":{"rendered":"Algologie Creme des vagues Cr\u00e8me Hydra fondante 50ml"},"content":{"rendered":"<div aria-labelledby=\"tab-title-description\" class=\"woocommerce-Tabs-panel woocommerce-Tabs-panel--description panel entry-content wc-tab\" id=\"tab-description\" role=\"tabpanel\" style=\"\">\n<h2>Description<\/h2>\n<ul>\n<li><strong>100% Peau imm\u00e9diatement hydrat\u00e9e*<\/strong><\/li>\n<li><strong>93% Peau durablement hydrat\u00e9e*<\/strong><\/li>\n<\/ul>\n<p>*Tests d\u2019usage r\u00e9alis\u00e9 sur 46 personnes pendant 3 semaines avec application quotidienne. \u2013 % de satisfaction<\/p>\n<p>0% PEG, PARAB\u00c8NES, HUILE MIN\u00c9RALE, PHTALATE, PH\u00c9NOXY\u00c9THANOL ET SILICONE<\/p>\n<p><strong>R\u00e9sultats<\/strong><br \/>\n La peau est ressourc\u00e9e et durablement hydrat\u00e9e. La peau repulp\u00e9e retrouve douceur et \u00e9clat.<\/p>\n<p><strong>Sensorialit\u00e9<\/strong><br \/>\n Une texture fondante \u00ab sur-mesure \u00bb. Un parfum frais et d\u00e9licat<\/p>\n<p><strong>Utilisation<\/strong><br \/>\n Appliquer matin et soir sur le visage et le cou parfaitement d\u00e9maquill\u00e9s.<\/p>\n<\/p><\/div>","protected":false},"excerpt":{"rendered":"<p>Highlights:Une cr\u00e8me l\u00e9g\u00e8re et velout\u00e9e, au parfum frais et d\u00e9licat, qui fond instantan\u00e9ment sur la peau et la d\u00e9salt\u00e8re imm\u00e9diatement.<\/p>","protected":false},"featured_media":7629,"comment_status":"open","ping_status":"closed","template":"","meta":[],"product_cat":[83],"product_tag":[],"yith_product_brand":[118],"class_list":{"0":"post-7574","1":"product","2":"type-product","3":"status-publish","4":"has-post-thumbnail","6":"product_cat-soins-visage","7":"yith_product_brand-algologie","9":"first","10":"instock","11":"sale","12":"shipping-taxable","13":"purchasable","14":"product-type-simple"},"_links":{"self":[{"href":"https:\/\/parapharmacieenligne.ma\/en\/wp-json\/wp\/v2\/product\/7574","targetHints":{"allow":["GET"]}}],"collection":[{"href":"https:\/\/parapharmacieenligne.ma\/en\/wp-json\/wp\/v2\/product"}],"about":[{"href":"https:\/\/parapharmacieenligne.ma\/en\/wp-json\/wp\/v2\/types\/product"}],"replies":[{"embeddable":true,"href":"https:\/\/parapharmacieenligne.ma\/en\/wp-json\/wp\/v2\/comments?post=7574"}],"version-history":[{"count":1,"href":"https:\/\/parapharmacieenligne.ma\/en\/wp-json\/wp\/v2\/product\/7574\/revisions"}],"predecessor-version":[{"id":7630,"href":"https:\/\/parapharmacieenligne.ma\/en\/wp-json\/wp\/v2\/product\/7574\/revisions\/7630"}],"wp:featuredmedia":[{"embeddable":true,"href":"https:\/\/parapharmacieenligne.ma\/en\/wp-json\/wp\/v2\/media\/7629"}],"wp:attachment":[{"href":"https:\/\/parapharmacieenligne.ma\/en\/wp-json\/wp\/v2\/media?parent=7574"}],"wp:term":[{"taxonomy":"product_cat","embeddable":true,"href":"https:\/\/parapharmacieenligne.ma\/en\/wp-json\/wp\/v2\/product_cat?post=7574"},{"taxonomy":"product_tag","embeddable":true,"href":"https:\/\/parapharmacieenligne.ma\/en\/wp-json\/wp\/v2\/product_tag?post=7574"},{"taxonomy":"yith_product_brand","embeddable":true,"href":"https:\/\/parapharmacieenligne.ma\/en\/wp-json\/wp\/v2\/yith_product_brand?post=7574"}],"curies":[{"name":"wp","href":"https:\/\/api.w.org\/{rel}","templated":true}]}}