{"id":7575,"date":"2026-01-25T21:48:09","date_gmt":"2026-01-25T20:48:09","guid":{"rendered":"https:\/\/parapharmacieenligne.ma\/?post_type=product&#038;p=7575"},"modified":"2026-01-25T21:49:27","modified_gmt":"2026-01-25T20:49:27","slug":"algologie-regard-des-vagues-gel-fraicheur-des-yeux-15ml","status":"publish","type":"product","link":"https:\/\/parapharmacieenligne.ma\/en\/product\/algologie-regard-des-vagues-gel-fraicheur-des-yeux-15ml\/","title":{"rendered":"Algologie regard des vagues Gel fraicheur des yeux 15ml"},"content":{"rendered":"<div aria-labelledby=\"tab-title-description\" class=\"woocommerce-Tabs-panel woocommerce-Tabs-panel--description panel entry-content wc-tab\" id=\"tab-description\" role=\"tabpanel\" style=\"\">\n<h2>Description<\/h2>\n<p>Soin coup d\u2019\u00e9clat du contour de l\u2019\u0153il, ce gel-cr\u00e8me fondant d\u00e9congestionne, rafra\u00eechit, et hydrate intens\u00e9ment. Appliqu\u00e9 quotidiennement, il illumine le regard tout en r\u00e9duisant l\u2019apparence des cernes et des poches.<\/p>\n<\/p><\/div>","protected":false},"excerpt":{"rendered":"<p>Highlights:Soin coup d\u2019\u00e9clat du contour de l\u2019\u0153il, ce gel-cr\u00e8me fondant d\u00e9congestionne, rafra\u00eechit, et hydrate intens\u00e9ment. Appliqu\u00e9 quotidiennement, il illumine le regard tout en r\u00e9duisant l\u2019apparence des cernes et des poches.<\/p>","protected":false},"featured_media":7631,"comment_status":"open","ping_status":"closed","template":"","meta":[],"product_cat":[83],"product_tag":[],"yith_product_brand":[118],"class_list":{"0":"post-7575","1":"product","2":"type-product","3":"status-publish","4":"has-post-thumbnail","6":"product_cat-soins-visage","7":"yith_product_brand-algologie","9":"first","10":"instock","11":"sale","12":"shipping-taxable","13":"purchasable","14":"product-type-simple"},"_links":{"self":[{"href":"https:\/\/parapharmacieenligne.ma\/en\/wp-json\/wp\/v2\/product\/7575","targetHints":{"allow":["GET"]}}],"collection":[{"href":"https:\/\/parapharmacieenligne.ma\/en\/wp-json\/wp\/v2\/product"}],"about":[{"href":"https:\/\/parapharmacieenligne.ma\/en\/wp-json\/wp\/v2\/types\/product"}],"replies":[{"embeddable":true,"href":"https:\/\/parapharmacieenligne.ma\/en\/wp-json\/wp\/v2\/comments?post=7575"}],"version-history":[{"count":1,"href":"https:\/\/parapharmacieenligne.ma\/en\/wp-json\/wp\/v2\/product\/7575\/revisions"}],"predecessor-version":[{"id":7632,"href":"https:\/\/parapharmacieenligne.ma\/en\/wp-json\/wp\/v2\/product\/7575\/revisions\/7632"}],"wp:featuredmedia":[{"embeddable":true,"href":"https:\/\/parapharmacieenligne.ma\/en\/wp-json\/wp\/v2\/media\/7631"}],"wp:attachment":[{"href":"https:\/\/parapharmacieenligne.ma\/en\/wp-json\/wp\/v2\/media?parent=7575"}],"wp:term":[{"taxonomy":"product_cat","embeddable":true,"href":"https:\/\/parapharmacieenligne.ma\/en\/wp-json\/wp\/v2\/product_cat?post=7575"},{"taxonomy":"product_tag","embeddable":true,"href":"https:\/\/parapharmacieenligne.ma\/en\/wp-json\/wp\/v2\/product_tag?post=7575"},{"taxonomy":"yith_product_brand","embeddable":true,"href":"https:\/\/parapharmacieenligne.ma\/en\/wp-json\/wp\/v2\/yith_product_brand?post=7575"}],"curies":[{"name":"wp","href":"https:\/\/api.w.org\/{rel}","templated":true}]}}