{"id":7577,"date":"2026-01-25T21:48:10","date_gmt":"2026-01-25T20:48:10","guid":{"rendered":"https:\/\/parapharmacieenligne.ma\/?post_type=product&#038;p=7577"},"modified":"2026-01-25T21:49:32","modified_gmt":"2026-01-25T20:49:32","slug":"algologie-elixir-des-vagues-booster-30ml","status":"publish","type":"product","link":"https:\/\/parapharmacieenligne.ma\/en\/product\/algologie-elixir-des-vagues-booster-30ml\/","title":{"rendered":"Algologie Elixir des vagues Booster 30ml"},"content":{"rendered":"<div aria-labelledby=\"tab-title-description\" class=\"woocommerce-Tabs-panel woocommerce-Tabs-panel--description panel entry-content wc-tab\" id=\"tab-description\" role=\"tabpanel\" style=\"\">\n<h2>Description<\/h2>\n<div class=\"woocommerce-Tabs-panel woocommerce-Tabs-panel--description panel entry-content wc-tab\" id=\"tab-description\" style=\"display: none;\">\n<div class=\"wc-tab-inner\">\n<div class=\"\">\n<p>V\u00e9ritable booster d\u2019hydratation, cet \u00e9lixir aide la peau \u00e0 retrouver souplesse et confort. Visiblement repulp\u00e9e, elle est liss\u00e9e instantan\u00e9ment et durablement.<\/p>\n<h2>R\u00e9sultats<\/h2>\n<p>V\u00e9ritable booster d\u2019hydratation, il renforce les b\u00e9n\u00e9fices de votre hydratant habituel.<br \/>\n La peau est imm\u00e9diatement hydrat\u00e9e.<br \/>\n La peau est instantan\u00e9ment repulp\u00e9e et liss\u00e9e durablement.<\/p>\n<h2>Sensorialit\u00e9<\/h2>\n<p>Eau g\u00e9lifi\u00e9e en affinit\u00e9 avec la peau.<br \/>\n Concentr\u00e9 en acide hyaluronique.<br \/>\n Vague de fra\u00eecheur imm\u00e9diate.<\/p>\n<h2>Utilisation<\/h2>\n<p>Matin et\/ou soir, appliquer 3 \u00e0 5 gouttes du bout des doigts sur l\u2019ensemble du visage, du cou et du d\u00e9collet\u00e9. Attendre 1 \u00e0 2 minutes puis appliquer le s\u00e9rum et la cr\u00e8me de soin.<\/p>\n<\/p><\/div>\n<\/p><\/div>\n<\/p><\/div>\n<\/p><\/div>","protected":false},"excerpt":{"rendered":"<p>Highlights:V\u00e9ritable booster d\u2019hydratation, cet \u00e9lixir aide la peau \u00e0 retrouver souplesse et confort. Visiblement repulp\u00e9e, elle est liss\u00e9e instantan\u00e9ment et durablement.<\/p>","protected":false},"featured_media":7635,"comment_status":"open","ping_status":"closed","template":"","meta":[],"product_cat":[83],"product_tag":[],"yith_product_brand":[118],"class_list":{"0":"post-7577","1":"product","2":"type-product","3":"status-publish","4":"has-post-thumbnail","6":"product_cat-soins-visage","7":"yith_product_brand-algologie","9":"first","10":"instock","11":"sale","12":"shipping-taxable","13":"purchasable","14":"product-type-simple"},"_links":{"self":[{"href":"https:\/\/parapharmacieenligne.ma\/en\/wp-json\/wp\/v2\/product\/7577","targetHints":{"allow":["GET"]}}],"collection":[{"href":"https:\/\/parapharmacieenligne.ma\/en\/wp-json\/wp\/v2\/product"}],"about":[{"href":"https:\/\/parapharmacieenligne.ma\/en\/wp-json\/wp\/v2\/types\/product"}],"replies":[{"embeddable":true,"href":"https:\/\/parapharmacieenligne.ma\/en\/wp-json\/wp\/v2\/comments?post=7577"}],"version-history":[{"count":1,"href":"https:\/\/parapharmacieenligne.ma\/en\/wp-json\/wp\/v2\/product\/7577\/revisions"}],"predecessor-version":[{"id":7636,"href":"https:\/\/parapharmacieenligne.ma\/en\/wp-json\/wp\/v2\/product\/7577\/revisions\/7636"}],"wp:featuredmedia":[{"embeddable":true,"href":"https:\/\/parapharmacieenligne.ma\/en\/wp-json\/wp\/v2\/media\/7635"}],"wp:attachment":[{"href":"https:\/\/parapharmacieenligne.ma\/en\/wp-json\/wp\/v2\/media?parent=7577"}],"wp:term":[{"taxonomy":"product_cat","embeddable":true,"href":"https:\/\/parapharmacieenligne.ma\/en\/wp-json\/wp\/v2\/product_cat?post=7577"},{"taxonomy":"product_tag","embeddable":true,"href":"https:\/\/parapharmacieenligne.ma\/en\/wp-json\/wp\/v2\/product_tag?post=7577"},{"taxonomy":"yith_product_brand","embeddable":true,"href":"https:\/\/parapharmacieenligne.ma\/en\/wp-json\/wp\/v2\/yith_product_brand?post=7577"}],"curies":[{"name":"wp","href":"https:\/\/api.w.org\/{rel}","templated":true}]}}