{"id":7578,"date":"2026-01-25T21:48:10","date_gmt":"2026-01-25T20:48:10","guid":{"rendered":"https:\/\/parapharmacieenligne.ma\/?post_type=product&#038;p=7578"},"modified":"2026-01-25T21:49:34","modified_gmt":"2026-01-25T20:49:34","slug":"algologie-nuit-des-vagues-masque-de-nuit-50ml","status":"publish","type":"product","link":"https:\/\/parapharmacieenligne.ma\/en\/product\/algologie-nuit-des-vagues-masque-de-nuit-50ml\/","title":{"rendered":"Algologie Nuit des vagues Masque de nuit 50ml"},"content":{"rendered":"<div aria-labelledby=\"tab-title-description\" class=\"woocommerce-Tabs-panel woocommerce-Tabs-panel--description panel entry-content wc-tab\" id=\"tab-description\" role=\"tabpanel\" style=\"\">\n<h2>Description<\/h2>\n<div class=\"elementor-element elementor-element-74754dad elementor-widget elementor-widget-woocommerce-product-content\" data-element_type=\"widget\" data-id=\"74754dad\" data-widget_type=\"woocommerce-product-content.default\">\n<div class=\"elementor-widget-container\">\n<h3>R\u00c9SULTATS<\/h3>\n<ul>\n<li>Le teint est frais et les traits repos\u00e9s.<\/li>\n<li>La peau est souple et infiniment douce d\u00e8s le r\u00e9veil. La peau est lumineuse, pr\u00eate \u00e0 affronter la journ\u00e9e.<\/li>\n<\/ul>\n<h3>SENSORIALIT\u00c9<\/h3>\n<ul>\n<li>Texture in\u00e9dite.<\/li>\n<li>Ressource et r\u00e9g\u00e9n\u00e8re la peau pendant la nuit.<\/li>\n<li>Le meilleur r\u00e9veil-matin pour votre peau.<\/li>\n<\/ul>\n<h3>UTILISATION<\/h3>\n<p>Appliquer le soir sur le visage, le cou et le d\u00e9collet\u00e9, en couche moyenne et laisser agir toute la nuit.<\/p>\n<\/p><\/div>\n<\/p><\/div>\n<\/p><\/div>","protected":false},"excerpt":{"rendered":"<p>Highlights:Ce masque ressource la peau en agissant tout au long de la nuit pour une peau souple et infiniment douce d\u00e8s le r\u00e9veil.<\/p>","protected":false},"featured_media":7637,"comment_status":"open","ping_status":"closed","template":"","meta":[],"product_cat":[83],"product_tag":[],"yith_product_brand":[118],"class_list":{"0":"post-7578","1":"product","2":"type-product","3":"status-publish","4":"has-post-thumbnail","6":"product_cat-soins-visage","7":"yith_product_brand-algologie","9":"first","10":"instock","11":"sale","12":"shipping-taxable","13":"purchasable","14":"product-type-simple"},"_links":{"self":[{"href":"https:\/\/parapharmacieenligne.ma\/en\/wp-json\/wp\/v2\/product\/7578","targetHints":{"allow":["GET"]}}],"collection":[{"href":"https:\/\/parapharmacieenligne.ma\/en\/wp-json\/wp\/v2\/product"}],"about":[{"href":"https:\/\/parapharmacieenligne.ma\/en\/wp-json\/wp\/v2\/types\/product"}],"replies":[{"embeddable":true,"href":"https:\/\/parapharmacieenligne.ma\/en\/wp-json\/wp\/v2\/comments?post=7578"}],"version-history":[{"count":1,"href":"https:\/\/parapharmacieenligne.ma\/en\/wp-json\/wp\/v2\/product\/7578\/revisions"}],"predecessor-version":[{"id":7638,"href":"https:\/\/parapharmacieenligne.ma\/en\/wp-json\/wp\/v2\/product\/7578\/revisions\/7638"}],"wp:featuredmedia":[{"embeddable":true,"href":"https:\/\/parapharmacieenligne.ma\/en\/wp-json\/wp\/v2\/media\/7637"}],"wp:attachment":[{"href":"https:\/\/parapharmacieenligne.ma\/en\/wp-json\/wp\/v2\/media?parent=7578"}],"wp:term":[{"taxonomy":"product_cat","embeddable":true,"href":"https:\/\/parapharmacieenligne.ma\/en\/wp-json\/wp\/v2\/product_cat?post=7578"},{"taxonomy":"product_tag","embeddable":true,"href":"https:\/\/parapharmacieenligne.ma\/en\/wp-json\/wp\/v2\/product_tag?post=7578"},{"taxonomy":"yith_product_brand","embeddable":true,"href":"https:\/\/parapharmacieenligne.ma\/en\/wp-json\/wp\/v2\/yith_product_brand?post=7578"}],"curies":[{"name":"wp","href":"https:\/\/api.w.org\/{rel}","templated":true}]}}