{"id":7579,"date":"2026-01-25T21:48:10","date_gmt":"2026-01-25T20:48:10","guid":{"rendered":"https:\/\/parapharmacieenligne.ma\/?post_type=product&#038;p=7579"},"modified":"2026-01-25T21:49:36","modified_gmt":"2026-01-25T20:49:36","slug":"algologie-fraicheur-des-vagues-gel-sorbet-50ml","status":"publish","type":"product","link":"https:\/\/parapharmacieenligne.ma\/en\/product\/algologie-fraicheur-des-vagues-gel-sorbet-50ml\/","title":{"rendered":"Algologie Fraicheur des vagues Gel sorbet 50ml"},"content":{"rendered":"<div aria-labelledby=\"tab-title-description\" class=\"woocommerce-Tabs-panel woocommerce-Tabs-panel--description panel entry-content wc-tab\" id=\"tab-description\" role=\"tabpanel\" style=\"\">\n<h2>Description<\/h2>\n<div class=\"wd-tab-wrapper woodmart-tab-wrapper\">\n<div class=\"woocommerce-Tabs-panel woocommerce-Tabs-panel--description panel entry-content wc-tab\" id=\"tab-description\" style=\"display: none;\">\n<div class=\"wc-tab-inner\">\n<div class=\"\">\n<p>Ce gel sorbet, fondant et onctueux, apporte \u00e0 la peau une vague de fra\u00eecheur imm\u00e9diate. Ressourc\u00e9e, la peau est hydrat\u00e9e tout au long de la journ\u00e9e.<\/p>\n<h2>R\u00e9sultats<\/h2>\n<p>La peau est hydrat\u00e9e et d\u00e9salt\u00e9r\u00e9e tout au long de la journ\u00e9e.<\/p>\n<p>La peau est souple, douce et confortable, elle retrouve fra\u00eecheur et \u00e9clat.<\/p>\n<h2>Sensorialit\u00e9<\/h2>\n<p>Sorbet ultra-frais. Texture l\u00e9g\u00e8re et fondante. Un parfum frais et d\u00e9licat.<\/p>\n<h2>Utilisation<\/h2>\n<p>Appliquer matin et soir sur le visage et le cou parfaitement d\u00e9maquill\u00e9s.<\/p>\n<\/p><\/div>\n<\/p><\/div>\n<\/p><\/div>\n<\/p><\/div>\n<\/p><\/div>","protected":false},"excerpt":{"rendered":"<p>Highlights:Ce gel sorbet, fondant et onctueux, apporte \u00e0 la peau une vague de fra\u00eecheur imm\u00e9diate. Ressourc\u00e9e, la peau est hydrat\u00e9e tout au long de la journ\u00e9e.<\/p>","protected":false},"featured_media":7639,"comment_status":"open","ping_status":"closed","template":"","meta":[],"product_cat":[83],"product_tag":[],"yith_product_brand":[118],"class_list":{"0":"post-7579","1":"product","2":"type-product","3":"status-publish","4":"has-post-thumbnail","6":"product_cat-soins-visage","7":"yith_product_brand-algologie","9":"first","10":"instock","11":"sale","12":"shipping-taxable","13":"purchasable","14":"product-type-simple"},"_links":{"self":[{"href":"https:\/\/parapharmacieenligne.ma\/en\/wp-json\/wp\/v2\/product\/7579","targetHints":{"allow":["GET"]}}],"collection":[{"href":"https:\/\/parapharmacieenligne.ma\/en\/wp-json\/wp\/v2\/product"}],"about":[{"href":"https:\/\/parapharmacieenligne.ma\/en\/wp-json\/wp\/v2\/types\/product"}],"replies":[{"embeddable":true,"href":"https:\/\/parapharmacieenligne.ma\/en\/wp-json\/wp\/v2\/comments?post=7579"}],"version-history":[{"count":1,"href":"https:\/\/parapharmacieenligne.ma\/en\/wp-json\/wp\/v2\/product\/7579\/revisions"}],"predecessor-version":[{"id":7640,"href":"https:\/\/parapharmacieenligne.ma\/en\/wp-json\/wp\/v2\/product\/7579\/revisions\/7640"}],"wp:featuredmedia":[{"embeddable":true,"href":"https:\/\/parapharmacieenligne.ma\/en\/wp-json\/wp\/v2\/media\/7639"}],"wp:attachment":[{"href":"https:\/\/parapharmacieenligne.ma\/en\/wp-json\/wp\/v2\/media?parent=7579"}],"wp:term":[{"taxonomy":"product_cat","embeddable":true,"href":"https:\/\/parapharmacieenligne.ma\/en\/wp-json\/wp\/v2\/product_cat?post=7579"},{"taxonomy":"product_tag","embeddable":true,"href":"https:\/\/parapharmacieenligne.ma\/en\/wp-json\/wp\/v2\/product_tag?post=7579"},{"taxonomy":"yith_product_brand","embeddable":true,"href":"https:\/\/parapharmacieenligne.ma\/en\/wp-json\/wp\/v2\/yith_product_brand?post=7579"}],"curies":[{"name":"wp","href":"https:\/\/api.w.org\/{rel}","templated":true}]}}