{"id":7581,"date":"2026-01-25T21:48:11","date_gmt":"2026-01-25T20:48:11","guid":{"rendered":"https:\/\/parapharmacieenligne.ma\/?post_type=product&#038;p=7581"},"modified":"2026-01-25T21:49:41","modified_gmt":"2026-01-25T20:49:41","slug":"algologie-elixir-pen-lan-huile-de-precieuse-30ml","status":"publish","type":"product","link":"https:\/\/parapharmacieenligne.ma\/en\/product\/algologie-elixir-pen-lan-huile-de-precieuse-30ml\/","title":{"rendered":"Algologie Elixir Pen Lan Huile de precieuse 30ml"},"content":{"rendered":"<div aria-labelledby=\"tab-title-description\" class=\"woocommerce-Tabs-panel woocommerce-Tabs-panel--description panel entry-content wc-tab\" id=\"tab-description\" role=\"tabpanel\" style=\"\">\n<h2>Description<\/h2>\n<div class=\"a-divider a-divider-section\">\n<p class=\"a-divider-inner\">\n<\/div>\n<p class=\"default\"><strong>Description du produit<\/strong><\/p>\n<div class=\"a-section a-spacing-small\" id=\"productDescription\">\n<p>Cet \u00e9lixir concentr\u00e9 Algo 4 offre tous les avantages de ce stylo Lan c\u00f4te pour raviver, hydrater et prot\u00e9ger la peau contre les agressions ext\u00e9rieures. Recharg\u00e9e en \u00e9nergie, la peau est lisse et radieuse. Appliquez quelques gouttes d\u2019huile sur le visage, id\u00e9alement la nuit, seule ou avant la cr\u00e8me de soin. \u00c9viter le contour des yeux.<\/p>\n<\/p><\/div>\n<\/p><\/div>","protected":false},"excerpt":{"rendered":"<p>Highlights:\u00c0 propos de cet articleCet \u00e9lixir concentr\u00e9 Algo 4 offre tous les avantages de ce stylo Lan c\u00f4ti\u00e8re pour raviver, hydrater et prot\u00e9ger la peau contre les agressions ext\u00e9rieures. Recharg\u00e9e en \u00e9nergie, la peau est lisse et rayonnante.Appliquez quelques gouttes d\u2019huile sur le visage, id\u00e9alement la nuit, seule ou avant la cr\u00e8me de soin. \u00c9viter le contour des yeux.<\/p>","protected":false},"featured_media":7643,"comment_status":"open","ping_status":"closed","template":"","meta":[],"product_cat":[83],"product_tag":[],"yith_product_brand":[118],"class_list":{"0":"post-7581","1":"product","2":"type-product","3":"status-publish","4":"has-post-thumbnail","6":"product_cat-soins-visage","7":"yith_product_brand-algologie","9":"first","10":"instock","11":"sale","12":"shipping-taxable","13":"purchasable","14":"product-type-simple"},"_links":{"self":[{"href":"https:\/\/parapharmacieenligne.ma\/en\/wp-json\/wp\/v2\/product\/7581","targetHints":{"allow":["GET"]}}],"collection":[{"href":"https:\/\/parapharmacieenligne.ma\/en\/wp-json\/wp\/v2\/product"}],"about":[{"href":"https:\/\/parapharmacieenligne.ma\/en\/wp-json\/wp\/v2\/types\/product"}],"replies":[{"embeddable":true,"href":"https:\/\/parapharmacieenligne.ma\/en\/wp-json\/wp\/v2\/comments?post=7581"}],"version-history":[{"count":1,"href":"https:\/\/parapharmacieenligne.ma\/en\/wp-json\/wp\/v2\/product\/7581\/revisions"}],"predecessor-version":[{"id":7644,"href":"https:\/\/parapharmacieenligne.ma\/en\/wp-json\/wp\/v2\/product\/7581\/revisions\/7644"}],"wp:featuredmedia":[{"embeddable":true,"href":"https:\/\/parapharmacieenligne.ma\/en\/wp-json\/wp\/v2\/media\/7643"}],"wp:attachment":[{"href":"https:\/\/parapharmacieenligne.ma\/en\/wp-json\/wp\/v2\/media?parent=7581"}],"wp:term":[{"taxonomy":"product_cat","embeddable":true,"href":"https:\/\/parapharmacieenligne.ma\/en\/wp-json\/wp\/v2\/product_cat?post=7581"},{"taxonomy":"product_tag","embeddable":true,"href":"https:\/\/parapharmacieenligne.ma\/en\/wp-json\/wp\/v2\/product_tag?post=7581"},{"taxonomy":"yith_product_brand","embeddable":true,"href":"https:\/\/parapharmacieenligne.ma\/en\/wp-json\/wp\/v2\/yith_product_brand?post=7581"}],"curies":[{"name":"wp","href":"https:\/\/api.w.org\/{rel}","templated":true}]}}