{"id":7599,"date":"2026-01-25T21:48:36","date_gmt":"2026-01-25T20:48:36","guid":{"rendered":"https:\/\/parapharmacieenligne.ma\/?post_type=product&#038;p=7599"},"modified":"2026-01-25T21:49:46","modified_gmt":"2026-01-25T20:49:46","slug":"algologie-serum-du-jardin-marin-serum-hydro-protecteur-intensif-30-ml","status":"publish","type":"product","link":"https:\/\/parapharmacieenligne.ma\/en\/product\/algologie-serum-du-jardin-marin-serum-hydro-protecteur-intensif-30-ml\/","title":{"rendered":"ALGOLOGIE S\u00c9RUM DU JARDIN MARIN S\u00c9RUM HYDRO-PROTECTEUR INTENSIF 30 ML"},"content":{"rendered":"<div aria-labelledby=\"tab-title-description\" class=\"woocommerce-Tabs-panel woocommerce-Tabs-panel--description panel entry-content wc-tab\" id=\"tab-description\" role=\"tabpanel\" style=\"\">\n<h2>Description<\/h2>\n<div class=\"elementor-element elementor-element-70038d73 elementor-widget elementor-widget-heading\" data-element_type=\"widget\" data-id=\"70038d73\" data-widget_type=\"heading.default\">\n<div class=\"elementor-widget-container\">\n<h2 class=\"elementor-heading-title elementor-size-default\">Description<\/h2>\n<\/p><\/div>\n<\/p><\/div>\n<div class=\"elementor-element elementor-element-74754dad elementor-widget elementor-widget-woocommerce-product-content\" data-element_type=\"widget\" data-id=\"74754dad\" data-widget_type=\"woocommerce-product-content.default\">\n<div class=\"elementor-widget-container\">\n<h3>R\u00c9SULTATS<\/h3>\n<p>La peau appara\u00eet visiblement plus jeune, \u00e9clatante de vitalit\u00e9.<\/p>\n<h3>SENSORIALIT\u00c9<\/h3>\n<ul>\n<li>Un gel lact\u00e9 l\u00e9ger et soyeux.<\/li>\n<li>Parfum \u00e9vocateur du bord de mer.<\/li>\n<\/ul>\n<h3>UTILISATION<strong> <\/strong><\/h3>\n<p>Appliquer 1 \u00e0 2 pressions matin et\/ou soir sur le visage, le cou et le d\u00e9collet\u00e9, seul ou avant la cr\u00e8me de soin.<\/p>\n<\/p><\/div>\n<\/p><\/div>\n<\/p><\/div>","protected":false},"excerpt":{"rendered":"<p>Highlights:Ce s\u00e9rum associe la puissance d\u2019ALGO 4\u00ae \u00e0 l\u2019acide hyaluronique afin de prot\u00e9ger l\u2019\u00e9piderme contre les agressions ext\u00e9rieures, hydrater et revitaliser la peau.30 mL<\/p>","protected":false},"featured_media":7647,"comment_status":"open","ping_status":"closed","template":"","meta":[],"product_cat":[83],"product_tag":[],"yith_product_brand":[118],"class_list":{"0":"post-7599","1":"product","2":"type-product","3":"status-publish","4":"has-post-thumbnail","6":"product_cat-soins-visage","7":"yith_product_brand-algologie","9":"first","10":"instock","11":"sale","12":"shipping-taxable","13":"purchasable","14":"product-type-simple"},"_links":{"self":[{"href":"https:\/\/parapharmacieenligne.ma\/en\/wp-json\/wp\/v2\/product\/7599","targetHints":{"allow":["GET"]}}],"collection":[{"href":"https:\/\/parapharmacieenligne.ma\/en\/wp-json\/wp\/v2\/product"}],"about":[{"href":"https:\/\/parapharmacieenligne.ma\/en\/wp-json\/wp\/v2\/types\/product"}],"replies":[{"embeddable":true,"href":"https:\/\/parapharmacieenligne.ma\/en\/wp-json\/wp\/v2\/comments?post=7599"}],"version-history":[{"count":1,"href":"https:\/\/parapharmacieenligne.ma\/en\/wp-json\/wp\/v2\/product\/7599\/revisions"}],"predecessor-version":[{"id":7648,"href":"https:\/\/parapharmacieenligne.ma\/en\/wp-json\/wp\/v2\/product\/7599\/revisions\/7648"}],"wp:featuredmedia":[{"embeddable":true,"href":"https:\/\/parapharmacieenligne.ma\/en\/wp-json\/wp\/v2\/media\/7647"}],"wp:attachment":[{"href":"https:\/\/parapharmacieenligne.ma\/en\/wp-json\/wp\/v2\/media?parent=7599"}],"wp:term":[{"taxonomy":"product_cat","embeddable":true,"href":"https:\/\/parapharmacieenligne.ma\/en\/wp-json\/wp\/v2\/product_cat?post=7599"},{"taxonomy":"product_tag","embeddable":true,"href":"https:\/\/parapharmacieenligne.ma\/en\/wp-json\/wp\/v2\/product_tag?post=7599"},{"taxonomy":"yith_product_brand","embeddable":true,"href":"https:\/\/parapharmacieenligne.ma\/en\/wp-json\/wp\/v2\/yith_product_brand?post=7599"}],"curies":[{"name":"wp","href":"https:\/\/api.w.org\/{rel}","templated":true}]}}