{"id":7600,"date":"2026-01-25T21:48:36","date_gmt":"2026-01-25T20:48:36","guid":{"rendered":"https:\/\/parapharmacieenligne.ma\/?post_type=product&#038;p=7600"},"modified":"2026-01-25T21:49:51","modified_gmt":"2026-01-25T20:49:51","slug":"algologie-bulles-marines-masque-40ml","status":"publish","type":"product","link":"https:\/\/parapharmacieenligne.ma\/en\/product\/algologie-bulles-marines-masque-40ml\/","title":{"rendered":"Algologie Bulles Marines Masque 40ml"},"content":{"rendered":"<div aria-labelledby=\"tab-title-description\" class=\"woocommerce-Tabs-panel woocommerce-Tabs-panel--description panel entry-content wc-tab\" id=\"tab-description\" role=\"tabpanel\" style=\"\">\n<h2>Description<\/h2>\n<p>Un masque fondant et p\u00e9tillant gr\u00e2ce \u00e0 la pr\u00e9sence d\u2019un polym\u00e8re min\u00e9ral qui g\u00e9n\u00e8re des bulles d\u2019oxyg\u00e8ne \u00e0 la surface de la peau pour relancer intens\u00e9ment l\u2019oxyg\u00e9nation.<\/p>\n<p>R\u00e9sultats :<br \/>\n Nourrie en profondeur et revitalis\u00e9e, la peau retrouve sa jeunesse : le teint est lumineux et \u00e9clatant.<\/p>\n<p>Conseil d\u2019utilisation :<br \/>\n \u2013 Appliquer le masque en couche fine sur le visage et le cou en \u00e9vitant les yeux. La couleur c\u00e9ladon se transforme progressivement en un masque blanc p\u00e9tillant. Lorsque les fines bulles cessent de p\u00e9tiller, rincer \u00e0 l\u2019eau ti\u00e8de.<br \/>\n \u2013 A utiliser 1 \u00e0 2 fois par semaine.<\/p>\n<\/p><\/div>","protected":false},"excerpt":{"rendered":"<p>Highlights:\u2018- Texture \u00e0 la double m\u00e9tamorphose.\u2013 Gel-cr\u00e8me couleur c\u00e9ladon qui devient blanc puis naissance de microbulles oxyg\u00e9nantes.<\/p>","protected":false},"featured_media":7649,"comment_status":"open","ping_status":"closed","template":"","meta":[],"product_cat":[83],"product_tag":[],"yith_product_brand":[118],"class_list":{"0":"post-7600","1":"product","2":"type-product","3":"status-publish","4":"has-post-thumbnail","6":"product_cat-soins-visage","7":"yith_product_brand-algologie","9":"first","10":"instock","11":"sale","12":"shipping-taxable","13":"purchasable","14":"product-type-simple"},"_links":{"self":[{"href":"https:\/\/parapharmacieenligne.ma\/en\/wp-json\/wp\/v2\/product\/7600","targetHints":{"allow":["GET"]}}],"collection":[{"href":"https:\/\/parapharmacieenligne.ma\/en\/wp-json\/wp\/v2\/product"}],"about":[{"href":"https:\/\/parapharmacieenligne.ma\/en\/wp-json\/wp\/v2\/types\/product"}],"replies":[{"embeddable":true,"href":"https:\/\/parapharmacieenligne.ma\/en\/wp-json\/wp\/v2\/comments?post=7600"}],"version-history":[{"count":1,"href":"https:\/\/parapharmacieenligne.ma\/en\/wp-json\/wp\/v2\/product\/7600\/revisions"}],"predecessor-version":[{"id":7650,"href":"https:\/\/parapharmacieenligne.ma\/en\/wp-json\/wp\/v2\/product\/7600\/revisions\/7650"}],"wp:featuredmedia":[{"embeddable":true,"href":"https:\/\/parapharmacieenligne.ma\/en\/wp-json\/wp\/v2\/media\/7649"}],"wp:attachment":[{"href":"https:\/\/parapharmacieenligne.ma\/en\/wp-json\/wp\/v2\/media?parent=7600"}],"wp:term":[{"taxonomy":"product_cat","embeddable":true,"href":"https:\/\/parapharmacieenligne.ma\/en\/wp-json\/wp\/v2\/product_cat?post=7600"},{"taxonomy":"product_tag","embeddable":true,"href":"https:\/\/parapharmacieenligne.ma\/en\/wp-json\/wp\/v2\/product_tag?post=7600"},{"taxonomy":"yith_product_brand","embeddable":true,"href":"https:\/\/parapharmacieenligne.ma\/en\/wp-json\/wp\/v2\/yith_product_brand?post=7600"}],"curies":[{"name":"wp","href":"https:\/\/api.w.org\/{rel}","templated":true}]}}