{"id":7653,"date":"2026-01-26T12:08:14","date_gmt":"2026-01-26T11:08:14","guid":{"rendered":"https:\/\/parapharmacieenligne.ma\/?post_type=product&#038;p=7653"},"modified":"2026-01-26T12:08:35","modified_gmt":"2026-01-26T11:08:35","slug":"biokera-shampoing-300ml-spray-300ml-lotion-6x10ml-pack-anti-chute","status":"publish","type":"product","link":"https:\/\/parapharmacieenligne.ma\/en\/product\/biokera-shampoing-300ml-spray-300ml-lotion-6x10ml-pack-anti-chute\/","title":{"rendered":"Biokera Shampoing 300ml + Spray 300ml + Lotion 6x10ml Pack Anti-Chute"},"content":{"rendered":"<div aria-labelledby=\"tab-title-description\" class=\"woocommerce-Tabs-panel woocommerce-Tabs-panel--description panel entry-content wc-tab\" id=\"tab-description\" role=\"tabpanel\" style=\"\">\n<h2>Description<\/h2>\n<p><strong><span>Pack de soins sp\u00e9cifiques<\/span><\/strong><span> qui aide \u00e0 normaliser le cycle de croissance et \u00e0 arr\u00eater la chute des cheveux. Sa formule au <\/span><strong><span>ginseng<\/span><\/strong><span> et \u00e0 l\u2019extrait <\/span><strong><span>de Ginkgo Biloba<\/span><\/strong><span> stimule la r\u00e9g\u00e9n\u00e9ration des cheveux et normalise leur cycle de croissance. Le pack comprend <\/span><strong><span>un flacon de shampoing, de lotion et d\u2019action choc.<\/span><\/strong><\/p>\n<p><span>Pr\u00e9parez le cuir chevelu \u00e0 l\u2019action du reste du produit avec le Shampoing Sp\u00e9cifique Antichute.<\/span><\/p>\n<ul>\n<li><span>Stimule la croissance.<\/span><\/li>\n<li><span>Id\u00e9al pour les cheveux en perte.<\/span><\/li>\n<li><span>Ginseng et Ginkgo Biloba.<\/span><\/li>\n<\/ul><\/div>","protected":false},"excerpt":{"rendered":"<p>Highlights:Pack qui aide \u00e0 normaliser le cycle de croissance et \u00e0 arr\u00eater la chute des cheveux, gr\u00e2ce au ginseng et \u00e0 l\u2019extrait de Ginkgo Biloba.<\/p>","protected":false},"featured_media":7683,"comment_status":"open","ping_status":"closed","template":"","meta":[],"product_cat":[84],"product_tag":[],"yith_product_brand":[119],"class_list":{"0":"post-7653","1":"product","2":"type-product","3":"status-publish","4":"has-post-thumbnail","6":"product_cat-soins-cheveux","7":"yith_product_brand-biokera","9":"first","10":"instock","11":"sale","12":"shipping-taxable","13":"purchasable","14":"product-type-simple"},"_links":{"self":[{"href":"https:\/\/parapharmacieenligne.ma\/en\/wp-json\/wp\/v2\/product\/7653","targetHints":{"allow":["GET"]}}],"collection":[{"href":"https:\/\/parapharmacieenligne.ma\/en\/wp-json\/wp\/v2\/product"}],"about":[{"href":"https:\/\/parapharmacieenligne.ma\/en\/wp-json\/wp\/v2\/types\/product"}],"replies":[{"embeddable":true,"href":"https:\/\/parapharmacieenligne.ma\/en\/wp-json\/wp\/v2\/comments?post=7653"}],"version-history":[{"count":1,"href":"https:\/\/parapharmacieenligne.ma\/en\/wp-json\/wp\/v2\/product\/7653\/revisions"}],"predecessor-version":[{"id":7684,"href":"https:\/\/parapharmacieenligne.ma\/en\/wp-json\/wp\/v2\/product\/7653\/revisions\/7684"}],"wp:featuredmedia":[{"embeddable":true,"href":"https:\/\/parapharmacieenligne.ma\/en\/wp-json\/wp\/v2\/media\/7683"}],"wp:attachment":[{"href":"https:\/\/parapharmacieenligne.ma\/en\/wp-json\/wp\/v2\/media?parent=7653"}],"wp:term":[{"taxonomy":"product_cat","embeddable":true,"href":"https:\/\/parapharmacieenligne.ma\/en\/wp-json\/wp\/v2\/product_cat?post=7653"},{"taxonomy":"product_tag","embeddable":true,"href":"https:\/\/parapharmacieenligne.ma\/en\/wp-json\/wp\/v2\/product_tag?post=7653"},{"taxonomy":"yith_product_brand","embeddable":true,"href":"https:\/\/parapharmacieenligne.ma\/en\/wp-json\/wp\/v2\/yith_product_brand?post=7653"}],"curies":[{"name":"wp","href":"https:\/\/api.w.org\/{rel}","templated":true}]}}