{"id":7668,"date":"2026-01-26T12:08:21","date_gmt":"2026-01-26T11:08:21","guid":{"rendered":"https:\/\/parapharmacieenligne.ma\/?post_type=product&#038;p=7668"},"modified":"2026-01-26T12:09:52","modified_gmt":"2026-01-26T11:09:52","slug":"biokera-shampoing-scalp-care-1000ml","status":"publish","type":"product","link":"https:\/\/parapharmacieenligne.ma\/en\/product\/biokera-shampoing-scalp-care-1000ml\/","title":{"rendered":"Biokera Shampoing Scalp Care 1000ml"},"content":{"rendered":"<div aria-labelledby=\"tab-title-description\" class=\"woocommerce-Tabs-panel woocommerce-Tabs-panel--description panel entry-content wc-tab\" id=\"tab-description\" role=\"tabpanel\" style=\"\">\n<h2>Description<\/h2>\n<p><strong>Shampooing formul\u00e9 avec du miel<\/strong> issu de l\u2019apiculture biologique qui nettoie d\u00e9licatement les cheveux de la pollution, du s\u00e9bum et des pellicules qui obstruent le follicule pileux, en r\u00e9tablissant l\u2019\u00e9quilibre du cuir chevelu.<\/p>\n<ul>\n<li>Pr\u00e9vient et combat les infections tout en purifiant les cheveux.<\/li>\n<li>Id\u00e9al pour les cuirs chevelus sensibles.<\/li>\n<li>Miel d\u2019apiculture biologique \/ Gel\u00e9e royale \/ Peptides de zinc.<\/li>\n<\/ul><\/div>","protected":false},"excerpt":{"rendered":"<p>Highlights:Shampooing formul\u00e9 avec du miel qui nettoie les cheveux du s\u00e9bum et des pellicules qui obstruent le follicule pileux, r\u00e9tablissant l\u2019\u00e9quilibre du cuir chevelu.<\/p>","protected":false},"featured_media":7722,"comment_status":"open","ping_status":"closed","template":"","meta":[],"product_cat":[84],"product_tag":[],"yith_product_brand":[119],"class_list":{"0":"post-7668","1":"product","2":"type-product","3":"status-publish","4":"has-post-thumbnail","6":"product_cat-soins-cheveux","7":"yith_product_brand-biokera","9":"first","10":"instock","11":"sale","12":"shipping-taxable","13":"purchasable","14":"product-type-simple"},"_links":{"self":[{"href":"https:\/\/parapharmacieenligne.ma\/en\/wp-json\/wp\/v2\/product\/7668","targetHints":{"allow":["GET"]}}],"collection":[{"href":"https:\/\/parapharmacieenligne.ma\/en\/wp-json\/wp\/v2\/product"}],"about":[{"href":"https:\/\/parapharmacieenligne.ma\/en\/wp-json\/wp\/v2\/types\/product"}],"replies":[{"embeddable":true,"href":"https:\/\/parapharmacieenligne.ma\/en\/wp-json\/wp\/v2\/comments?post=7668"}],"version-history":[{"count":1,"href":"https:\/\/parapharmacieenligne.ma\/en\/wp-json\/wp\/v2\/product\/7668\/revisions"}],"predecessor-version":[{"id":7723,"href":"https:\/\/parapharmacieenligne.ma\/en\/wp-json\/wp\/v2\/product\/7668\/revisions\/7723"}],"wp:featuredmedia":[{"embeddable":true,"href":"https:\/\/parapharmacieenligne.ma\/en\/wp-json\/wp\/v2\/media\/7722"}],"wp:attachment":[{"href":"https:\/\/parapharmacieenligne.ma\/en\/wp-json\/wp\/v2\/media?parent=7668"}],"wp:term":[{"taxonomy":"product_cat","embeddable":true,"href":"https:\/\/parapharmacieenligne.ma\/en\/wp-json\/wp\/v2\/product_cat?post=7668"},{"taxonomy":"product_tag","embeddable":true,"href":"https:\/\/parapharmacieenligne.ma\/en\/wp-json\/wp\/v2\/product_tag?post=7668"},{"taxonomy":"yith_product_brand","embeddable":true,"href":"https:\/\/parapharmacieenligne.ma\/en\/wp-json\/wp\/v2\/yith_product_brand?post=7668"}],"curies":[{"name":"wp","href":"https:\/\/api.w.org\/{rel}","templated":true}]}}