{"id":7693,"date":"2026-01-26T12:08:56","date_gmt":"2026-01-26T11:08:56","guid":{"rendered":"https:\/\/parapharmacieenligne.ma\/?post_type=product&#038;p=7693"},"modified":"2026-01-26T12:13:17","modified_gmt":"2026-01-26T11:13:17","slug":"biokera-nature-shampooing-scalp-care-miel-300ml","status":"publish","type":"product","link":"https:\/\/parapharmacieenligne.ma\/en\/product\/biokera-nature-shampooing-scalp-care-miel-300ml\/","title":{"rendered":"BIOKERA NATURE SHAMPOOING SCALP CARE MIEL 300ML"},"content":{"rendered":"<div aria-labelledby=\"tab-title-description\" class=\"woocommerce-Tabs-panel woocommerce-Tabs-panel--description panel entry-content wc-tab\" id=\"tab-description\" role=\"tabpanel\" style=\"\">\n<h2>Description<\/h2>\n<p>Shampooing qui nettoie en douceur les cheveux de la contamination du s\u00e9bum et des pellicules qui obstrue le follicule pileux, r\u00e9tablissant l\u2019\u00e9quilibre du cuir chevelu.L\u2019ingr\u00e9dient principal de ce shampooing est le miel de certification biologique, r\u00e9colt\u00e9 par les abeilles dans les fleurs des r\u00e9gions \u00e9loign\u00e9es, \u00e0 au moins 3 km des centres de population ou des zones d\u2019activit\u00e9 industrielle. Il poss\u00e8de des propri\u00e9t\u00e9s hydratantes, anti-inflammatoires, antioxydantes, antimicrobiennes et stimulantes pour le syst\u00e8me immunitaire. Ses multiples avantages permettent de purifier les cheveux et le cuir chevelu, en r\u00e9tablissant son \u00e9quilibre naturel.<\/p>\n<\/p><\/div>","protected":false},"excerpt":{"rendered":"<p>Highlights:L\u2019ingr\u00e9dient principal de ce shampooing est le miel de certification biologique, rPour Cuir chevelu sensible<\/p>","protected":false},"featured_media":7760,"comment_status":"open","ping_status":"closed","template":"","meta":[],"product_cat":[84],"product_tag":[],"yith_product_brand":[119],"class_list":{"0":"post-7693","1":"product","2":"type-product","3":"status-publish","4":"has-post-thumbnail","6":"product_cat-soins-cheveux","7":"yith_product_brand-biokera","9":"first","10":"instock","11":"sale","12":"shipping-taxable","13":"purchasable","14":"product-type-simple"},"_links":{"self":[{"href":"https:\/\/parapharmacieenligne.ma\/en\/wp-json\/wp\/v2\/product\/7693","targetHints":{"allow":["GET"]}}],"collection":[{"href":"https:\/\/parapharmacieenligne.ma\/en\/wp-json\/wp\/v2\/product"}],"about":[{"href":"https:\/\/parapharmacieenligne.ma\/en\/wp-json\/wp\/v2\/types\/product"}],"replies":[{"embeddable":true,"href":"https:\/\/parapharmacieenligne.ma\/en\/wp-json\/wp\/v2\/comments?post=7693"}],"version-history":[{"count":1,"href":"https:\/\/parapharmacieenligne.ma\/en\/wp-json\/wp\/v2\/product\/7693\/revisions"}],"predecessor-version":[{"id":7761,"href":"https:\/\/parapharmacieenligne.ma\/en\/wp-json\/wp\/v2\/product\/7693\/revisions\/7761"}],"wp:featuredmedia":[{"embeddable":true,"href":"https:\/\/parapharmacieenligne.ma\/en\/wp-json\/wp\/v2\/media\/7760"}],"wp:attachment":[{"href":"https:\/\/parapharmacieenligne.ma\/en\/wp-json\/wp\/v2\/media?parent=7693"}],"wp:term":[{"taxonomy":"product_cat","embeddable":true,"href":"https:\/\/parapharmacieenligne.ma\/en\/wp-json\/wp\/v2\/product_cat?post=7693"},{"taxonomy":"product_tag","embeddable":true,"href":"https:\/\/parapharmacieenligne.ma\/en\/wp-json\/wp\/v2\/product_tag?post=7693"},{"taxonomy":"yith_product_brand","embeddable":true,"href":"https:\/\/parapharmacieenligne.ma\/en\/wp-json\/wp\/v2\/yith_product_brand?post=7693"}],"curies":[{"name":"wp","href":"https:\/\/api.w.org\/{rel}","templated":true}]}}