{"id":7709,"date":"2026-01-26T12:09:28","date_gmt":"2026-01-26T11:09:28","guid":{"rendered":"https:\/\/parapharmacieenligne.ma\/?post_type=product&#038;p=7709"},"modified":"2026-01-26T12:13:49","modified_gmt":"2026-01-26T11:13:49","slug":"biokera-nature-spray-volumateur-300ml","status":"publish","type":"product","link":"https:\/\/parapharmacieenligne.ma\/en\/product\/biokera-nature-spray-volumateur-300ml\/","title":{"rendered":"BIOKERA NATURE SPRAY VOLUMATEUR 300ML"},"content":{"rendered":"<div aria-labelledby=\"tab-title-description\" class=\"woocommerce-Tabs-panel woocommerce-Tabs-panel--description panel entry-content wc-tab\" id=\"tab-description\" role=\"tabpanel\" style=\"\">\n<h2>Description<\/h2>\n<p>Traitement Volumateur Chute est une lotion en vaporisateur pour le traitement sp\u00e9cifique de maintenance qui aide \u00e0 r\u00e9gulariser le cycle de croissance des cheveux. Sa formule contient une combinaison de vitamines, d\u2019actifs revitalisants et d\u2019extrait de ginseng qui augmente la vigueur du bulbe pilaire et stimule le r\u00e9g\u00e9n\u00e9ration de toute la chevelure.<\/p>\n<\/p><\/div>","protected":false},"excerpt":{"rendered":"<p>Highlights:Traitement Volumateur Chute est une lotion en vaporisateur pour le traitement sp\u00e9cifique de maintenance qui aide \u00e0 r\u00e9gulariser le cycle de croissance des cheveux.<\/p>","protected":false},"featured_media":7776,"comment_status":"open","ping_status":"closed","template":"","meta":[],"product_cat":[84],"product_tag":[],"yith_product_brand":[119],"class_list":{"0":"post-7709","1":"product","2":"type-product","3":"status-publish","4":"has-post-thumbnail","6":"product_cat-soins-cheveux","7":"yith_product_brand-biokera","9":"first","10":"instock","11":"sale","12":"shipping-taxable","13":"purchasable","14":"product-type-simple"},"_links":{"self":[{"href":"https:\/\/parapharmacieenligne.ma\/en\/wp-json\/wp\/v2\/product\/7709","targetHints":{"allow":["GET"]}}],"collection":[{"href":"https:\/\/parapharmacieenligne.ma\/en\/wp-json\/wp\/v2\/product"}],"about":[{"href":"https:\/\/parapharmacieenligne.ma\/en\/wp-json\/wp\/v2\/types\/product"}],"replies":[{"embeddable":true,"href":"https:\/\/parapharmacieenligne.ma\/en\/wp-json\/wp\/v2\/comments?post=7709"}],"version-history":[{"count":1,"href":"https:\/\/parapharmacieenligne.ma\/en\/wp-json\/wp\/v2\/product\/7709\/revisions"}],"predecessor-version":[{"id":7777,"href":"https:\/\/parapharmacieenligne.ma\/en\/wp-json\/wp\/v2\/product\/7709\/revisions\/7777"}],"wp:featuredmedia":[{"embeddable":true,"href":"https:\/\/parapharmacieenligne.ma\/en\/wp-json\/wp\/v2\/media\/7776"}],"wp:attachment":[{"href":"https:\/\/parapharmacieenligne.ma\/en\/wp-json\/wp\/v2\/media?parent=7709"}],"wp:term":[{"taxonomy":"product_cat","embeddable":true,"href":"https:\/\/parapharmacieenligne.ma\/en\/wp-json\/wp\/v2\/product_cat?post=7709"},{"taxonomy":"product_tag","embeddable":true,"href":"https:\/\/parapharmacieenligne.ma\/en\/wp-json\/wp\/v2\/product_tag?post=7709"},{"taxonomy":"yith_product_brand","embeddable":true,"href":"https:\/\/parapharmacieenligne.ma\/en\/wp-json\/wp\/v2\/yith_product_brand?post=7709"}],"curies":[{"name":"wp","href":"https:\/\/api.w.org\/{rel}","templated":true}]}}