{"id":7724,"date":"2026-01-26T12:09:57","date_gmt":"2026-01-26T11:09:57","guid":{"rendered":"https:\/\/parapharmacieenligne.ma\/?post_type=product&#038;p=7724"},"modified":"2026-01-26T12:13:53","modified_gmt":"2026-01-26T11:13:53","slug":"biokera-nature-lotion-intensive-specifique-chute-6-amp","status":"publish","type":"product","link":"https:\/\/parapharmacieenligne.ma\/en\/product\/biokera-nature-lotion-intensive-specifique-chute-6-amp\/","title":{"rendered":"BIOKERA NATURE LOTION INTENSIVE SPECIFIQUE CHUTE 6 AMP"},"content":{"rendered":"<div aria-labelledby=\"tab-title-description\" class=\"woocommerce-Tabs-panel woocommerce-Tabs-panel--description panel entry-content wc-tab\" id=\"tab-description\" role=\"tabpanel\" style=\"\">\n<h2>Description<\/h2>\n<p>Lotion Sp\u00e9cifique R\u00e9g\u00e9n\u00e9ratrice Capillaire est une lotion en vaporisateur pour le traitement sp\u00e9cifique d\u2019action de choc qui aide \u00e0 r\u00e9gulariser le cycle de formation et la croissance de la tige capillaire. Sa formule int\u00e8gre des composants qui favorisent le retour \u00e0 la r\u00e9gularisation de la croissance. Augmente la grosseur des cheveux atrophiques et stimule le m\u00e9tabolisme cellulaire.<\/p>\n<\/p><\/div>","protected":false},"excerpt":{"rendered":"<p>Highlights:Lotion Sp\u00e9cifique R\u00e9g\u00e9n\u00e9ratrice Capillaire est une lotion en vaporisateur pour le traitement sp\u00e9cifique d\u2019action de choc qui aide \u00e0 r\u00e9gulariser le cycle de formation et la croissance de la tige capillaire.<\/p>","protected":false},"featured_media":7778,"comment_status":"open","ping_status":"closed","template":"","meta":[],"product_cat":[84],"product_tag":[],"yith_product_brand":[119],"class_list":{"0":"post-7724","1":"product","2":"type-product","3":"status-publish","4":"has-post-thumbnail","6":"product_cat-soins-cheveux","7":"yith_product_brand-biokera","9":"first","10":"instock","11":"sale","12":"shipping-taxable","13":"purchasable","14":"product-type-simple"},"_links":{"self":[{"href":"https:\/\/parapharmacieenligne.ma\/en\/wp-json\/wp\/v2\/product\/7724","targetHints":{"allow":["GET"]}}],"collection":[{"href":"https:\/\/parapharmacieenligne.ma\/en\/wp-json\/wp\/v2\/product"}],"about":[{"href":"https:\/\/parapharmacieenligne.ma\/en\/wp-json\/wp\/v2\/types\/product"}],"replies":[{"embeddable":true,"href":"https:\/\/parapharmacieenligne.ma\/en\/wp-json\/wp\/v2\/comments?post=7724"}],"version-history":[{"count":1,"href":"https:\/\/parapharmacieenligne.ma\/en\/wp-json\/wp\/v2\/product\/7724\/revisions"}],"predecessor-version":[{"id":7779,"href":"https:\/\/parapharmacieenligne.ma\/en\/wp-json\/wp\/v2\/product\/7724\/revisions\/7779"}],"wp:featuredmedia":[{"embeddable":true,"href":"https:\/\/parapharmacieenligne.ma\/en\/wp-json\/wp\/v2\/media\/7778"}],"wp:attachment":[{"href":"https:\/\/parapharmacieenligne.ma\/en\/wp-json\/wp\/v2\/media?parent=7724"}],"wp:term":[{"taxonomy":"product_cat","embeddable":true,"href":"https:\/\/parapharmacieenligne.ma\/en\/wp-json\/wp\/v2\/product_cat?post=7724"},{"taxonomy":"product_tag","embeddable":true,"href":"https:\/\/parapharmacieenligne.ma\/en\/wp-json\/wp\/v2\/product_tag?post=7724"},{"taxonomy":"yith_product_brand","embeddable":true,"href":"https:\/\/parapharmacieenligne.ma\/en\/wp-json\/wp\/v2\/yith_product_brand?post=7724"}],"curies":[{"name":"wp","href":"https:\/\/api.w.org\/{rel}","templated":true}]}}