{"id":7725,"date":"2026-01-26T12:09:59","date_gmt":"2026-01-26T11:09:59","guid":{"rendered":"https:\/\/parapharmacieenligne.ma\/?post_type=product&#038;p=7725"},"modified":"2026-01-26T12:14:03","modified_gmt":"2026-01-26T11:14:03","slug":"biokera-nature-traitement-intensif-anti-cheveux-gras-6amp-10ml","status":"publish","type":"product","link":"https:\/\/parapharmacieenligne.ma\/en\/product\/biokera-nature-traitement-intensif-anti-cheveux-gras-6amp-10ml\/","title":{"rendered":"BIOKERA NATURE TRAITEMENT INTENSIF ANTI CHEVEUX GRAS 6AMP 10ML"},"content":{"rendered":"<div aria-labelledby=\"tab-title-description\" class=\"woocommerce-Tabs-panel woocommerce-Tabs-panel--description panel entry-content wc-tab\" id=\"tab-description\" role=\"tabpanel\" style=\"\">\n<h2>Description<\/h2>\n<p>Traitement Intensif Gras est une lotion id\u00e9ale pour des cheveux avec des probl\u00e8mes dans le cycle de production du gras. Elle maintient les cheveux propres plus longtemps car elle \u00e9limine l\u2019exc\u00e8s de gras en conservant ce dont ils ont besoin pour une protection correcte du cheveu. Sa formule avec des prot\u00e9ines et acides amin\u00e9s \u00e9vite l\u2019exc\u00e8s de gras.<\/p>\n<\/p><\/div>","protected":false},"excerpt":{"rendered":"<p>Highlights:AMPOULESANTI GRASR\u00e9gule la production de grasAugmente le temps entre les lavages<\/p>","protected":false},"featured_media":7785,"comment_status":"open","ping_status":"closed","template":"","meta":[],"product_cat":[84],"product_tag":[],"yith_product_brand":[119],"class_list":{"0":"post-7725","1":"product","2":"type-product","3":"status-publish","4":"has-post-thumbnail","6":"product_cat-soins-cheveux","7":"yith_product_brand-biokera","9":"first","10":"instock","11":"sale","12":"shipping-taxable","13":"purchasable","14":"product-type-simple"},"_links":{"self":[{"href":"https:\/\/parapharmacieenligne.ma\/en\/wp-json\/wp\/v2\/product\/7725","targetHints":{"allow":["GET"]}}],"collection":[{"href":"https:\/\/parapharmacieenligne.ma\/en\/wp-json\/wp\/v2\/product"}],"about":[{"href":"https:\/\/parapharmacieenligne.ma\/en\/wp-json\/wp\/v2\/types\/product"}],"replies":[{"embeddable":true,"href":"https:\/\/parapharmacieenligne.ma\/en\/wp-json\/wp\/v2\/comments?post=7725"}],"version-history":[{"count":1,"href":"https:\/\/parapharmacieenligne.ma\/en\/wp-json\/wp\/v2\/product\/7725\/revisions"}],"predecessor-version":[{"id":7786,"href":"https:\/\/parapharmacieenligne.ma\/en\/wp-json\/wp\/v2\/product\/7725\/revisions\/7786"}],"wp:featuredmedia":[{"embeddable":true,"href":"https:\/\/parapharmacieenligne.ma\/en\/wp-json\/wp\/v2\/media\/7785"}],"wp:attachment":[{"href":"https:\/\/parapharmacieenligne.ma\/en\/wp-json\/wp\/v2\/media?parent=7725"}],"wp:term":[{"taxonomy":"product_cat","embeddable":true,"href":"https:\/\/parapharmacieenligne.ma\/en\/wp-json\/wp\/v2\/product_cat?post=7725"},{"taxonomy":"product_tag","embeddable":true,"href":"https:\/\/parapharmacieenligne.ma\/en\/wp-json\/wp\/v2\/product_tag?post=7725"},{"taxonomy":"yith_product_brand","embeddable":true,"href":"https:\/\/parapharmacieenligne.ma\/en\/wp-json\/wp\/v2\/yith_product_brand?post=7725"}],"curies":[{"name":"wp","href":"https:\/\/api.w.org\/{rel}","templated":true}]}}