{"id":7744,"date":"2026-01-26T12:11:33","date_gmt":"2026-01-26T11:11:33","guid":{"rendered":"https:\/\/parapharmacieenligne.ma\/?post_type=product&#038;p=7744"},"modified":"2026-01-26T12:15:16","modified_gmt":"2026-01-26T11:15:16","slug":"biokera-nature-shampooing-argan-300ml","status":"publish","type":"product","link":"https:\/\/parapharmacieenligne.ma\/en\/product\/biokera-nature-shampooing-argan-300ml\/","title":{"rendered":"BIOKERA NATURE SHAMPOOING ARGAN 300ML"},"content":{"rendered":"<div aria-labelledby=\"tab-title-description\" class=\"woocommerce-Tabs-panel woocommerce-Tabs-panel--description panel entry-content wc-tab\" id=\"tab-description\" role=\"tabpanel\" style=\"\">\n<h2>Description<\/h2>\n<p>Shampoing Arg\u00e1n est un shampoing avec huile naturelle d\u2019argan, glyc\u00e9rine et hydrolisat de k\u00e9ratine naturelle qui nettoie en profondeur les cheveux en apportant une hydratation naturelle avec une brillance spectaculaire. Sa formule aide \u00e0 r\u00e9guler les niveaux hydriques de la peau du cuir chevelu et des cheveux. <\/p>\n<\/p><\/div>","protected":false},"excerpt":{"rendered":"<p>Highlights:Une formulation qui normalise l\u2019exc\u00e8s de s\u00e9bum, apporte vitalit\u00e9 et l\u00e9g\u00e8ret\u00e9 \u00e0 l\u2019ensemble de la chevelure. Son action normalisante aide \u00e9galement \u00e0 lutter contre la chute de cheveux, souvent caus\u00e9e par l\u2019exc\u00e8s de s\u00e9bum.<\/p>","protected":false},"featured_media":7818,"comment_status":"open","ping_status":"closed","template":"","meta":[],"product_cat":[84],"product_tag":[],"yith_product_brand":[119],"class_list":{"0":"post-7744","1":"product","2":"type-product","3":"status-publish","4":"has-post-thumbnail","6":"product_cat-soins-cheveux","7":"yith_product_brand-biokera","9":"first","10":"instock","11":"sale","12":"shipping-taxable","13":"purchasable","14":"product-type-simple"},"_links":{"self":[{"href":"https:\/\/parapharmacieenligne.ma\/en\/wp-json\/wp\/v2\/product\/7744","targetHints":{"allow":["GET"]}}],"collection":[{"href":"https:\/\/parapharmacieenligne.ma\/en\/wp-json\/wp\/v2\/product"}],"about":[{"href":"https:\/\/parapharmacieenligne.ma\/en\/wp-json\/wp\/v2\/types\/product"}],"replies":[{"embeddable":true,"href":"https:\/\/parapharmacieenligne.ma\/en\/wp-json\/wp\/v2\/comments?post=7744"}],"version-history":[{"count":1,"href":"https:\/\/parapharmacieenligne.ma\/en\/wp-json\/wp\/v2\/product\/7744\/revisions"}],"predecessor-version":[{"id":7819,"href":"https:\/\/parapharmacieenligne.ma\/en\/wp-json\/wp\/v2\/product\/7744\/revisions\/7819"}],"wp:featuredmedia":[{"embeddable":true,"href":"https:\/\/parapharmacieenligne.ma\/en\/wp-json\/wp\/v2\/media\/7818"}],"wp:attachment":[{"href":"https:\/\/parapharmacieenligne.ma\/en\/wp-json\/wp\/v2\/media?parent=7744"}],"wp:term":[{"taxonomy":"product_cat","embeddable":true,"href":"https:\/\/parapharmacieenligne.ma\/en\/wp-json\/wp\/v2\/product_cat?post=7744"},{"taxonomy":"product_tag","embeddable":true,"href":"https:\/\/parapharmacieenligne.ma\/en\/wp-json\/wp\/v2\/product_tag?post=7744"},{"taxonomy":"yith_product_brand","embeddable":true,"href":"https:\/\/parapharmacieenligne.ma\/en\/wp-json\/wp\/v2\/yith_product_brand?post=7744"}],"curies":[{"name":"wp","href":"https:\/\/api.w.org\/{rel}","templated":true}]}}