{"id":7894,"date":"2026-01-26T12:22:27","date_gmt":"2026-01-26T11:22:27","guid":{"rendered":"https:\/\/parapharmacieenligne.ma\/?post_type=product&#038;p=7894"},"modified":"2026-01-26T12:22:43","modified_gmt":"2026-01-26T11:22:43","slug":"avent-2-sucette-ultra-soft-0-6m-boy-scf091-07","status":"publish","type":"product","link":"https:\/\/parapharmacieenligne.ma\/en\/product\/avent-2-sucette-ultra-soft-0-6m-boy-scf091-07\/","title":{"rendered":"Avent 2 Sucette Ultra Soft 0-6m Boy Scf091\/07"},"content":{"rendered":"<div aria-labelledby=\"tab-title-description\" class=\"woocommerce-Tabs-panel woocommerce-Tabs-panel--description panel entry-content wc-tab\" id=\"tab-description\" role=\"tabpanel\" style=\"\">\n<h2>Description<\/h2>\n<div class=\"p-s01__pdp-overview-wraper\" id=\"see-all-benefits\">\n<div class=\"s01highlight s01-highlights-banner component-base\">\n<section class=\"p-s01-highlights\">\n<div class=\"p-row-gutter p-comp-spacing-bottom\">\n<h2 class=\"p-heading-02 p-heading-medium p-s01__highlights-title\">Notre sucette tr\u00e8s douce pour la peau sensible de votre b\u00e9b\u00e9<\/h2>\n<h3 class=\"p-heading-03 p-heading-medium p-s01__highlights-subtitle\">Pour une peau moins marqu\u00e9e et irrit\u00e9e<\/h3>\n<ul class=\"p-bullets p-large p-s01__bullets p-heading-medium\">\n<li class=\"p-s01__bullet\">Ultra-douce et souple<\/li>\n<li class=\"p-s01__bullet\">Orthodontique et sans BPA<\/li>\n<li class=\"p-s01__bullet\">Lot de 2<\/li>\n<li class=\"p-s01__bullet\">0-6 mois<\/li>\n<\/ul><\/div>\n<\/section><\/div>\n<\/p><\/div>\n<div class=\"productFeatures s12-product-features component-base\">\n<section class=\"p-complete p-s12-product-features\" data-close-popup-label=\"Retour\">\n<div class=\"p-row-gutter p-comp-spacing-bottom\">\n<div class=\"p-s12__feature-list\">\n<div class=\"p-s12__row\">\n<div class=\"p-s12__feature-item p-spacing-bottom-c\">\n<div class=\"p-s12__feature-image p-spacing-bottom-a\"><picture class=\"p-picture p-lazy-handled\"><source media=\"(min-width: 961px)\" srcset=\"https:\/\/images.philips.com\/is\/image\/philipsconsumer\/e34e9d1146704a1c80aeac5c006d38b2?wid=305&amp;hei=173&amp;$jpglarge$, https:\/\/images.philips.com\/is\/image\/philipsconsumer\/e34e9d1146704a1c80aeac5c006d38b2?wid=610&amp;hei=346&amp;$jpglarge$ 2x\"\/><source media=\"(min-width: 701px)\" srcset=\"https:\/\/images.philips.com\/is\/image\/philipsconsumer\/e34e9d1146704a1c80aeac5c006d38b2?wid=305&amp;hei=173&amp;$jpglarge$, https:\/\/images.philips.com\/is\/image\/philipsconsumer\/e34e9d1146704a1c80aeac5c006d38b2?wid=610&amp;hei=346&amp;$jpglarge$ 2x\"\/><source media=\"(min-width: 451px)\" srcset=\"https:\/\/images.philips.com\/is\/image\/philipsconsumer\/e34e9d1146704a1c80aeac5c006d38b2?wid=218&amp;hei=122&amp;$jpglarge$, https:\/\/images.philips.com\/is\/image\/philipsconsumer\/e34e9d1146704a1c80aeac5c006d38b2?wid=436&amp;hei=244&amp;$jpglarge$ 2x\"\/><source media=\"\" srcset=\"https:\/\/images.philips.com\/is\/image\/philipsconsumer\/e34e9d1146704a1c80aeac5c006d38b2?wid=438&amp;hei=245&amp;$jpglarge$, https:\/\/images.philips.com\/is\/image\/philipsconsumer\/e34e9d1146704a1c80aeac5c006d38b2?wid=876&amp;hei=490&amp;$jpglarge$ 2x\"\/><img alt=\"Collerette douce et souple\" class=\"lws-optimize-lazyload\" decoding=\"async\" ><\/picture><\/div>\n<div class=\"p-s12__feature-description p-spacing-bottom-a\">\n<h3 class=\"p-heading-04-large p-heading-bold p-feature-title\">Collerette douce et souple<\/h3>\n<p class=\"p-body-copy-02\">Parce que la peau de b\u00e9b\u00e9 n\u00e9cessite plus d\u2019attention, cette sucette est dot\u00e9e d\u2019une technologie de collerette qui \u00e9pouse les lignes naturelles de son visage. Ses joues seront moins marqu\u00e9es et irrit\u00e9es.<\/p>\n<\/p><\/div>\n<\/p><\/div>\n<div class=\"p-s12__feature-item p-spacing-bottom-c\">\n<div class=\"p-s12__feature-image p-spacing-bottom-a\"><picture class=\"p-picture p-lazy-handled\"><source media=\"(min-width: 961px)\" srcset=\"https:\/\/images.philips.com\/is\/image\/philipsconsumer\/ed2a227c0af4458fb7f8a83200bb1297?wid=305&amp;hei=173&amp;$jpglarge$, https:\/\/images.philips.com\/is\/image\/philipsconsumer\/ed2a227c0af4458fb7f8a83200bb1297?wid=610&amp;hei=346&amp;$jpglarge$ 2x\"\/><source media=\"(min-width: 701px)\" srcset=\"https:\/\/images.philips.com\/is\/image\/philipsconsumer\/ed2a227c0af4458fb7f8a83200bb1297?wid=305&amp;hei=173&amp;$jpglarge$, https:\/\/images.philips.com\/is\/image\/philipsconsumer\/ed2a227c0af4458fb7f8a83200bb1297?wid=610&amp;hei=346&amp;$jpglarge$ 2x\"\/><source media=\"(min-width: 451px)\" srcset=\"https:\/\/images.philips.com\/is\/image\/philipsconsumer\/ed2a227c0af4458fb7f8a83200bb1297?wid=218&amp;hei=122&amp;$jpglarge$, https:\/\/images.philips.com\/is\/image\/philipsconsumer\/ed2a227c0af4458fb7f8a83200bb1297?wid=436&amp;hei=244&amp;$jpglarge$ 2x\"\/><source media=\"\" srcset=\"https:\/\/images.philips.com\/is\/image\/philipsconsumer\/ed2a227c0af4458fb7f8a83200bb1297?wid=438&amp;hei=245&amp;$jpglarge$, https:\/\/images.philips.com\/is\/image\/philipsconsumer\/ed2a227c0af4458fb7f8a83200bb1297?wid=876&amp;hei=490&amp;$jpglarge$ 2x\"\/><img alt=\"98 % d'acceptation de la t\u00e9tine*\" class=\"lws-optimize-lazyload\" decoding=\"async\" ><\/picture><\/div>\n<div class=\"p-s12__feature-description p-spacing-bottom-a\">\n<h3 class=\"p-heading-04-large p-heading-bold p-feature-title\">98 % d\u2019acceptation de la t\u00e9tine*<\/h3>\n<p class=\"p-body-copy-02\">Nous avons demand\u00e9 \u00e0 des parents comment leurs b\u00e9b\u00e9s r\u00e9agissaient \u00e0 nos t\u00e9tines en silicone textur\u00e9es. En moyenne, 98 % d\u2019entre eux ont d\u00e9clar\u00e9 que leur enfant avait accept\u00e9 les sucettes ultra-douces et ultra air Philips Avent.<\/p>\n<\/p><\/div>\n<\/p><\/div>\n<div class=\"p-s12__feature-item p-spacing-bottom-c\">\n<div class=\"p-s12__feature-image p-spacing-bottom-a\"><picture class=\"p-picture p-lazy-handled\"><source media=\"(min-width: 961px)\" srcset=\"https:\/\/images.philips.com\/is\/image\/philipsconsumer\/1766e2827c484bebb916afc000d2175d?wid=305&amp;hei=173&amp;$jpglarge$, https:\/\/images.philips.com\/is\/image\/philipsconsumer\/1766e2827c484bebb916afc000d2175d?wid=610&amp;hei=346&amp;$jpglarge$ 2x\"\/><source media=\"(min-width: 701px)\" srcset=\"https:\/\/images.philips.com\/is\/image\/philipsconsumer\/1766e2827c484bebb916afc000d2175d?wid=305&amp;hei=173&amp;$jpglarge$, https:\/\/images.philips.com\/is\/image\/philipsconsumer\/1766e2827c484bebb916afc000d2175d?wid=610&amp;hei=346&amp;$jpglarge$ 2x\"\/><source media=\"(min-width: 451px)\" srcset=\"https:\/\/images.philips.com\/is\/image\/philipsconsumer\/1766e2827c484bebb916afc000d2175d?wid=218&amp;hei=122&amp;$jpglarge$, https:\/\/images.philips.com\/is\/image\/philipsconsumer\/1766e2827c484bebb916afc000d2175d?wid=436&amp;hei=244&amp;$jpglarge$ 2x\"\/><source media=\"\" srcset=\"https:\/\/images.philips.com\/is\/image\/philipsconsumer\/1766e2827c484bebb916afc000d2175d?wid=438&amp;hei=245&amp;$jpglarge$, https:\/\/images.philips.com\/is\/image\/philipsconsumer\/1766e2827c484bebb916afc000d2175d?wid=876&amp;hei=490&amp;$jpglarge$ 2x\"\/><img alt=\"Collerette arrondie\" class=\"lws-optimize-lazyload\" decoding=\"async\" ><\/picture><\/div>\n<div class=\"p-s12__feature-description p-spacing-bottom-a\">\n<h3 class=\"p-heading-04-large p-heading-bold p-feature-title\">Collerette arrondie<\/h3>\n<p class=\"p-body-copy-02\">La forme arrondie de la collerette r\u00e9duit la pression sur les joues de b\u00e9b\u00e9 pour une plus grande douceur de la peau.<\/p>\n<\/p><\/div>\n<\/p><\/div>\n<\/p><\/div>\n<div class=\"p-s12__more-features p-s12__toggle-item\">\n<div class=\"p-s12__more-features--inner\">\n<div class=\"p-s12__row\">\n<div class=\"p-s12__feature-item p-spacing-bottom-c\">\n<div class=\"p-s12__feature-image p-spacing-bottom-a\"><picture class=\"p-picture p-lazy-handled\"><source media=\"(min-width: 961px)\" srcset=\"https:\/\/images.philips.com\/is\/image\/philipsconsumer\/97d70686329844249eb7afc000d26e1e?wid=305&amp;hei=173&amp;$jpglarge$, https:\/\/images.philips.com\/is\/image\/philipsconsumer\/97d70686329844249eb7afc000d26e1e?wid=610&amp;hei=346&amp;$jpglarge$ 2x\"\/><source media=\"(min-width: 701px)\" srcset=\"https:\/\/images.philips.com\/is\/image\/philipsconsumer\/97d70686329844249eb7afc000d26e1e?wid=305&amp;hei=173&amp;$jpglarge$, https:\/\/images.philips.com\/is\/image\/philipsconsumer\/97d70686329844249eb7afc000d26e1e?wid=610&amp;hei=346&amp;$jpglarge$ 2x\"\/><source media=\"(min-width: 451px)\" srcset=\"https:\/\/images.philips.com\/is\/image\/philipsconsumer\/97d70686329844249eb7afc000d26e1e?wid=218&amp;hei=122&amp;$jpglarge$, https:\/\/images.philips.com\/is\/image\/philipsconsumer\/97d70686329844249eb7afc000d26e1e?wid=436&amp;hei=244&amp;$jpglarge$ 2x\"\/><source media=\"\" srcset=\"https:\/\/images.philips.com\/is\/image\/philipsconsumer\/97d70686329844249eb7afc000d26e1e?wid=438&amp;hei=245&amp;$jpglarge$, https:\/\/images.philips.com\/is\/image\/philipsconsumer\/97d70686329844249eb7afc000d26e1e?wid=876&amp;hei=490&amp;$jpglarge$ 2x\"\/><img alt=\"T\u00e9tine en silicone 100 % alimentaire\" class=\"lws-optimize-lazyload\" decoding=\"async\" ><\/picture><\/div>\n<div class=\"p-s12__feature-description p-spacing-bottom-a\">\n<h3 class=\"p-heading-04-large p-heading-bold p-feature-title\">T\u00e9tine en silicone 100 % alimentaire<\/h3>\n<p class=\"p-body-copy-02\">Nous avons d\u00e9lib\u00e9r\u00e9ment choisi le silicone pour nos t\u00e9tines ultra-douces et ultra air, car il s\u2019agit d\u2019un mat\u00e9riau s\u00fbr et inerte, largement utilis\u00e9 dans les applications m\u00e9dicales, exempt de produits chimiques dangereux, de substances \u00e0 effet endocrinien (par exemple, le BPA) et d\u2019allerg\u00e8nes.<\/p>\n<\/p><\/div>\n<\/p><\/div>\n<div class=\"p-s12__feature-item p-spacing-bottom-c\">\n<div class=\"p-s12__feature-image p-spacing-bottom-a\"><picture class=\"p-picture p-lazy-handled\"><source media=\"(min-width: 961px)\" srcset=\"https:\/\/images.philips.com\/is\/image\/philipsconsumer\/1e91779b12d14a5c9fe6a7ae00cbd6ac?wid=305&amp;hei=173&amp;$jpglarge$, https:\/\/images.philips.com\/is\/image\/philipsconsumer\/1e91779b12d14a5c9fe6a7ae00cbd6ac?wid=610&amp;hei=346&amp;$jpglarge$ 2x\"\/><source media=\"(min-width: 701px)\" srcset=\"https:\/\/images.philips.com\/is\/image\/philipsconsumer\/1e91779b12d14a5c9fe6a7ae00cbd6ac?wid=305&amp;hei=173&amp;$jpglarge$, https:\/\/images.philips.com\/is\/image\/philipsconsumer\/1e91779b12d14a5c9fe6a7ae00cbd6ac?wid=610&amp;hei=346&amp;$jpglarge$ 2x\"\/><source media=\"(min-width: 451px)\" srcset=\"https:\/\/images.philips.com\/is\/image\/philipsconsumer\/1e91779b12d14a5c9fe6a7ae00cbd6ac?wid=218&amp;hei=122&amp;$jpglarge$, https:\/\/images.philips.com\/is\/image\/philipsconsumer\/1e91779b12d14a5c9fe6a7ae00cbd6ac?wid=436&amp;hei=244&amp;$jpglarge$ 2x\"\/><source media=\"\" srcset=\"https:\/\/images.philips.com\/is\/image\/philipsconsumer\/1e91779b12d14a5c9fe6a7ae00cbd6ac?wid=438&amp;hei=245&amp;$jpglarge$, https:\/\/images.philips.com\/is\/image\/philipsconsumer\/1e91779b12d14a5c9fe6a7ae00cbd6ac?wid=876&amp;hei=490&amp;$jpglarge$ 2x\"\/><img alt=\"D\u00e9veloppement bucco-dentaire naturel\" class=\"lws-optimize-lazyload\" decoding=\"async\" ><\/picture><\/div>\n<div class=\"p-s12__feature-description p-spacing-bottom-a\">\n<h3 class=\"p-heading-04-large p-heading-bold p-feature-title\">D\u00e9veloppement bucco-dentaire naturel<\/h3>\n<p class=\"p-body-copy-02\">Nos t\u00e9tines orthodontiques et sym\u00e9triques en silicone souple sont con\u00e7ues pour un d\u00e9veloppement bucco-dentaire naturel.<\/p>\n<\/p><\/div>\n<\/p><\/div>\n<div class=\"p-s12__feature-item p-spacing-bottom-c\">\n<div class=\"p-s12__feature-image p-spacing-bottom-a\"><picture class=\"p-picture p-lazy-handled\"><source media=\"(min-width: 961px)\" srcset=\"https:\/\/images.philips.com\/is\/image\/philipsconsumer\/0e474d5f8da24f92bb36afb7015714b8?wid=305&amp;hei=173&amp;$jpglarge$, https:\/\/images.philips.com\/is\/image\/philipsconsumer\/0e474d5f8da24f92bb36afb7015714b8?wid=610&amp;hei=346&amp;$jpglarge$ 2x\"\/><source media=\"(min-width: 701px)\" srcset=\"https:\/\/images.philips.com\/is\/image\/philipsconsumer\/0e474d5f8da24f92bb36afb7015714b8?wid=305&amp;hei=173&amp;$jpglarge$, https:\/\/images.philips.com\/is\/image\/philipsconsumer\/0e474d5f8da24f92bb36afb7015714b8?wid=610&amp;hei=346&amp;$jpglarge$ 2x\"\/><source media=\"(min-width: 451px)\" srcset=\"https:\/\/images.philips.com\/is\/image\/philipsconsumer\/0e474d5f8da24f92bb36afb7015714b8?wid=218&amp;hei=122&amp;$jpglarge$, https:\/\/images.philips.com\/is\/image\/philipsconsumer\/0e474d5f8da24f92bb36afb7015714b8?wid=436&amp;hei=244&amp;$jpglarge$ 2x\"\/><source media=\"\" srcset=\"https:\/\/images.philips.com\/is\/image\/philipsconsumer\/0e474d5f8da24f92bb36afb7015714b8?wid=438&amp;hei=245&amp;$jpglarge$, https:\/\/images.philips.com\/is\/image\/philipsconsumer\/0e474d5f8da24f92bb36afb7015714b8?wid=876&amp;hei=490&amp;$jpglarge$ 2x\"\/><img alt=\"Sensation naturelle pour b\u00e9b\u00e9\" class=\"lws-optimize-lazyload\" decoding=\"async\" ><\/picture><\/div>\n<div class=\"p-s12__feature-description p-spacing-bottom-a\">\n<h3 class=\"p-heading-04-large p-heading-bold p-feature-title\">Sensation naturelle pour b\u00e9b\u00e9<\/h3>\n<p class=\"p-body-copy-02\">T\u00e9tine silicone textur\u00e9e con\u00e7ue pour reproduire la sensation du sein de la m\u00e8re.<\/p>\n<\/p><\/div>\n<\/p><\/div>\n<\/p><\/div>\n<div class=\"p-s12__row\">\n<div class=\"p-s12__feature-item p-spacing-bottom-c\">\n<div class=\"p-s12__feature-image p-spacing-bottom-a\"><picture class=\"p-picture p-lazy-handled\"><source media=\"(min-width: 961px)\" srcset=\"https:\/\/images.philips.com\/is\/image\/philipsconsumer\/f66c081daa25447b9f75a83200bb2048?wid=305&amp;hei=173&amp;$jpglarge$, https:\/\/images.philips.com\/is\/image\/philipsconsumer\/f66c081daa25447b9f75a83200bb2048?wid=610&amp;hei=346&amp;$jpglarge$ 2x\"\/><source media=\"(min-width: 701px)\" srcset=\"https:\/\/images.philips.com\/is\/image\/philipsconsumer\/f66c081daa25447b9f75a83200bb2048?wid=305&amp;hei=173&amp;$jpglarge$, https:\/\/images.philips.com\/is\/image\/philipsconsumer\/f66c081daa25447b9f75a83200bb2048?wid=610&amp;hei=346&amp;$jpglarge$ 2x\"\/><source media=\"(min-width: 451px)\" srcset=\"https:\/\/images.philips.com\/is\/image\/philipsconsumer\/f66c081daa25447b9f75a83200bb2048?wid=218&amp;hei=122&amp;$jpglarge$, https:\/\/images.philips.com\/is\/image\/philipsconsumer\/f66c081daa25447b9f75a83200bb2048?wid=436&amp;hei=244&amp;$jpglarge$ 2x\"\/><source media=\"\" srcset=\"https:\/\/images.philips.com\/is\/image\/philipsconsumer\/f66c081daa25447b9f75a83200bb2048?wid=438&amp;hei=245&amp;$jpglarge$, https:\/\/images.philips.com\/is\/image\/philipsconsumer\/f66c081daa25447b9f75a83200bb2048?wid=876&amp;hei=490&amp;$jpglarge$ 2x\"\/><img alt=\"St\u00e9rilise en 3 minutes pour une st\u00e9rilisation pratique \" class=\"lws-optimize-lazyload\" decoding=\"async\" ><\/picture><\/div>\n<div class=\"p-s12__feature-description p-spacing-bottom-a\">\n<h3 class=\"p-heading-04-large p-heading-bold p-feature-title\">St\u00e9rilise en 3 minutes pour une st\u00e9rilisation pratique<\/h3>\n<p class=\"p-body-copy-02\">Le bo\u00eetier de transport fourni avec nos sucettes ultra-douces et ultra air sert \u00e9galement de st\u00e9rilisateur. Il vous suffit de verser un peu d\u2019eau et de le passer au micro-ondes. La propret\u00e9 est assur\u00e9e pour la prochaine utilisation.<\/p>\n<\/p><\/div>\n<\/p><\/div>\n<div class=\"p-s12__feature-item p-spacing-bottom-c\">\n<div class=\"p-s12__feature-image p-spacing-bottom-a\"><picture class=\"p-picture p-lazy-handled\"><source media=\"(min-width: 961px)\" srcset=\"https:\/\/images.philips.com\/is\/image\/philipsconsumer\/745743e35d304c7298cfafc000d2168d?wid=305&amp;hei=173&amp;$jpglarge$, https:\/\/images.philips.com\/is\/image\/philipsconsumer\/745743e35d304c7298cfafc000d2168d?wid=610&amp;hei=346&amp;$jpglarge$ 2x\"\/><source media=\"(min-width: 701px)\" srcset=\"https:\/\/images.philips.com\/is\/image\/philipsconsumer\/745743e35d304c7298cfafc000d2168d?wid=305&amp;hei=173&amp;$jpglarge$, https:\/\/images.philips.com\/is\/image\/philipsconsumer\/745743e35d304c7298cfafc000d2168d?wid=610&amp;hei=346&amp;$jpglarge$ 2x\"\/><source media=\"(min-width: 451px)\" srcset=\"https:\/\/images.philips.com\/is\/image\/philipsconsumer\/745743e35d304c7298cfafc000d2168d?wid=218&amp;hei=122&amp;$jpglarge$, https:\/\/images.philips.com\/is\/image\/philipsconsumer\/745743e35d304c7298cfafc000d2168d?wid=436&amp;hei=244&amp;$jpglarge$ 2x\"\/><source media=\"\" srcset=\"https:\/\/images.philips.com\/is\/image\/philipsconsumer\/745743e35d304c7298cfafc000d2168d?wid=438&amp;hei=245&amp;$jpglarge$, https:\/\/images.philips.com\/is\/image\/philipsconsumer\/745743e35d304c7298cfafc000d2168d?wid=876&amp;hei=490&amp;$jpglarge$ 2x\"\/><img alt=\"Con\u00e7ues et produites aux Pays-Bas\" class=\"lws-optimize-lazyload\" decoding=\"async\" ><\/picture><\/div>\n<div class=\"p-s12__feature-description p-spacing-bottom-a\">\n<h3 class=\"p-heading-04-large p-heading-bold p-feature-title\">Con\u00e7ues et produites aux Pays-Bas<\/h3>\n<p class=\"p-body-copy-02\">Nos sucettes ultra-douces et ultra air sont con\u00e7ues et produites aux Pays-Bas.<\/p>\n<\/p><\/div>\n<\/p><\/div>\n<\/p><\/div>\n<\/p><\/div>\n<\/p><\/div>\n<\/p><\/div>\n<\/p><\/div>\n<\/section><\/div>\n<\/p><\/div>","protected":false},"excerpt":{"rendered":"<p>Highlights:Notre sucette tr\u00e8s douce pour la peau sensible de votre b\u00e9b\u00e9Prenez soin de la peau sensible de b\u00e9b\u00e9 avec la sucette ultra-douce Philips Avent. Sa collerette tr\u00e8s douce* et souple \u00e9pouse les lignes de son visage et r\u00e9duit les marques et irritations sur sa peau.<\/p>","protected":false},"featured_media":7924,"comment_status":"open","ping_status":"closed","template":"","meta":[],"product_cat":[87],"product_tag":[],"yith_product_brand":[120],"class_list":{"0":"post-7894","1":"product","2":"type-product","3":"status-publish","4":"has-post-thumbnail","6":"product_cat-bebe-et-maman","7":"yith_product_brand-avent","9":"first","10":"instock","11":"sale","12":"shipping-taxable","13":"purchasable","14":"product-type-simple"},"_links":{"self":[{"href":"https:\/\/parapharmacieenligne.ma\/en\/wp-json\/wp\/v2\/product\/7894","targetHints":{"allow":["GET"]}}],"collection":[{"href":"https:\/\/parapharmacieenligne.ma\/en\/wp-json\/wp\/v2\/product"}],"about":[{"href":"https:\/\/parapharmacieenligne.ma\/en\/wp-json\/wp\/v2\/types\/product"}],"replies":[{"embeddable":true,"href":"https:\/\/parapharmacieenligne.ma\/en\/wp-json\/wp\/v2\/comments?post=7894"}],"version-history":[{"count":1,"href":"https:\/\/parapharmacieenligne.ma\/en\/wp-json\/wp\/v2\/product\/7894\/revisions"}],"predecessor-version":[{"id":7925,"href":"https:\/\/parapharmacieenligne.ma\/en\/wp-json\/wp\/v2\/product\/7894\/revisions\/7925"}],"wp:featuredmedia":[{"embeddable":true,"href":"https:\/\/parapharmacieenligne.ma\/en\/wp-json\/wp\/v2\/media\/7924"}],"wp:attachment":[{"href":"https:\/\/parapharmacieenligne.ma\/en\/wp-json\/wp\/v2\/media?parent=7894"}],"wp:term":[{"taxonomy":"product_cat","embeddable":true,"href":"https:\/\/parapharmacieenligne.ma\/en\/wp-json\/wp\/v2\/product_cat?post=7894"},{"taxonomy":"product_tag","embeddable":true,"href":"https:\/\/parapharmacieenligne.ma\/en\/wp-json\/wp\/v2\/product_tag?post=7894"},{"taxonomy":"yith_product_brand","embeddable":true,"href":"https:\/\/parapharmacieenligne.ma\/en\/wp-json\/wp\/v2\/yith_product_brand?post=7894"}],"curies":[{"name":"wp","href":"https:\/\/api.w.org\/{rel}","templated":true}]}}